{"id":12765,"date":"2020-12-23T10:20:19","date_gmt":"2020-12-23T07:20:19","guid":{"rendered":"https:\/\/www.garantikompozit.com\/?post_type=product&#038;p=12765"},"modified":"2020-12-28T15:24:10","modified_gmt":"2020-12-28T12:24:10","slug":"balistik-koruyucu-ic-giyim","status":"publish","type":"product","link":"https:\/\/www.garantikompozit.com\/tr\/urun\/balistik-koruyucu-ic-giyim\/","title":{"rendered":"Balistik Koruyucu \u0130\u00e7 Giyim"},"content":{"rendered":"<div>\u0130\u00e7 giyimin tamam\u0131nda 2 gr RCC ye kar\u015f\u0131 V50 de\u011feri > 260 m\/s olup, g\u00fc\u00e7lendirilmi\u015f \u00f6n a\u011f k\u0131sm\u0131nda 17 ge FSP ye kar\u015f\u0131 V50 de\u011feri > 240 m\/s dir. <\/div>\n<p><\/p>\n<div class=\"fl w87 ml30 argePageTitle fl mt20\">\u00dcr\u00fcn \u00d6zellikleri<\/div>\n<p><\/p>\n<table>\n<tr>\n<td><strong>Koruma Seviyeleri<\/strong><\/td>\n<td><strong>STANAG 2920 min V50 m\/s 2 gr RCC<\/strong><\/td>\n<td><strong>STANAG 2920 min V50 m\/s 17 gr FSP<\/strong><\/td>\n<td><strong>ISO 13997 Seviye<\/strong><\/td>\n<td><strong>ISO 13997 Kuvvet N<\/strong><\/td>\n<td><strong>DIN 388 Seviye<\/strong><\/td>\n<\/tr>\n<tr>\n<td>G\u00f6vde<\/td>\n<td>260<\/td>\n<td>180<\/td>\n<td>A<\/td>\n<td>3,4<\/td>\n<td>2<\/td>\n<\/tr>\n<tr>\n<td>Kas\u0131k<\/td>\n<td>290<\/td>\n<td>235<\/td>\n<td>B<\/td>\n<td>6,4<\/td>\n<td>2<\/td>\n<\/tr>\n<\/table>\n","protected":false},"excerpt":{"rendered":"<p>\u0130\u00e7 giyimin tamam\u0131nda 2 gr RCC ye kar\u015f\u0131 V50 de\u011feri > 260 m\/s olup, g\u00fc\u00e7lendirilmi\u015f \u00f6n a\u011f k\u0131sm\u0131nda 17 ge FSP ye kar\u015f\u0131 V50 de\u011feri > 240 m\/s dir. \u00dcr\u00fcn \u00d6zellikleri Koruma Seviyeleri STANAG 2920 min V50 m\/s 2 gr RCC STANAG 2920 min V50 m\/s 17 gr FSP ISO 13997 Seviye ISO 13997 Kuvvet [&hellip;]<\/p>\n","protected":false},"featured_media":12785,"template":"","meta":[],"class_list":["post-12765","product","type-product","status-publish","has-post-thumbnail","hentry","product_cat-balistik-korucuyucu-ic-dis"],"_links":{"self":[{"href":"https:\/\/www.garantikompozit.com\/tr\/wp-json\/wp\/v2\/product\/12765","targetHints":{"allow":["GET"]}}],"collection":[{"href":"https:\/\/www.garantikompozit.com\/tr\/wp-json\/wp\/v2\/product"}],"about":[{"href":"https:\/\/www.garantikompozit.com\/tr\/wp-json\/wp\/v2\/types\/product"}],"wp:featuredmedia":[{"embeddable":true,"href":"https:\/\/www.garantikompozit.com\/tr\/wp-json\/wp\/v2\/media\/12785"}],"wp:attachment":[{"href":"https:\/\/www.garantikompozit.com\/tr\/wp-json\/wp\/v2\/media?parent=12765"}],"curies":[{"name":"wp","href":"https:\/\/api.w.org\/{rel}","templated":true}]}}