{"id":12758,"date":"2020-12-23T10:10:39","date_gmt":"2020-12-23T07:10:39","guid":{"rendered":"https:\/\/www.garantikompozit.com\/?post_type=product&#038;p=12758"},"modified":"2020-12-28T15:24:01","modified_gmt":"2020-12-28T12:24:01","slug":"balistil-koruyucu-iclik-takim-boyunluk","status":"publish","type":"product","link":"https:\/\/www.garantikompozit.com\/tr\/urun\/balistil-koruyucu-iclik-takim-boyunluk\/","title":{"rendered":"Balistik Koruyucu \u0130\u00e7lik Tak\u0131m &#038; Boyunluk"},"content":{"rendered":"<div><strong>\u0130\u00e7lik Tak\u0131m <\/strong>: \u0130\u00e7 giyimin tamam\u0131nda 2 gr RCC ye kar\u015f\u0131 V50 de\u011feri > 260 m\/s olup \u00f6n a\u011f k\u0131sm\u0131nda 2 gr RCC ye kar\u015f\u0131 V50 de\u011feri > 300 m\/s dir.<br \/>\n<br \/>\n<strong>Boyunluk<\/strong> : \u00dcr\u00fcn\u00fcn tamam\u0131nda 2 gr RCC ye kar\u015f\u0131 V50 de\u011feri > 300 m\/s olup yaka i\u00e7 k\u0131sm\u0131na seyyar olarak koyulabilen g\u00fc\u00e7lendirici kuma\u015f sayesinde 17 gr FSP ye kar\u015f\u0131 V50 de\u011feri > 300 m\/s ye y\u00fckseltilmektedir.\n<\/div>\n<p><\/p>\n<div class=\"fl w87 ml30 argePageTitle fl mt20\">\u00dcr\u00fcn \u00d6zellikleri<\/div>\n<p><\/p>\n<div class=\"fl w87 ml30 argePageTitle fl mt20\"><strong>Boyunluk<\/strong><\/div>\n<table>\n<tr>\n<td><strong>Koruma Seviyeleri<\/strong><\/td>\n<td><strong>STANAG 2920 min V50 m\/s 2 gr RCC<\/strong><\/td>\n<td><strong>STANAG 2920 min V50 m\/s 17 gr FSP<\/strong><\/td>\n<td><strong>ISO 13997 Seviye<\/strong><\/td>\n<td><strong>ISO 13997 Kuvvet N<\/strong><\/td>\n<td><strong>DIN 388 Seviye<\/strong><\/td>\n<\/tr>\n<tr>\n<td>G\u00f6vde<\/td>\n<td>290<\/td>\n<td>235<\/td>\n<td>B<\/td>\n<td>6,4<\/td>\n<td>2<\/td>\n<\/tr>\n<tr>\n<td>Yaka<\/td>\n<td>380<\/td>\n<td>315<\/td>\n<td>D<\/td>\n<td>15,6<\/td>\n<td>4<\/td>\n<\/tr>\n<\/table>\n<p><\/p>\n<div class=\"fl w87 ml30 argePageTitle fl mt20\"><strong>Uzun kollu i\u00e7 giyim \u00fcst<\/strong><\/div>\n<table>\n<tr>\n<td><strong>Koruma Seviyeleri<\/strong><\/td>\n<td><strong>STANAG 2920 min V50 m\/s 2 gr RCC<\/strong><\/td>\n<td><strong>STANAG 2920 min V50 m\/s 17 gr FSP<\/strong><\/td>\n<td><strong>ISO 13997 Seviye<\/strong><\/td>\n<td><strong>ISO 13997 Kuvvet N<\/strong><\/td>\n<td><strong>DIN 388 Seviye<\/strong><\/td>\n<\/tr>\n<tr>\n<td>G\u00f6vde ve Kollar<\/td>\n<td>260<\/td>\n<td>180<\/td>\n<td>A<\/td>\n<td>3,4<\/td>\n<td>2<\/td>\n<\/tr>\n<tr>\n<td>Yaka<\/td>\n<td>290<\/td>\n<td>235<\/td>\n<td>B<\/td>\n<td>6,4<\/td>\n<td>2<\/td>\n<\/tr>\n<\/table>\n<p><\/p>\n<div class=\"fl w87 ml30 argePageTitle fl mt20\"><strong>Uzun i\u00e7 giyim alt <\/strong><\/div>\n<table>\n<tr>\n<td><strong>Koruma Seviyeleri<\/strong><\/td>\n<td><strong>STANAG 2920 min V50 m\/s 2 gr RCC<\/strong><\/td>\n<td><strong>STANAG 2920 min V50 m\/s 17 gr FSP<\/strong><\/td>\n<td><strong>ISO 13997 Seviye<\/strong><\/td>\n<td><strong>ISO 13997 Kuvvet N<\/strong><\/td>\n<td><strong>DIN 388 Seviye<\/strong><\/td>\n<\/tr>\n<tr>\n<td>G\u00f6vde<\/td>\n<td>260<\/td>\n<td>180<\/td>\n<td>A<\/td>\n<td>3,4<\/td>\n<td>2<\/td>\n<\/tr>\n<tr>\n<td>Kas\u0131k<\/td>\n<td>290<\/td>\n<td>235<\/td>\n<td>B<\/td>\n<td>6,4<\/td>\n<td>2<\/td>\n<\/tr>\n<\/table>\n","protected":false},"excerpt":{"rendered":"<p>\u0130\u00e7lik Tak\u0131m : \u0130\u00e7 giyimin tamam\u0131nda 2 gr RCC ye kar\u015f\u0131 V50 de\u011feri > 260 m\/s olup \u00f6n a\u011f k\u0131sm\u0131nda 2 gr RCC ye kar\u015f\u0131 V50 de\u011feri > 300 m\/s dir. Boyunluk : \u00dcr\u00fcn\u00fcn tamam\u0131nda 2 gr RCC ye kar\u015f\u0131 V50 de\u011feri > 300 m\/s olup yaka i\u00e7 k\u0131sm\u0131na seyyar olarak koyulabilen g\u00fc\u00e7lendirici kuma\u015f sayesinde [&hellip;]<\/p>\n","protected":false},"featured_media":12787,"template":"","meta":[],"class_list":["post-12758","product","type-product","status-publish","has-post-thumbnail","hentry","product_cat-balistik-korucuyucu-ic-dis"],"_links":{"self":[{"href":"https:\/\/www.garantikompozit.com\/tr\/wp-json\/wp\/v2\/product\/12758","targetHints":{"allow":["GET"]}}],"collection":[{"href":"https:\/\/www.garantikompozit.com\/tr\/wp-json\/wp\/v2\/product"}],"about":[{"href":"https:\/\/www.garantikompozit.com\/tr\/wp-json\/wp\/v2\/types\/product"}],"wp:featuredmedia":[{"embeddable":true,"href":"https:\/\/www.garantikompozit.com\/tr\/wp-json\/wp\/v2\/media\/12787"}],"wp:attachment":[{"href":"https:\/\/www.garantikompozit.com\/tr\/wp-json\/wp\/v2\/media?parent=12758"}],"curies":[{"name":"wp","href":"https:\/\/api.w.org\/{rel}","templated":true}]}}