{"id":12753,"date":"2020-12-23T10:00:12","date_gmt":"2020-12-23T07:00:12","guid":{"rendered":"https:\/\/www.garantikompozit.com\/?post_type=product&#038;p=12753"},"modified":"2020-12-28T15:23:49","modified_gmt":"2020-12-28T12:23:49","slug":"balistik-koruyucu-combat-tisort","status":"publish","type":"product","link":"https:\/\/www.garantikompozit.com\/tr\/urun\/balistik-koruyucu-combat-tisort\/","title":{"rendered":"Balistik Koruyucu Combat Ti\u015f\u00f6rt"},"content":{"rendered":"<div>G\u00f6vdesinde 2 gr RCC ye kar\u015f\u0131 V50 de\u011feri > 260 m\/s, yaka k\u0131sm\u0131nda 17 gr FSP ye kar\u015f\u0131 V50 de\u011feri > 240 m\/s olup kollar\u0131nda ise 17 gr FSP ye kar\u015f\u0131 V50 de\u011feri > 250 m\/s dir.<\/div>\n<div class=\"fl w87 ml30 argePageTitle fl mt20\">\u00dcr\u00fcn \u00d6zellikleri<\/div>\n<p><\/p>\n<table>\n<tr>\n<td><strong>Koruma Seviyeleri<\/strong><\/td>\n<td><strong>STANAG 2920 min V50 m\/s 2 gr RCC<\/strong><\/td>\n<td><strong>STANAG 2920 min V50 m\/s 17 gr FSP<\/strong><\/td>\n<td><strong>ISO 13997 Seviye<\/strong><\/td>\n<td><strong>ISO 13997 Kuvvet N<\/strong><\/td>\n<td><strong>DIN 388 Seviye<\/strong><\/td>\n<\/tr>\n<tr>\n<td>G\u00f6vde<\/td>\n<td>260<\/td>\n<td>180<\/td>\n<td>A<\/td>\n<td>3,4<\/td>\n<td>2<\/td>\n<\/tr>\n<tr>\n<td>Yaka<\/td>\n<td>370<\/td>\n<td>320<\/td>\n<td>C<\/td>\n<td>10,8<\/td>\n<td>3-4<\/td>\n<\/tr>\n<tr>\n<td>Kollar<\/td>\n<td>300<\/td>\n<td>310<\/td>\n<td>B<\/td>\n<td>10,5<\/td>\n<td>3-4<\/td>\n<\/tr>\n<\/table>\n","protected":false},"excerpt":{"rendered":"<p>G\u00f6vdesinde 2 gr RCC ye kar\u015f\u0131 V50 de\u011feri > 260 m\/s, yaka k\u0131sm\u0131nda 17 gr FSP ye kar\u015f\u0131 V50 de\u011feri > 240 m\/s olup kollar\u0131nda ise 17 gr FSP ye kar\u015f\u0131 V50 de\u011feri > 250 m\/s dir. \u00dcr\u00fcn \u00d6zellikleri Koruma Seviyeleri STANAG 2920 min V50 m\/s 2 gr RCC STANAG 2920 min V50 m\/s 17 [&hellip;]<\/p>\n","protected":false},"featured_media":12795,"template":"","meta":[],"class_list":["post-12753","product","type-product","status-publish","has-post-thumbnail","hentry","product_cat-balistik-korucuyucu-ic-dis"],"_links":{"self":[{"href":"https:\/\/www.garantikompozit.com\/tr\/wp-json\/wp\/v2\/product\/12753","targetHints":{"allow":["GET"]}}],"collection":[{"href":"https:\/\/www.garantikompozit.com\/tr\/wp-json\/wp\/v2\/product"}],"about":[{"href":"https:\/\/www.garantikompozit.com\/tr\/wp-json\/wp\/v2\/types\/product"}],"wp:featuredmedia":[{"embeddable":true,"href":"https:\/\/www.garantikompozit.com\/tr\/wp-json\/wp\/v2\/media\/12795"}],"wp:attachment":[{"href":"https:\/\/www.garantikompozit.com\/tr\/wp-json\/wp\/v2\/media?parent=12753"}],"curies":[{"name":"wp","href":"https:\/\/api.w.org\/{rel}","templated":true}]}}