{"id":12742,"date":"2020-12-22T14:00:21","date_gmt":"2020-12-22T11:00:21","guid":{"rendered":"https:\/\/www.garantikompozit.com\/?post_type=product&#038;p=12742"},"modified":"2021-03-11T16:38:20","modified_gmt":"2021-03-11T13:38:20","slug":"askeri-taktik-yelek-2","status":"publish","type":"product","link":"https:\/\/www.garantikompozit.com\/tr\/urun\/askeri-taktik-yelek-2\/","title":{"rendered":"Askeri Taktik Yelek"},"content":{"rendered":"<div>Temel bir taktik balistik koruyucu yelek olarak tasarlanm\u0131\u015f bu \u00fcr\u00fcn \u00fcst v\u00fccut korumas\u0131na ilaveten, kas\u0131k koruma paneline de sahiptir. Hafiflik \u00f6n planda tutulmu\u015ftur.<\/div>\n<div class=\"fl w87 ml30 argePageTitle fl mt20\">\u00dcr\u00fcn \u00d6zellikleri<\/div>\n<div class=\"fl w100 productKeyFeatures\">\n<div class=\"fl w87 productKeyFeatureWrapper\">\n<ul>\n<li>NIJ0101.04 Seviye IIIA koruma seviyesinde 3 farkl\u0131 beden olarak \u00fcretilmektedir.<\/li>\n<li>\u0130lave olarak kas\u0131k b\u00f6lgesinde balistik koruma sa\u011flamaktad\u0131r.<\/li>\n<li>\u00d6n ve arkada balistik koruyucu plaka cepleri mevcuttur.<\/li>\n<li>Bedenlere g\u00f6re koruma alanlar\u0131 ve balistik yelek a\u011f\u0131rl\u0131klar\u0131 a\u015fa\u011f\u0131daki gibidir;<\/li>\n<\/ul>\n<table border=\"0\" width=\"558\" cellspacing=\"0\" cellpadding=\"0\">\n<colgroup>\n<col \/>\n<col span=\"2\" \/><\/colgroup>\n<tbody>\n<tr>\n<td height=\"15\"><strong>Beden<\/strong><\/td>\n<td><strong>Toplam Koruma Alan\u0131 (dm2)<\/strong><\/td>\n<td><strong>Toplam Balistik Paket A\u011f\u0131rl\u0131\u011f\u0131 (gr)<\/strong><\/td>\n<\/tr>\n<tr>\n<td height=\"20\"><strong>M<\/strong><\/td>\n<td>32.0<\/td>\n<td>1985<\/td>\n<\/tr>\n<tr>\n<td height=\"20\"><strong>L<\/strong><\/td>\n<td>34.5<\/td>\n<td>2105<\/td>\n<\/tr>\n<tr>\n<td height=\"20\"><strong>XL<\/strong><\/td>\n<td>37.0<\/td>\n<td>2250<\/td>\n<\/tr>\n<tr>\n<td height=\"20\"><strong>XXL<\/strong><\/td>\n<td>40.0<\/td>\n<td>2455<\/td>\n<\/tr>\n<\/tbody>\n<\/table>\n<\/div>\n<\/div>\n","protected":false},"excerpt":{"rendered":"<p>Temel bir taktik balistik koruyucu yelek olarak tasarlanm\u0131\u015f bu \u00fcr\u00fcn \u00fcst v\u00fccut korumas\u0131na ilaveten, kas\u0131k koruma paneline de sahiptir. Hafiflik \u00f6n planda tutulmu\u015ftur.<\/p>\n","protected":false},"featured_media":13017,"template":"","meta":[],"class_list":["post-12742","product","type-product","status-publish","has-post-thumbnail","hentry","product_cat-balistik-koruyucu-sistemler","product_cat-balistik-koruyucu-yelekler","product_cat-taktik-balistik-koruyucu-yelekler"],"_links":{"self":[{"href":"https:\/\/www.garantikompozit.com\/tr\/wp-json\/wp\/v2\/product\/12742","targetHints":{"allow":["GET"]}}],"collection":[{"href":"https:\/\/www.garantikompozit.com\/tr\/wp-json\/wp\/v2\/product"}],"about":[{"href":"https:\/\/www.garantikompozit.com\/tr\/wp-json\/wp\/v2\/types\/product"}],"wp:featuredmedia":[{"embeddable":true,"href":"https:\/\/www.garantikompozit.com\/tr\/wp-json\/wp\/v2\/media\/13017"}],"wp:attachment":[{"href":"https:\/\/www.garantikompozit.com\/tr\/wp-json\/wp\/v2\/media?parent=12742"}],"curies":[{"name":"wp","href":"https:\/\/api.w.org\/{rel}","templated":true}]}}