{"id":12444,"date":"2023-11-13T00:49:03","date_gmt":"2023-11-12T21:49:03","guid":{"rendered":"https:\/\/www.garantikompozit.com\/?post_type=product&#038;p=12444"},"modified":"2023-11-13T00:50:32","modified_gmt":"2023-11-12T21:50:32","slug":"hava-tasitlarinda-guvenlik-konfor-hafif-ergonomik-uygar-kaski","status":"publish","type":"product","link":"https:\/\/www.garantikompozit.com\/tr\/urun\/hava-tasitlarinda-guvenlik-konfor-hafif-ergonomik-uygar-kaski\/","title":{"rendered":"D\u00f6ner Kanatl\u0131 Hava Ara\u00e7lar\u0131 Pilot ve M\u00fcrettebat Kask\u0131 \u2013 UYGAR"},"content":{"rendered":"<p><strong>D\u00f6ner Kanatl\u0131 Hava Ara\u00e7lar\u0131 Pilot ve M\u00fcrettebat Kask\u0131 \u2013 UYGAR<\/strong><\/p>\n<p>Ticari ve askeri operasyonlarda kullan\u0131m amac\u0131yla yap\u0131lm\u0131\u015f \u00e7ok y\u00f6nl\u00fc kask sistemi olan UYGAR d\u00f6ner kanatl\u0131 ve f\u0131rlatma koltu\u011fu olmayan sabit kanatl\u0131 u\u00e7aklarda hava m\u00fcrettebat\u0131 taraf\u0131ndan kullan\u0131lmak \u00fczere tasarlanm\u0131\u015ft\u0131r.<\/p>\n<p>Kullan\u0131m kolayl\u0131\u011f\u0131, ergonomisi ve ekstra hafif konstr\u00fcksiyonu ile hava m\u00fcrettebat\u0131na \u00f6zellikle uzun s\u00fcreli operasyonlarda sa\u011flad\u0131\u011f\u0131 konfor ve g\u00fcvenlik ile bir\u00e7ok uygulama alan\u0131nda kullan\u0131labilen <strong>UYGAR<\/strong>, pilot gece g\u00f6r\u00fc\u015f g\u00f6zl\u00fc\u011f\u00fc ile kullan\u0131lmak \u00fczere optimize edilmi\u015ftir.<\/p>\n<p>\u00dcst\u00fcn ki\u015fiselle\u015ftirme se\u00e7enekleri, aksesuarlar\u0131 ile UYGAR, ekstra hafif konstr\u00fcksiyonuna ra\u011fmen darbelere kar\u015f\u0131 \u00fcst\u00fcn koruma sa\u011flamak \u00fczere tasarlanm\u0131\u015f olup, ergonomisi ve kolay ayarlanabilir kullan\u0131m\u0131 ile uzun s\u00fcre konforlu bir kullan\u0131c\u0131 deneyimi ya\u015fatmaktad\u0131r.<\/p>\n<p><strong>Opsiyonlar ve Aksesuarlar<\/strong><\/p>\n<ul>\n<li>Kabuk Rengi<\/li>\n<li>Viz\u00f6r &#8211; Tek\/ \u00c7ift\/ Lazer Korumal\u0131<\/li>\n<li>Viz\u00f6r Koruyucu<\/li>\n<li>Pasif\/ Aktif Ses Azaltma<\/li>\n<li>Kablo ve Giri\u015f Se\u00e7enekleri<\/li>\n<li>Mikrofonlar<\/li>\n<li>Yans\u0131t\u0131c\u0131 Bant<\/li>\n<li>Global pazarda bulunan aksesuarlar<\/li>\n<\/ul>\n<table>\n<thead>\n<tr>\n<th>Viz\u00f6r Koruyucular\u0131<\/th>\n<th>Viz\u00f6rler<\/th>\n<th>Kulakl\u0131k<\/th>\n<th>Kablo<\/th>\n<th>Giri\u015f Se\u00e7enekleri<\/th>\n<th>Mikrofon<\/th>\n<\/tr>\n<\/thead>\n<tbody>\n<tr>\n<td>Orta Sertlikte<\/td>\n<td>Renksiz &amp; Renkli<\/td>\n<td>Pasif 150 Ohm<\/td>\n<td>Sarmal (1M)<\/td>\n<td>UK NATO<\/td>\n<td>M7\/DC<\/td>\n<\/tr>\n<tr>\n<td>Sert (Gece G\u00f6r\u00fc\u015f G\u00f6zl\u00fc\u011f\u00fc)<\/td>\n<td>Sar\u0131 &amp; Renkli<\/td>\n<td>Pasif 600 Ohm<\/td>\n<td>D\u00fcz (1M)<\/td>\n<td>U174<\/td>\n<td>M87<\/td>\n<\/tr>\n<tr>\n<td>Kadifemsi<\/td>\n<td>&#8211;<\/td>\n<td>Aktif Ses Azaltma<\/td>\n<td>&#8211;<\/td>\n<td>\u0130kiz Fi\u015f<\/td>\n<td>Su Ge\u00e7irmez<\/td>\n<\/tr>\n<tr>\n<td>&#8211;<\/td>\n<td>&#8211;<\/td>\n<td>Su Ge\u00e7irmez<\/td>\n<td>&#8211;<\/td>\n<td>6 Pin Lema<\/td>\n<td>&#8211;<\/td>\n<\/tr>\n<tr>\n<td>&#8211;<\/td>\n<td>&#8211;<\/td>\n<td>&#8211;<\/td>\n<td>&#8211;<\/td>\n<td>8 Pin Lema<\/td>\n<td>&#8211;<\/td>\n<\/tr>\n<\/tbody>\n<\/table>\n","protected":false},"excerpt":{"rendered":"<p><strong>Hafif Ama Dayan\u0131kl\u0131<\/strong><\/p>\n<ul>\n<li>A\u015f\u0131r\u0131 hafif konstr\u00fcksiyon<\/li>\n<li>Darbe ve delmeye kar\u015f\u0131 koruma<\/li>\n<li>G\u00fc\u00e7l\u00fc epoksi re\u00e7ine, aramid ve karbon fiber kabuk<\/li>\n<\/ul>\n<p><strong>Kolay Ayarlama<\/strong><\/p>\n<ul>\n<li>M\u00fckemmel uyum i\u00e7in Kulak kaps\u00fcllerinin, ense kay\u0131\u015f\u0131n\u0131n ,mi\u011ffer kay\u0131\u015f\u0131n\u0131n h\u0131zl\u0131 ve basit ayarlanabilirli\u011fi<\/li>\n<\/ul>\n<p><strong>Uzun S\u00fcreli Konfor<\/strong><\/p>\n<ul>\n<li>M\u00fckemmel pasif ses azaltma teknolojisi<\/li>\n<li>Nem olu\u015fumunu engelleyen geli\u015fmi\u015f tavan d\u00f6\u015feme sistemi Hijyenik yap\u0131<\/li>\n<li>Termal \u0131s\u0131 gerilimini azaltmaya yard\u0131mc\u0131<\/li>\n<li>Opsiyonlu Aktif Ses Azaltma<\/li>\n<\/ul>\n<p><strong>Uygulama Alanlar\u0131<\/strong><\/p>\n<ul>\n<li>Hava Kuvvetleri<\/li>\n<li>Ticari G\u00f6revler<\/li>\n<li>Sahil G\u00fcvenlik ve Arama Kurtarma Hava Ambulans\u0131<\/li>\n<li>\u0130tfaiye<\/li>\n<li>G\u00f6steri U\u00e7u\u015flar\u0131<\/li>\n<li>Mahsul \u0130la\u00e7lama ve Ormanc\u0131l\u0131k<\/li>\n<\/ul>\n<p><strong>Y\u00fcksek Ki\u015fiselle\u015ftirme Se\u00e7enekleri<\/strong><\/p>\n<ul>\n<li>Standart UYGAR kask\u0131 farkl\u0131 konfig\u00fcrasyonlarla kullan\u0131c\u0131n\u0131n ihtiya\u00e7lar\u0131n\u0131 kar\u015f\u0131lamaktad\u0131r<\/li>\n<li>3 kabuk \u00f6l\u00e7\u00fcs\u00fc<\/li>\n<li>Tek veya \u00e7ift viz\u00f6r se\u00e7ene\u011fi (renksiz, renkli, sar\u0131 ve lazer koruma)<\/li>\n<li>Opsiyonlu Aktif Ses Azaltma<\/li>\n<li>\u00c7e\u015fitli ba\u011flant\u0131 soketleri, yan konekt\u00f6r, mikrofon, empedans se\u00e7enekleri<\/li>\n<li>Kabuk renk ve y\u00fczey i\u015flem se\u00e7enekleri<\/li>\n<li>Viz\u00f6r koruyucu, yans\u0131t\u0131c\u0131 bant se\u00e7enekleri ve daha fazlas\u0131<\/li>\n<\/ul>\n","protected":false},"featured_media":14621,"template":"","meta":[],"class_list":["post-12444","product","type-product","status-publish","has-post-thumbnail","hentry","product_cat-murettebat-kaski","product_tag-ach-full-cut"],"_links":{"self":[{"href":"https:\/\/www.garantikompozit.com\/tr\/wp-json\/wp\/v2\/product\/12444","targetHints":{"allow":["GET"]}}],"collection":[{"href":"https:\/\/www.garantikompozit.com\/tr\/wp-json\/wp\/v2\/product"}],"about":[{"href":"https:\/\/www.garantikompozit.com\/tr\/wp-json\/wp\/v2\/types\/product"}],"wp:featuredmedia":[{"embeddable":true,"href":"https:\/\/www.garantikompozit.com\/tr\/wp-json\/wp\/v2\/media\/14621"}],"wp:attachment":[{"href":"https:\/\/www.garantikompozit.com\/tr\/wp-json\/wp\/v2\/media?parent=12444"}],"curies":[{"name":"wp","href":"https:\/\/api.w.org\/{rel}","templated":true}]}}