{"id":12388,"date":"2020-03-24T17:22:13","date_gmt":"2020-03-24T14:22:13","guid":{"rendered":"https:\/\/www.garantikompozit.com\/?post_type=product&#038;p=12388"},"modified":"2021-04-15T12:38:28","modified_gmt":"2021-04-15T09:38:28","slug":"balistik-olmayan-darbeden-koruyucu-kask-2","status":"publish","type":"product","link":"https:\/\/www.garantikompozit.com\/tr\/urun\/balistik-olmayan-darbeden-koruyucu-kask-2\/","title":{"rendered":"Darbeden Koruyucu Kask"},"content":{"rendered":"<p>\u2022 \u00c7ok hafif olan kask kabu\u011fu son derece sert \u00f6zellikte bir re\u00e7ine emdirilmi\u015f cam elyaf\u0131ndan \u00fcretilmi\u015ftir.<br \/>\n\u2022 Darbeye kar\u015f\u0131 \u00fcst\u00fcn koruma sa\u011flar.<br \/>\n\u2022 Kulak k\u0131sm\u0131ndaki y\u00fcksek kesim geometrisi muhtelif kulakl\u0131lar ve benzeri haberle\u015fme cihazlar\u0131n\u0131n rahatl\u0131kla kullan\u0131lmas\u0131na olanak verir.<br \/>\n\u2022 Kask kabu\u011fu su ve hava trafi\u011fine imkan verecek \u015fekilde delikli veya deliksiz olarak \u00fcretilebilmektedir.<br \/>\n\u2022 Aksesuar ta\u015f\u0131y\u0131c\u0131 yan raylar ve GGG montaj yuvas\u0131 fener, GGG, kamera ve benzeri bir \u00e7ok aksesuar i\u00e7in platform vazifesi g\u00f6r\u00fcr.<br \/>\n\u2022 Mod\u00fcler ve hareket ettirilebilir yap\u0131da tasarlanm\u0131\u015f darbe emici i\u00e7lik sistemi azami seviyede darbe korumas\u0131 ve kullan\u0131m konforu sa\u011flar.<br \/>\n<strong>EN 1385 standard\u0131nda istenen darbe emme \u00f6zelliklerini kar\u015f\u0131lamaktad\u0131r.<\/strong><br \/>\n\u2022 Geni\u015fletilmi\u015f polipropilen (EPP) yap\u0131lardan olu\u015fan darbe emici i\u00e7lik sistemi \u00fczerindeki konfor yast\u0131klar\u0131 tekstil fermuar\u0131 ile sabitlenmi\u015f olup<br \/>\nkirlenmesi halinde kolayl\u0131kla de\u011fi\u015ftirilebilmektedir.<br \/>\n\u2022 4 noktadan ba\u011flant\u0131l\u0131, \u00e7evirmeli ayarlanabilir ense destekli \u00e7ene kay\u0131\u015f sistemi rahat kullan\u0131m\u0131 sa\u011flamaktad\u0131r.<br \/>\n\u2022 Kask \u00fczerine tak\u0131labilecek aksesuarlar i\u00e7in d\u0131\u015f y\u00fczeye yumu\u015fak tekstil fermuarlar\u0131 yerle\u015ftirilmi\u015ftir.<br \/>\n\u2022 Arama-kurtarma ekiplerinin operasyon personelini, kara deniz ve hava ara\u00e7lar\u0131nda ara\u00e7 i\u00e7i personeli, a\u00e7\u0131k hava sporlar\u0131nda kullan\u0131c\u0131y\u0131<br \/>\ndarbelere kar\u015f\u0131 korur<br \/>\n\u2022 Balistik olmayan kasklar, balistik koruma sa\u011flayan kasklardaki ayn\u0131 aksesuar ta\u015f\u0131y\u0131c\u0131 unsurlara sahip oldu\u011fu i\u00e7in balistik koruyucu kask<br \/>\nkullanacak personele e\u011fitim ama\u00e7l\u0131 olarak da kulland\u0131r\u0131labilir.<\/p>\n","protected":false},"excerpt":{"rendered":"<p><strong>\u2022 \u00d6l\u00e7\u00fcler:<\/strong>\u00a0M\/L\/XL\/XXL<br \/>\n<strong>\u2022 Malzeme:<\/strong>\u00a0Cam Elyaf<br \/>\n<strong>\u2022 Ba\u015f \u00c7evresi:<\/strong>\u00a054-56 \/ 57-59 \/ 60-61 \/62 +<br \/>\n<strong>\u2022 Performans Standard\u0131: EN 1385<\/strong><br \/>\n<strong>\u2022 \u00c7ene Kay\u0131\u015f Sistemi:<\/strong>\u00a04 noktadan ba\u011flant\u0131l\u0131, \u00e7evirmeli ayarlanabilir ense destekli<br \/>\n<strong>\u2022 Gece g\u00f6r\u00fc\u015f cihaz\u0131 monte hamili:<\/strong> 3 delikli model<br \/>\n<strong>\u2022 Aksesuar ta\u015f\u0131y\u0131c\u0131 yan raylar:<\/strong> \u00dcniversal<br \/>\n<strong>\u2022 Renk alternatifleri:<\/strong> Haki, tan, siyah<br \/>\n<strong>\u2022 Y\u00fczey alanlar\u0131 +\/-5 cm\u00b2:<\/strong> 980 \/ 1025 \/ 1185 \/ 1245<br \/>\n<strong>\u2022 Kask a\u011f\u0131rl\u0131klar\u0131 (+\/-50 gr) *:<\/strong> 950 \/ 1050 \/ 1100 \/ 1120<br \/>\n<strong>\u2022 Ta\u015f\u0131ma \u00e7antas\u0131 ve toz torbas\u0131:<\/strong> Mevcut<br \/>\n<strong>\u2022 Ba\u015fl\u0131k ile kullan\u0131labilecek aksesuarlar:<\/strong> Picatinny adapt\u00f6r, wing loc adapt\u00f6r, IR bant, IR fla\u015f\u00f6r, IR ayd\u0131nlatma, GGG adapt\u00f6r\u00fc, a\u011f\u0131rl\u0131k dengeleyici, kulakl\u0131k aparat\u0131, kulakl\u0131k, kulakl\u0131k adapt\u00f6r\u00fc ve telsiz\/telefon ba\u011flant\u0131 kablolar\u0131.<\/p>\n<p><em><strong>* A\u011f\u0131rl\u0131klara boyanm\u0131\u015f kask, darbe emici pad sistemi, \u00e7ene kay\u0131\u015f sistemi, gece g\u00f6r\u00fc\u015f cihaz\u0131 monte hamili ve aksesuar ta\u015f\u0131y\u0131c\u0131 yan raylar dahildir.<\/strong><\/em><\/p>\n","protected":false},"featured_media":14609,"template":"","meta":[],"class_list":["post-12388","product","type-product","status-publish","has-post-thumbnail","hentry","product_cat-karbon-cam-elyaf-basliklar","product_tag-ach-full-cut"],"_links":{"self":[{"href":"https:\/\/www.garantikompozit.com\/tr\/wp-json\/wp\/v2\/product\/12388","targetHints":{"allow":["GET"]}}],"collection":[{"href":"https:\/\/www.garantikompozit.com\/tr\/wp-json\/wp\/v2\/product"}],"about":[{"href":"https:\/\/www.garantikompozit.com\/tr\/wp-json\/wp\/v2\/types\/product"}],"wp:featuredmedia":[{"embeddable":true,"href":"https:\/\/www.garantikompozit.com\/tr\/wp-json\/wp\/v2\/media\/14609"}],"wp:attachment":[{"href":"https:\/\/www.garantikompozit.com\/tr\/wp-json\/wp\/v2\/media?parent=12388"}],"curies":[{"name":"wp","href":"https:\/\/api.w.org\/{rel}","templated":true}]}}