{"id":12047,"date":"2020-12-28T11:25:33","date_gmt":"2020-12-28T08:25:33","guid":{"rendered":"https:\/\/www.garantikompozit.com\/?post_type=product&#038;p=12047"},"modified":"2021-04-15T13:04:13","modified_gmt":"2021-04-15T10:04:13","slug":"balistik-koruyucu-sert-cenelik-high-cut-balistik-koruyucu-basliklar-icin","status":"publish","type":"product","link":"https:\/\/www.garantikompozit.com\/tr\/urun\/balistik-koruyucu-sert-cenelik-high-cut-balistik-koruyucu-basliklar-icin\/","title":{"rendered":"Balistik Koruyucu Sert \u00c7enelik<br>High-Cut Balistik Koruyucu Ba\u015fl\u0131klar \u0130\u00e7in"},"content":{"rendered":"<ul>\n<li>\u00c7enelik, y\u00fcz\u00fcn alt k\u0131sm\u0131n\u0131 balistik tehditlere ve \u015farapnel par\u00e7alar\u0131na kar\u015f\u0131 belirli bir seviyeye kadar korumak i\u00e7in tasarlanm\u0131\u015f ve \u00fcretilmi\u015ftir.<\/li>\n<li>Kolay ve \u00e7abuk bir \u015fekilde balistik koruyucu ba\u015fl\u0131\u011f\u0131n yan raylar\u0131na tak\u0131l\u0131p, \u00e7\u0131kar\u0131labilir.<\/li>\n<li>\u00c7eneli\u011fin \u00f6n k\u0131sm\u0131ndaki havaland\u0131rma delikleri viz\u00f6r ile kullan\u0131mda viz\u00f6r\u00fcn bu\u011fulanmas\u0131n\u0131 \u00f6nler.<\/li>\n<\/ul>\n<p><!--\n\n\n<div>(High-Cut Model Balistik Koruyucu Ba\u015fl\u0131klar \u0130\u00e7in)<\/div>\n\n\n\n\n<div>Tam Y\u00fcz Koruma<\/div>\n\n\n\n\n<div><\/div>\n\n\n\n\n<div><\/div>\n\n\n\n\n<div class=\"fl w87 ml30 argePageTitle fl mt20\">Teknik \u00d6zellikleri<\/div>\n\n\n\n\n<div class=\"fl w100 productKeyFeatures\">\n\n\n<div class=\"fl w87 productKeyFeatureWrapper\"><\/div>\n\n\n<\/div>\n\n\n--><\/p>\n","protected":false},"excerpt":{"rendered":"<p><strong>Teknik \u00d6zellikleri<\/strong><\/p>\n<ul>\n<li><strong>\u00d6l\u00e7\u00fcler:<\/strong>\u00a0M\/L ve XL\/XXL<\/li>\n<li><strong>Malzeme:<\/strong>\u00a0UHMWPE<\/li>\n<li><strong>NIJ Seviye IIIA 9mm FMJ Balistik Mukavemet:<\/strong>\u00a0425 m\/s<\/li>\n<li><strong>STANAG 2920 1,1g \u015earapnel V50 De\u011feri:<\/strong>\u00a0Min. 650 m\/s<\/li>\n<li><strong>Renk Alternatifleri:<\/strong>\u00a0Siyah, Ye\u015fil, Tan<\/li>\n<li><strong>\u00c7enelik \u0130le Uyumlu \u00dcr\u00fcn: <\/strong>High-Cut kask ve \u015farapnel viz\u00f6r<\/li>\n<li><strong>A\u011f\u0131rl\u0131k (+\/- 50 gr): <\/strong>500 gr<\/li>\n<\/ul>\n<p>Add-on Ek Koruyucu Z\u0131rhl\u0131 Plaka<\/p>\n","protected":false},"featured_media":14661,"template":"","meta":[],"class_list":["post-12047","product","type-product","status-publish","has-post-thumbnail","hentry","product_cat-balistik-koruyucu-basliklar-ve-aksesuarlar"],"_links":{"self":[{"href":"https:\/\/www.garantikompozit.com\/tr\/wp-json\/wp\/v2\/product\/12047","targetHints":{"allow":["GET"]}}],"collection":[{"href":"https:\/\/www.garantikompozit.com\/tr\/wp-json\/wp\/v2\/product"}],"about":[{"href":"https:\/\/www.garantikompozit.com\/tr\/wp-json\/wp\/v2\/types\/product"}],"wp:featuredmedia":[{"embeddable":true,"href":"https:\/\/www.garantikompozit.com\/tr\/wp-json\/wp\/v2\/media\/14661"}],"wp:attachment":[{"href":"https:\/\/www.garantikompozit.com\/tr\/wp-json\/wp\/v2\/media?parent=12047"}],"curies":[{"name":"wp","href":"https:\/\/api.w.org\/{rel}","templated":true}]}}