{"id":7961,"date":"2019-08-21T10:26:44","date_gmt":"2019-08-21T07:26:44","guid":{"rendered":"https:\/\/www.garantikompozit.com\/?page_id=7961"},"modified":"2025-12-04T16:35:42","modified_gmt":"2025-12-04T13:35:42","slug":"kvkk","status":"publish","type":"page","link":"https:\/\/www.garantikompozit.com\/tr\/kvkk\/","title":{"rendered":"KVKK"},"content":{"rendered":"\t\t<div data-elementor-type=\"wp-page\" data-elementor-id=\"7961\" class=\"elementor elementor-7961\" data-elementor-settings=\"[]\">\n\t\t\t\t\t\t<div class=\"elementor-inner\">\n\t\t\t\t\t\t\t<div class=\"elementor-section-wrap\">\n\t\t\t\t\t\t\t<section class=\"elementor-section elementor-top-section elementor-element elementor-element-6735ee01 elementor-section-boxed elementor-section-height-default elementor-section-height-default default-style\" data-id=\"6735ee01\" data-element_type=\"section\" data-settings=\"{&quot;rt_color_sets&quot;:&quot;default-style&quot;}\">\n\t\t\t\t\t\t<div class=\"elementor-container elementor-column-gap-default\">\n\t\t\t\t\t\t\t<div class=\"elementor-row\">\n\t\t\t\t\t<div class=\"elementor-column elementor-col-100 elementor-top-column elementor-element elementor-element-5a980c79\" data-id=\"5a980c79\" data-element_type=\"column\">\n\t\t\t<div class=\"elementor-column-wrap elementor-element-populated\">\n\t\t\t\t\t\t\t<div class=\"elementor-widget-wrap\">\n\t\t\t\t\t\t<div class=\"elementor-element elementor-element-2ffe51c6 elementor-widget elementor-widget-text-editor\" data-id=\"2ffe51c6\" data-element_type=\"widget\" data-widget_type=\"text-editor.default\">\n\t\t\t\t<div class=\"elementor-widget-container\">\n\t\t\t\t\t<div class=\"elementor-text-editor elementor-clearfix\"><p style=\"font-weight: 400;\"><strong>GARANT\u0130 G\u0130Y\u0130M KOMPOZ\u0130T TEKNOLOJ\u0130LER\u0130 SANAY\u0130 VE T\u0130CARET ANON\u0130M \u015e\u0130RKET\u0130<\/strong><\/p>\n<p style=\"font-weight: 400;\"><strong>K\u0130\u015e\u0130SEL VER\u0130LER\u0130N \u0130\u015eLENMES\u0130NE \u0130L\u0130\u015eK\u0130N AYDINLATMA METN\u0130<\/strong><\/p>\n<p style=\"font-weight: 400;\"><strong>GARANT\u0130 G\u0130Y\u0130M KOMPOZ\u0130T TEKNOLOJ\u0130LER\u0130 SANAY\u0130 VE T\u0130CARET ANON\u0130M \u015e\u0130RKET\u0130 <\/strong>olarak ki\u015fisel verilerinizin gizlili\u011fini ve g\u00fcvenli\u011fini \u00f6nemsiyoruz.<\/p>\n<p style=\"font-weight: 400;\">6698 say\u0131l\u0131 Ki\u015fisel Verilerin Korunmas\u0131 Kanunu\u2019nun (KVKK) 10. maddesi kapsam\u0131nda, ki\u015fisel verilerinizin i\u015flenmesine ili\u015fkin sizleri bilgilendirmek amac\u0131yla bu ayd\u0131nlatma metni haz\u0131rlanm\u0131\u015ft\u0131r.<\/p>\n<p style=\"font-weight: 400;\"><strong>TER\u0130MLER VE TANIMLAMALAR<\/strong><\/p>\n<p style=\"font-weight: 400;\"><strong>Ki\u015fisel Veri <\/strong>: Kimli\u011fi belirli veya belirlenebilir ger\u00e7ek ki\u015fiye ili\u015fkin her t\u00fcrl\u00fc bilgi. \u00a0\u00a0\u00a0\u00a0\u00a0\u00a0\u00a0\u00a0<\/p>\n<p style=\"font-weight: 400;\"><strong>Ki\u015fisel verilerin i\u015flenmesi: <\/strong>Ki\u015fisel verilerin tamamen veya k\u0131smen otomatik olan ya da herhangi bir veri kay\u0131t sisteminin par\u00e7as\u0131 olmak kayd\u0131yla otomatik olmayan yollarla elde edilmesi, kaydedilmesi, depolanmas\u0131, muhafaza edilmesi, de\u011fi\u015ftirilmesi, yeniden d\u00fczenlenmesi, a\u00e7\u0131klanmas\u0131, aktar\u0131lmas\u0131, devral\u0131nmas\u0131, elde edilebilir h\u00e2le getirilmesi, s\u0131n\u0131fland\u0131r\u0131lmas\u0131 ya da kullan\u0131lmas\u0131n\u0131n engellenmesi gibi veriler \u00fczerinde ger\u00e7ekle\u015ftirilen her t\u00fcrl\u00fc i\u015flem<strong>,<\/strong><\/p>\n<p style=\"font-weight: 400;\"><strong>Ki\u015fisel Veri Sahibi<\/strong>: Ki\u015fisel verisi i\u015flenen ger\u00e7ek ki\u015fi<\/p>\n<p style=\"font-weight: 400;\"><strong>KVKK mevzuat\u0131:<\/strong> KVKK, KVKK\u2019ya dayan\u0131larak yay\u0131mlanan y\u00f6netmelikler, Ki\u015fisel Verileri Koruma Kurumu taraf\u0131ndan yay\u0131mlanan tebli\u011fler, Ki\u015fisel Verileri Koruma Kurulu (\u201cKurul\u201d) kararlar\u0131, taahh\u00fctnameler ve Ki\u015fisel Veriler ile ilgili di\u011fer mevzuat h\u00fck\u00fcmleri\u00a0\u00a0<\/p>\n<p style=\"font-weight: 400;\"><strong>Veri Sorumlusu:<\/strong>\u00a0 Ki\u015fisel verilerin i\u015fleme ama\u00e7lar\u0131n\u0131 ve vas\u0131talar\u0131n\u0131 belirleyen, veri kay\u0131t sisteminin kurulmas\u0131ndan ve y\u00f6netilmesinden sorumlu olan ger\u00e7ek veya t\u00fczel ki\u015fi<\/p>\n<p style=\"font-weight: 400;\"><strong>A\u00e7\u0131k r\u0131za:<\/strong> Belirli bir konuya ili\u015fkin, bilgilendirilmeye dayanan ve \u00f6zg\u00fcr iradeyle a\u00e7\u0131klanan r\u0131za,<\/p>\n<p style=\"font-weight: 400;\"><strong>Anonim h\u00e2le getirme:<\/strong> Ki\u015fisel verilerin, ba\u015fka verilerle e\u015fle\u015ftirilerek dahi hi\u00e7bir surette kimli\u011fi belirli veya belirlenebilir bir ger\u00e7ek ki\u015fiyle ili\u015fkilendirilemeyecek h\u00e2le getirilmesi,<\/p>\n<ol>\n<li><strong>Veri Sorumlusu<\/strong><\/li>\n<\/ol>\n<p style=\"font-weight: 400;\">6698 say\u0131l\u0131 Ki\u015fisel Verilerin Korunmas\u0131 Kanunu (\u201cKanun\u201d) uyar\u0131nca, ki\u015fisel verileriniz; veri sorumlusu s\u0131fat\u0131yla <strong>GARANT\u0130 G\u0130Y\u0130M KOMPOZ\u0130T TEKNOLOJ\u0130LER\u0130\u00a0 SANAY\u0130 VE T\u0130CARET ANON\u0130M \u015e\u0130RKET\u0130 <\/strong>(\u201cGARANT\u0130\u201d veya \u201c\u015e\u0130RKET\u201d) taraf\u0131ndan a\u015fa\u011f\u0131da a\u00e7\u0131klanan kapsamda toplanmakta ve i\u015flenmektedir.<\/p>\n<p><strong>2. Ki\u015fisel Verilerin Hangi Ama\u00e7la \u0130\u015flenece\u011fi ve Hukuki Sebepleri<\/strong><\/p>\n<p style=\"font-weight: 400;\">Toplanan ki\u015fisel verileriniz, a\u015fa\u011f\u0131da yer verilen ama\u00e7lar (\u201cAma\u00e7lar\u201d) ve hukuki sebepler ile Kanun\u2019un 5. maddesinde belirtilen ki\u015fisel veri i\u015fleme \u015fartlar\u0131 ve ama\u00e7lar\u0131 dahilinde i\u015flenebilecektir.<\/p>\n<p style=\"font-weight: 400;\">Bir s\u00f6zle\u015fmenin kurulmas\u0131 veya ifas\u0131yla do\u011frudan do\u011fruya ilgili olmas\u0131 kayd\u0131yla, s\u00f6zle\u015fmenin taraflar\u0131na ait ki\u015fisel verilerin i\u015flenmesinin gerekli olmas\u0131 hukuki sebebine dayal\u0131 olarak;<\/p>\n<ul>\n<li>\u015e\u0130RKET \u00fcr\u00fcn ve hizmetlerinin sizlere sunulabilmesi, sizlere kar\u015f\u0131 olan y\u00fck\u00fcml\u00fcl\u00fcklerimizin yerine getirilmesi, kay\u0131t ve belgelerin d\u00fczenlenebilmesi,<\/li>\n<li>Sipari\u015flerinizi almak, \u00f6deme i\u015flemlerinizi ger\u00e7ekle\u015ftirmek, 3. ki\u015filer ile lojistik i\u015f birli\u011fi sa\u011flay\u0131p \u00fcr\u00fcn g\u00f6nderimini sa\u011flamak,<\/li>\n<li>Resm\u00ee kurumlarca \u00f6ng\u00f6r\u00fclen bilgi saklama, raporlama, bilgilendirme y\u00fck\u00fcml\u00fcl\u00fcklerine uymak, s\u00f6zle\u015fmelerin gerekliliklerini yerine getirmek.<\/li>\n<\/ul>\n<p style=\"font-weight: 400;\">Kanunlarda a\u00e7\u0131k\u00e7a \u00f6ng\u00f6r\u00fclmesi ve veri sorumlusunun hukuki y\u00fck\u00fcml\u00fcl\u00fc\u011f\u00fcn\u00fc yerine getirebilmesi i\u00e7in zorunlu olmas\u0131 hukuki sebebine dayal\u0131 olarak;<\/p>\n<ul>\n<li>Resmi makamlardan veya sizlerden gelen talepleri incelemek, de\u011ferlendirmek ve yan\u0131tlamak,<\/li>\n<li>Yerel ve uluslararas\u0131 yasal mevzuat\u0131n \u00f6ng\u00f6rd\u00fc\u011f\u00fc bilgi saklama, raporlama, bilgilendirme, vergi ve sair y\u00fck\u00fcml\u00fclere uymak,<\/li>\n<li>S\u00f6zle\u015fmelerin ve hizmetlerin yasal y\u00fck\u00fcml\u00fcl\u00fcklerini ifa etmek.<\/li>\n<\/ul>\n<p style=\"font-weight: 400;\">\u0130lgili ki\u015finin temel hak ve \u00f6zg\u00fcrl\u00fcklerine zarar vermemek kayd\u0131yla, veri sorumlusunun me\u015fru menfaatleri i\u00e7in veri i\u015flenmesinin zorunlu olmas\u0131 hukuki sebebine dayal\u0131 olarak;<\/p>\n<ul>\n<li>Hizmet ve \u00fcr\u00fcnlerin kalitesinin art\u0131r\u0131lmas\u0131na y\u00f6nelik sat\u0131\u015f ve pazarlama faaliyetleri,<\/li>\n<li>Bilgi i\u015flem gereksinimleri, sistemsel yap\u0131s\u0131, al\u0131nan destek hizmetlerinin gereklili\u011fi, hizmet ve \u00fcr\u00fcnlere ili\u015fkin bilgilendirme,<\/li>\n<li>Trafik \u00f6l\u00e7\u00fcmleme, istatistiki analizler, segmentasyon\/profilleme ve CRM \u00e7al\u0131\u015fmalar\u0131,<\/li>\n<li>M\u00fc\u015fteri memnuniyetinin \u00f6l\u00e7\u00fcmlenmesi ve art\u0131r\u0131lmas\u0131, \u015fik\u00e2yet y\u00f6netimi, yeni hizmet ve \u00fcr\u00fcnler ile ilgili g\u00f6r\u00fc\u015f ve \u00f6nerilerin al\u0131nmas\u0131, sorun-hata bildirimlerinin al\u0131nmas\u0131, \u00fcr\u00fcn ve hizmetlere, \u015fikayet ve taleplere y\u00f6nelik bilgi verilmesi,<\/li>\n<li>\u0130lginizi \u00e7ekebilecek \u00fcr\u00fcn ve hizmetlerin \u00f6nerilmesi, online davran\u0131\u015fsal reklamc\u0131l\u0131k ve pazarlama, m\u00fc\u015fteri portf\u00f6y y\u00f6netimi, hizmet kalitesinin \u00f6l\u00e7\u00fclmesi ve geli\u015ftirilmesi, ileti\u015fim, optimizasyon, denetim, risk y\u00f6netimi ve kontrol, promosyon, analiz, ilgi alanlar\u0131 belirleme, skorlama, profilleme, pazarlama, sat\u0131\u015f, reklam, ileti\u015fim faaliyetlerinin y\u00fcr\u00fct\u00fclmesi,<\/li>\n<li>M\u00fc\u015fteri ili\u015fkilerinin y\u00f6netimi, \u015fik\u00e2yet\/soru\/be\u011feni\/\u00f6neri ve taleplerin de\u011ferlendirilmesi, tan\u0131t\u0131m\/pazarlama\/promosyon\/indirim\/kampanya \u00e7al\u0131\u015fmalar\u0131n\u0131n y\u00fcr\u00fct\u00fclmesi, her t\u00fcrl\u00fc raporlama ve sunumlar\u0131n haz\u0131rlanmas\u0131, m\u00fc\u015fteri portf\u00f6y\u00fc hususunda gerekli \u00e7al\u0131\u015fmalar\u0131n yap\u0131lmas\u0131, ileti\u015fimin sa\u011flanmas\u0131 ve geli\u015ftirilmesi.<\/li>\n<li>\u015e\u0130RKET\u2019in ticari ve i\u015f stratejilerinin belirlenmesi ve uygulanmas\u0131 amac\u0131yla y\u00fcr\u00fct\u00fclen finans operasyonlar\u0131, ileti\u015fim, pazar ara\u015ft\u0131rmas\u0131 ve sosyal sorumluluk aktiviteleri, sat\u0131n alma operasyonlar\u0131, \u015firket i\u00e7i sistem ve uygulama y\u00f6netimi, hukuki operasyonlar.<\/li>\n<\/ul>\n<p style=\"font-weight: 400;\">Bir hakk\u0131n tesisi, kullan\u0131lmas\u0131 veya korunmas\u0131 i\u00e7in veri i\u015flemenin zorunlu olmas\u0131 hukuki sebebine dayal\u0131 olarak;<\/p>\n<ul>\n<li>\u0130leride meydana gelmesi muhtemel olas\u0131 uyu\u015fmazl\u0131klarda delil te\u015fkil etmesi amac\u0131 ile ki\u015fiselverilerin genel zamana\u015f\u0131m\u0131 s\u00fcresince saklanmas\u0131.<\/li>\n<\/ul>\n<p style=\"font-weight: 400;\">A\u00e7\u0131k r\u0131zan\u0131z\u0131n varl\u0131\u011f\u0131 halinde ise;<\/p>\n<ul>\n<li>Holding b\u00fcnyesinde sunulan \u00fcr\u00fcn ve hizmetlerin size uygun h\u00e2le getirilmesi ve ki\u015fiselle\u015ftirilmesi amac\u0131yla i\u015flenmesi.<\/li>\n<\/ul>\n<p><strong>3. \u0130\u015flenen Ki\u015fisel Verilerin Kimlere ve Hangi Ama\u00e7la Aktar\u0131labilece\u011fi<\/strong><\/p>\n<p style=\"font-weight: 400;\">Toplanan ki\u015fisel verileriniz; yukar\u0131da yer alan b) b\u00f6l\u00fcm\u00fcnde belirtilen ama\u00e7lar\u0131n\u0131n ger\u00e7ekle\u015ftirilmesi kapsam\u0131nda;<\/p>\n<ul>\n<li><strong>\u015e\u0130RKET\u2019in ba\u011fl\u0131 kurulu\u015flar\u0131 <\/strong><strong>ve i\u015ftirakler<\/strong>: i\u015f s\u00fcre\u00e7lerinin koordinasyonu ve y\u00f6netimi amac\u0131yla,<\/li>\n<li><strong>Hizmet ald\u0131\u011f\u0131m\u0131z i\u015f ortaklar\u0131, tedarik\u00e7iler ve anla\u015fmal\u0131 kurulu\u015flar<\/strong><strong>:<\/strong> i\u015f birli\u011fi ve operasyonel s\u00fcre\u00e7lerin y\u00fcr\u00fct\u00fclmesi amac\u0131yla,<\/li>\n<li><strong>Kanunen yetkili kamu kurum ve kurulu\u015flar\u0131<\/strong><strong>:<\/strong> yasal y\u00fck\u00fcml\u00fcl\u00fcklerin yerine getirilmesi amac\u0131yla,<\/li>\n<li><strong>Kargo ve lojistik \u015firketleri<\/strong><strong>:<\/strong> sipari\u015flerin veya belgelerin teslim edilmesi amac\u0131yla,<\/li>\n<li><strong>Analiz, reklam ve pazarlama faaliyetlerinde i\u015f birli\u011fi yap\u0131lan kurumlar<\/strong><strong>:<\/strong> \u00fcr\u00fcn\/hizmet teklifleri, analiz ve ileti\u015fim amac\u0131yla,<\/li>\n<\/ul>\n<p style=\"font-weight: 400;\">Kanun\u2019un 5. maddesinde belirtilen ki\u015fisel veri i\u015fleme ama\u00e7lar\u0131 \u00e7er\u00e7evesinde Kanun\u2019un 8. maddesinde belirtilen ki\u015fisel verilerin aktar\u0131lmas\u0131na ili\u015fkin kurallara uygun olarak aktar\u0131labilecektir.<\/p>\n<p><strong>4. Ki\u015fisel Veri Toplaman\u0131n Y\u00f6ntemi ve Hukuki Sebebi<\/strong><\/p>\n<p style=\"font-weight: 400;\">Ki\u015fisel verileriniz, yukar\u0131da yer verilen Ama\u00e7lar\u2019\u0131n yerine getirilmesi kapsam\u0131nda elektronik ortamda internet sitemiz ve internet sitemizde bulunan formlar\u0131n doldurulmas\u0131, \u00e7a\u011fr\u0131 merkezi, k\u0131sa mesaj, e-posta kanallar\u0131yla ve fiziki ortamda \u015e\u0130RKET\u2019imiz ile ileti\u015fime ge\u00e7ti\u011finiz hallerde ger\u00e7ekle\u015ftirilen g\u00f6r\u00fc\u015fmeler, posta, kargo ve formlar vas\u0131tas\u0131yla toplanmaktad\u0131r.<\/p>\n<p style=\"font-weight: 400;\">Kanun\u2019un 5. ve 6. maddesinde belirtilmi\u015f olan;<\/p>\n<ul>\n<li>Kanunlarda a\u00e7\u0131k\u00e7a \u00f6ng\u00f6r\u00fclm\u00fc\u015f olmas\u0131,<\/li>\n<li>\u015e\u0130RKET\u2019in hukuki y\u00fck\u00fcml\u00fcl\u00fc\u011f\u00fc yerine getirebilmek i\u00e7in zorunlu olmas\u0131,<\/li>\n<li>S\u00f6zle\u015fmenin kurulmas\u0131 veya ifas\u0131yla do\u011frudan do\u011fruya ilgili olup i\u015flemenin gerekli olmas\u0131,<\/li>\n<li>Temel hak ve \u00f6zg\u00fcrl\u00fcklerinize zarar vermemek kayd\u0131yla, \u015e\u0130RKET\u2019in m\u00fc\u015fteri ili\u015fkileri ve ticari faaliyetleri i\u00e7in i\u015flemenin zorunlu olmas\u0131<\/li>\n<li>Taraf\u0131n\u0131zca alenile\u015ftirilmi\u015f olmas\u0131,<\/li>\n<li>Bir hakk\u0131n tesisi, kullan\u0131lmas\u0131 veya korunmas\u0131 i\u00e7in i\u015flemenin zorunlu olmas\u0131,<\/li>\n<li>A\u00e7\u0131k r\u0131zan\u0131z\u0131n bulunmas\u0131.<\/li>\n<\/ul>\n<p style=\"font-weight: 400;\">\u015eeklindeki hukuki sebeplere dayanarak toplamaktad\u0131r.<\/p>\n<p><strong>5. \u0130lgili Ki\u015finin Kanun\u2019un 11. Maddesinde Say\u0131lan Haklar<\/strong><\/p>\n<p style=\"font-weight: 400;\"><strong>Ki\u015fisel veri sahipleri olarak, haklar\u0131n\u0131za ili\u015fkin taleplerinizi a\u015fa\u011f\u0131da d\u00fczenlenen y\u00f6ntemlerle iletmeniz durumunda \u015e\u0130RKET talebin niteli\u011fine g\u00f6re talebi en k\u0131sa s\u00fcrede ve en ge\u00e7 otuz g\u00fcn i\u00e7inde \u00fccretsiz olarak sonu\u00e7land\u0131racakt\u0131r. Ancak, i\u015flemin ayr\u0131ca bir maliyeti gerektirmesi h\u00e2linde, \u015eirketimiz taraf\u0131ndan Ki\u015fisel Verileri Koruma Kurulunca belirlenen tarifedeki \u00fccret al\u0131nabilecektir.<\/strong><\/p>\n<p style=\"font-weight: 400;\">Bu kapsamda ki\u015fisel veri sahipleri;<\/p>\n<ul>\n<li>Ki\u015fisel verilerinin i\u015flenip i\u015flenmedi\u011fini \u00f6\u011frenme,<\/li>\n<li>Ki\u015fisel verileri i\u015flenmi\u015fse buna ili\u015fkin bilgi talep etme,<\/li>\n<li>Ki\u015fisel verilerin i\u015flenme amac\u0131n\u0131 ve bunlar\u0131n amac\u0131na uygun kullan\u0131l\u0131p kullan\u0131lmad\u0131\u011f\u0131n\u0131 \u00f6\u011frenme,<\/li>\n<li>Yurt i\u00e7inde veya yurt d\u0131\u015f\u0131nda ki\u015fisel verilerin aktar\u0131ld\u0131\u011f\u0131 \u00fc\u00e7\u00fcnc\u00fc ki\u015fileri bilme,<\/li>\n<li>Ki\u015fisel verilerin eksik veya yanl\u0131\u015f i\u015flenmi\u015f olmas\u0131 h\u00e2linde bunlar\u0131n d\u00fczeltilmesini isteme ve bu kapsamda yap\u0131lan i\u015flemin ki\u015fisel verilerin aktar\u0131ld\u0131\u011f\u0131 \u00fc\u00e7\u00fcnc\u00fc ki\u015filere bildirilmesini isteme,<\/li>\n<li>6698 say\u0131l\u0131 Kanun ve ilgili di\u011fer kanun h\u00fck\u00fcmlerine uygun olarak i\u015flenmi\u015f olmas\u0131na ra\u011fmen, i\u015flenmesini gerektiren sebeplerin ortadan kalkmas\u0131 halinde ki\u015fisel verilerin silinmesini veya yok edilmesini isteme ve bu kapsamda yap\u0131lan i\u015flemin ki\u015fisel verilerin aktar\u0131ld\u0131\u011f\u0131 \u00fc\u00e7\u00fcnc\u00fc ki\u015filere bildirilmesini isteme,<\/li>\n<li>\u0130\u015flenen verilerin m\u00fcnhas\u0131ran otomatik sistemler vas\u0131tas\u0131yla analiz edilmesi suretiyle ki\u015finin kendisi aleyhine bir sonucun ortaya \u00e7\u0131kmas\u0131na itiraz etme,<\/li>\n<li>Ki\u015fisel verilerin kanuna ayk\u0131r\u0131 olarak i\u015flenmesi sebebiyle zarara u\u011framas\u0131 halinde zarar\u0131n giderilmesini talep etme haklar\u0131na sahiptir.<\/li>\n<\/ul>\n<p style=\"font-weight: 400;\">Yukar\u0131da belirtilen haklar\u0131n\u0131z\u0131 kullanma ile ilgili talebinizi, 6698 say\u0131l\u0131 Kanunu\u2019nun 13. maddesinin 1. f\u0131kras\u0131 ve 30356 say\u0131l\u0131 ve 10.03.2018 tarihli Veri Sorumlusuna Ba\u015fvuru Usul ve Esaslar\u0131 Hakk\u0131nda Tebli\u011f\u00a0 5. maddesi uyar\u0131nca T\u00fcrk\u00e7e ve yaz\u0131l\u0131 olarak veya kay\u0131tl\u0131 elektronik posta (KEP) adresi, g\u00fcvenli elektronik imza, mobil imza ya da \u015e\u0130RKET\u2019e daha \u00f6nce bildirilen ve sistemimizde kay\u0131tl\u0131 bulunan elektronik posta adresini kullanmak suretiyle iletebilirsiniz. Ba\u015fvurularda sadece ba\u015fvuru sahibi ki\u015fi hakk\u0131nda bilgi verilecek olup di\u011fer aile fertleri ve \u00fc\u00e7\u00fcnc\u00fc ki\u015filer hakk\u0131nda bilgi al\u0131nmas\u0131 m\u00fcmk\u00fcn olmayacakt\u0131r. \u015e\u0130RKET\u2019in cevap vermeden \u00f6nce kimli\u011finizi do\u011frulama hakk\u0131 sakl\u0131d\u0131r.<\/p>\n<p style=\"font-weight: 400;\">Ba\u015fvurunuzda;<\/p>\n<p>a) Ad\u0131n\u0131z\u0131n, soyad\u0131n\u0131z\u0131n ve ba\u015fvuru yaz\u0131l\u0131 ise imzan\u0131z\u0131n,<\/p>\n<p>b) T\u00fcrkiye Cumhuriyeti vatanda\u015flar\u0131 i\u00e7in T.C. kimlik numaran\u0131z\u0131n, yabanc\u0131 iseniz uyru\u011funuzun, pasaport numaran\u0131z\u0131n veya varsa kimlik numaran\u0131z\u0131n,<\/p>\n<p>c) Tebligata esas yerle\u015fim yeri veya i\u015f yeri adresinizin,<\/p>\n<p style=\"font-weight: 400;\">\u00e7) Varsa bildirime esas elektronik posta adresi, telefon ve faks numaran\u0131z\u0131n,<\/p>\n<p>d) Talep konunuzun,<\/p>\n<p style=\"font-weight: 400;\">bulunmas\u0131 zorunlu olup varsa konuya ili\u015fkin bilgi ve belgelerin de ba\u015fvuruya eklenmesi gerekmektedir.<\/p>\n<p style=\"font-weight: 400;\">Yaz\u0131l\u0131 olarak yapmak istedi\u011finiz ba\u015fvurular\u0131n\u0131z\u0131, gerekli belgeleri ekleyerek veri sorumlusu olarak \u015eirketimizin veri sorumlusu olarak Halkal\u0131 Merkez Mahallesi \u00c7al\u0131\u015fkan Sokak No:4 K\u00fc\u00e7\u00fck\u00e7ekmece\/\u0130stanbul adresine verebilirsiniz. Ba\u015fvuru formuna\u00a0<a href=\"http:\/\/www.garantikompozit.com\/wp-content\/uploads\/202512-garanti-kompozit-ilgili-kisi-basvuru-formu.pdf\">bu linkten<\/a>\u00a0eri\u015febilirsiniz.<\/p>\n<p style=\"font-weight: 400;\">E-posta yoluyla yapmak istedi\u011finiz ba\u015fvurular\u0131n\u0131z\u0131\u00a0<u>kvkk@uyarholding.com<\/u>\u00a0e-posta adresine yapabilirsiniz. KEP yoluyla yapmak istedi\u011finiz ba\u015fvurular\u0131n\u0131z\u0131\u00a0<u>garantigiyim@hs02.kep.tr<\/u> KEP adresimize yapabilirsiniz.<\/p>\n<p style=\"font-weight: 400;\">Talebinizin niteli\u011fine g\u00f6re kimlik tespitine olanak sa\u011flayacak bilgi ve belgelerin eksiksiz ve do\u011fru olarak taraf\u0131m\u0131za sa\u011flanmas\u0131 gerekmektedir. \u0130stenilen bilgi ve belgelerin gere\u011fi gibi sa\u011flanmamas\u0131 durumunda, \u015e\u0130RKET taraf\u0131ndan talebinize istinaden yap\u0131lacak ara\u015ft\u0131rmalar\u0131n tam ve nitelikli \u015fekilde y\u00fcr\u00fct\u00fclmesinde aksakl\u0131klar ya\u015fanabilecektir. Bu durumda, \u015e\u0130RKET kanuni haklar\u0131n\u0131 sakl\u0131 tuttu\u011funu beyan eder. Bu nedenle, ba\u015fvurunuzun talebinizin niteli\u011fine g\u00f6re eksiksiz ve istenilen bilgileri ve belgeleri i\u00e7erecek \u015fekilde g\u00f6nderilmesi gerekmektedir.<\/p>\n<p><strong>6. \u0130lgili Kanun\u2019un 28. Maddesinde Say\u0131lan \u0130stisnalar<\/strong><\/p>\n<p style=\"font-weight: 400;\">KVK Kanunu\u2019nun 28. Madde\u2019 sinin 1. F\u0131kras\u0131\u2019 nda belirtilen hallerin varl\u0131\u011f\u0131 halinde, KVK Kanunu h\u00fck\u00fcmlerinin uygulanmayaca\u011f\u0131 d\u00fczenlenmi\u015f olup; bu kapsamda \u015e\u0130RKET taraf\u0131ndan i\u015flenen ki\u015fisel verilere ili\u015fkin olarak ki\u015fisel veri sahiplerinin KVKK\u2019nda say\u0131lan haklar\u0131n\u0131 ileri s\u00fcrmeleri m\u00fcmk\u00fcn de\u011fildir.<\/p>\n<p style=\"font-weight: 400;\">KVK Kanunu\u2019nun 28. Maddesi 2. F\u0131kras\u0131\u2019 nda belirtilen hallerde ki\u015fisel veri sahipleri zarar\u0131n giderilmesini talep etme hakk\u0131 hari\u00e7 olmak \u00fczere; KVK Kanunu\u2019nda say\u0131lan di\u011fer haklar\u0131n\u0131 ileri s\u00fcremezler.<\/p>\n<p><strong>7. Ki\u015fisel Verilerin Saklanma S\u00fcresi<\/strong><\/p>\n<p style=\"font-weight: 400;\">\u015e\u0130RKET, ki\u015fisel verilerin i\u015fleme amac\u0131n\u0131n ortan kalkmas\u0131, Kanunlar ve di\u011fer sair mevzuat kapsam\u0131nda belirlenen zorunlu saklama s\u00fcrelerinin dolmas\u0131yla bilirlikte ki\u015fisel verileri imha eder (ki\u015fisel verileri siler, yok eder veya anonim hale getirir).<\/p><\/div>\n\t\t\t\t<\/div>\n\t\t\t\t<\/div>\n\t\t\t\t\t\t<\/div>\n\t\t\t\t\t<\/div>\n\t\t<\/div>\n\t\t\t\t\t\t\t\t<\/div>\n\t\t\t\t\t<\/div>\n\t\t<\/section>\n\t\t\t\t\t\t<\/div>\n\t\t\t\t\t\t<\/div>\n\t\t\t\t\t<\/div>\n\t\t","protected":false},"excerpt":{"rendered":"<p>GARANT\u0130 G\u0130Y\u0130M KOMPOZ\u0130T TEKNOLOJ\u0130LER\u0130 SANAY\u0130 VE T\u0130CARET ANON\u0130M \u015e\u0130RKET\u0130 K\u0130\u015e\u0130SEL VER\u0130LER\u0130N \u0130\u015eLENMES\u0130NE \u0130L\u0130\u015eK\u0130N AYDINLATMA METN\u0130 GARANT\u0130 G\u0130Y\u0130M KOMPOZ\u0130T TEKNOLOJ\u0130LER\u0130 SANAY\u0130 VE T\u0130CARET ANON\u0130M \u015e\u0130RKET\u0130 olarak ki\u015fisel verilerinizin gizlili\u011fini ve g\u00fcvenli\u011fini \u00f6nemsiyoruz. 6698 say\u0131l\u0131 Ki\u015fisel Verilerin Korunmas\u0131 Kanunu\u2019nun (KVKK) 10. maddesi kapsam\u0131nda, ki\u015fisel verilerinizin i\u015flenmesine ili\u015fkin sizleri bilgilendirmek amac\u0131yla bu ayd\u0131nlatma metni haz\u0131rlanm\u0131\u015ft\u0131r. TER\u0130MLER VE TANIMLAMALAR [&hellip;]<\/p>\n","protected":false},"author":6,"featured_media":0,"parent":0,"menu_order":0,"comment_status":"closed","ping_status":"closed","template":"","meta":{"footnotes":""},"class_list":["post-7961","page","type-page","status-publish","hentry"],"_links":{"self":[{"href":"https:\/\/www.garantikompozit.com\/tr\/wp-json\/wp\/v2\/pages\/7961","targetHints":{"allow":["GET"]}}],"collection":[{"href":"https:\/\/www.garantikompozit.com\/tr\/wp-json\/wp\/v2\/pages"}],"about":[{"href":"https:\/\/www.garantikompozit.com\/tr\/wp-json\/wp\/v2\/types\/page"}],"author":[{"embeddable":true,"href":"https:\/\/www.garantikompozit.com\/tr\/wp-json\/wp\/v2\/users\/6"}],"replies":[{"embeddable":true,"href":"https:\/\/www.garantikompozit.com\/tr\/wp-json\/wp\/v2\/comments?post=7961"}],"version-history":[{"count":13,"href":"https:\/\/www.garantikompozit.com\/tr\/wp-json\/wp\/v2\/pages\/7961\/revisions"}],"predecessor-version":[{"id":19358,"href":"https:\/\/www.garantikompozit.com\/tr\/wp-json\/wp\/v2\/pages\/7961\/revisions\/19358"}],"wp:attachment":[{"href":"https:\/\/www.garantikompozit.com\/tr\/wp-json\/wp\/v2\/media?parent=7961"}],"curies":[{"name":"wp","href":"https:\/\/api.w.org\/{rel}","templated":true}]}}