{"id":6138,"date":"2019-06-14T12:24:41","date_gmt":"2019-06-14T09:24:41","guid":{"rendered":"http:\/\/test.garantikompozit.com\/?page_id=6138"},"modified":"2020-11-25T20:22:35","modified_gmt":"2020-11-25T17:22:35","slug":"ar-ge","status":"publish","type":"page","link":"https:\/\/www.garantikompozit.com\/tr\/ar-ge\/","title":{"rendered":"Ar &#8211; Ge"},"content":{"rendered":"\n<div  class=\"content_row row default-style fullwidth\">\n\t\n\t<div class=\"content_row_wrapper  default\">\n\t<div class=\"col col-xs-12 col-sm-12  rt-column-container\">\n\t<div class=\"rt-column-inner\">\n\t\t<div class=\"rt-wrapper\">\n\t\t\t\n\t\t<article class=\"content-box content-box2\">\n\t\t<div class=\"rt-heading-wrapper\">\n\t\t\t\t\t\t<h1 class=\"rt-heading\" >Ar - Ge<\/h1>\n\t\t\t\t\t<\/div>\n\t\t<div class=\"content-holder\">\n\t\t\tUzun y\u0131llard\u0131r teknik ve fonksiyonel tekstil alan\u0131nda gerek \u00fcretim gerekse Ar-Ge \u00e7al\u0131\u015fmalar\u0131m\u0131zla edindi\u011fimiz kurumsal bilgi ve tecr\u00fcbe ile bu alanda uzman bir laboratuvar kadrosu yeti\u015ftirdik.<\/p>\n<p>Tekstil Laboratuvar\u0131nda 1 m\u00fchendis, 1 kimyager ve 1 teknisyen olmak \u00fczere 3 personel;<\/p>\n<p>Balistik Test Laboratuvar\u0131m\u0131zda ise 3 m\u00fchendis, 4 tekniker olmak \u00fczere 7 personel ile hizmet vermekteyiz.<\/p>\n<p>Fonksiyonel k\u0131yafetlerimizi ve balistik koruyucu \u00fcr\u00fcnlerimizi ilgili normlara uygun \u00fcretti\u011fimizi bilmek ve Ar-Ge \u00e7al\u0131\u015fmalar\u0131m\u0131zda daha emin ad\u0131mlarla ilerleyebilmek i\u00e7in tekstil ve balistik test laboratuvarlar\u0131m\u0131z\u0131 kurduk ve akreditasyon \u00e7al\u0131\u015fmalar\u0131m\u0131z\u0131 ba\u015flatt\u0131k.<\/p>\n<p>3 y\u0131l s\u00fcren bu me\u015fakkatli haz\u0131rl\u0131k s\u00fcrecinin sonunda laboratuvar\u0131m\u0131z TS EN ISO\/IEC 17025 standard\u0131na g\u00f6re T\u00fcrkak taraf\u0131ndan akredite edilerek \u00fclkemizin ilk balistik test laboratuvar\u0131 olma unvan\u0131n\u0131 kazanm\u0131\u015ft\u0131r.<\/p>\n<p>Garanti, \u00fclkemizin 17025 T\u00dcRKAK akreditasyonuna sahip ilk balistik test laboratuvar\u0131na sahiptir. Sertifikam\u0131z a\u015fa\u011f\u0131daki standartlar\u0131 kapsamaktad\u0131r.\n\t\t\t\n\t\t<\/div>\n\t\t<\/article>\n\t\t[vc_empty_space height=&#8221;25px&#8221;]\t \n\t\t<div  class=\"with_icons style-3 \">\n\t\t\t \n\t\t<div  >\n\t\t<span class=\"icon-ok-circled icon\"><\/span><div class=\"list-content\">NIJ0101.04<\/div>\n\t\t<\/div>\n\t\t \n\t\t<div  >\n\t\t<span class=\"icon-ok-circled icon\"><\/span><div class=\"list-content\">NIJ0101.06<\/div>\n\t\t<\/div>\n\t\t \n\t\t<div  >\n\t\t<span class=\"icon-ok-circled icon\"><\/span><div class=\"list-content\">STANAG 2920<\/div>\n\t\t<\/div>\n\t\n\t\t<\/div>\n\t[vc_single_image image=&#8221;6151&#8243; img_size=&#8221;full&#8221; alignment=&#8221;center&#8221; style=&#8221;vc_box_outline&#8221; border_color=&#8221;orange&#8221; onclick=&#8221;link_image&#8221; title=&#8221;AKRED\u0130TASYON SERT\u0130F\u0130KASI&#8221;][vc_empty_space height=&#8221;60px&#8221;]\n\t\t<\/div>\n\t<\/div>\n\t<\/div>\n<\/div>\n<\/div>\n\n","protected":false},"excerpt":{"rendered":"","protected":false},"author":6,"featured_media":0,"parent":0,"menu_order":0,"comment_status":"closed","ping_status":"closed","template":"","meta":{"footnotes":""},"class_list":["post-6138","page","type-page","status-publish","hentry"],"_links":{"self":[{"href":"https:\/\/www.garantikompozit.com\/tr\/wp-json\/wp\/v2\/pages\/6138","targetHints":{"allow":["GET"]}}],"collection":[{"href":"https:\/\/www.garantikompozit.com\/tr\/wp-json\/wp\/v2\/pages"}],"about":[{"href":"https:\/\/www.garantikompozit.com\/tr\/wp-json\/wp\/v2\/types\/page"}],"author":[{"embeddable":true,"href":"https:\/\/www.garantikompozit.com\/tr\/wp-json\/wp\/v2\/users\/6"}],"replies":[{"embeddable":true,"href":"https:\/\/www.garantikompozit.com\/tr\/wp-json\/wp\/v2\/comments?post=6138"}],"version-history":[{"count":18,"href":"https:\/\/www.garantikompozit.com\/tr\/wp-json\/wp\/v2\/pages\/6138\/revisions"}],"predecessor-version":[{"id":12824,"href":"https:\/\/www.garantikompozit.com\/tr\/wp-json\/wp\/v2\/pages\/6138\/revisions\/12824"}],"wp:attachment":[{"href":"https:\/\/www.garantikompozit.com\/tr\/wp-json\/wp\/v2\/media?parent=6138"}],"curies":[{"name":"wp","href":"https:\/\/api.w.org\/{rel}","templated":true}]}}