{"id":4425,"date":"2017-06-25T20:06:47","date_gmt":"2017-06-25T17:06:47","guid":{"rendered":"http:\/\/businesslounge-elementor.rtthemes.com\/?page_id=2"},"modified":"2025-01-22T12:52:39","modified_gmt":"2025-01-22T09:52:39","slug":"kariyer","status":"publish","type":"page","link":"https:\/\/www.garantikompozit.com\/tr\/kariyer\/","title":{"rendered":"KAR\u0130YER"},"content":{"rendered":"\t\t<div data-elementor-type=\"wp-post\" data-elementor-id=\"4425\" class=\"elementor elementor-4425\" data-elementor-settings=\"[]\">\n\t\t\t\t\t\t<div class=\"elementor-inner\">\n\t\t\t\t\t\t\t<div class=\"elementor-section-wrap\">\n\t\t\t\t\t\t\t<section class=\"elementor-section elementor-top-section elementor-element elementor-element-541f772 elementor-section-boxed elementor-section-height-default elementor-section-height-default default-style elementor-invisible\" data-id=\"541f772\" data-element_type=\"section\" data-settings=\"{&quot;background_background&quot;:&quot;classic&quot;,&quot;animation&quot;:&quot;fadeIn&quot;,&quot;rt_color_sets&quot;:&quot;default-style&quot;}\">\n\t\t\t\t\t\t<div class=\"elementor-container elementor-column-gap-default\">\n\t\t\t\t\t\t\t<div class=\"elementor-row\">\n\t\t\t\t\t<div class=\"elementor-column elementor-col-50 elementor-top-column elementor-element elementor-element-3f3f61b\" data-id=\"3f3f61b\" data-element_type=\"column\">\n\t\t\t<div class=\"elementor-column-wrap elementor-element-populated\">\n\t\t\t\t\t\t\t<div class=\"elementor-widget-wrap\">\n\t\t\t\t\t\t<div class=\"elementor-element elementor-element-c298d95 elementor-widget elementor-widget-rt-heading\" data-id=\"c298d95\" data-element_type=\"widget\" data-widget_type=\"rt-heading.default\">\n\t\t\t\t<div class=\"elementor-widget-container\">\n\t\t\t<div class=\"rt-heading-wrapper\">\n\t\t\t\t\t\t<span class=\"punchline\">Garanti Kompozit, insan kayna\u011f\u0131 ihtiya\u00e7lar\u0131n\u0131 www.kariyer.net \u00fczerinden temin etmektedir.<\/span><H4 class=\"rt-heading with_punchline\" >Kariyer.net \u00fczerinden \u015firketler grubumuzdaki mevcut a\u00e7\u0131k pozisyonlar g\u00f6r\u00fcl\u00fcp de\u011ferlendirilebilir. \u0130stedi\u011finiz takdirde, ilgilendi\u011finiz \u015firketin <span class=\"highlight style-1\">Genel Ba\u015fvuru<\/span> pozisyonuna CV b\u0131rakabilirsiniz. <br\/><br\/>\nSize uygun bir pozisyon a\u00e7\u0131ld\u0131\u011f\u0131nda, \u0130nsan Kaynaklar\u0131 taraf\u0131ndan, g\u00f6r\u00fc\u015fmeye davet edileceksiniz.<\/H4>\n\t\t\t\t\t<\/div>\t\t<\/div>\n\t\t\t\t<\/div>\n\t\t\t\t\t\t<\/div>\n\t\t\t\t\t<\/div>\n\t\t<\/div>\n\t\t\t\t<div class=\"elementor-column elementor-col-50 elementor-top-column elementor-element elementor-element-5dd6694\" data-id=\"5dd6694\" data-element_type=\"column\">\n\t\t\t<div class=\"elementor-column-wrap elementor-element-populated\">\n\t\t\t\t\t\t\t<div class=\"elementor-widget-wrap\">\n\t\t\t\t\t\t<div class=\"elementor-element elementor-element-219e8f7 elementor-align-right elementor-tablet-align-center elementor-widget elementor-widget-rt-button\" data-id=\"219e8f7\" data-element_type=\"widget\" data-widget_type=\"rt-button.default\">\n\t\t\t\t<div class=\"elementor-widget-container\">\n\t\t\t<div class=\"button_wrapper  arrow\"><a href=\"https:\/\/www.kariyer.net\/firma-profil\/garanti-giyim-kompozit-teknolojileri-san-tic-a-s-1277-223537\" target=\"_self\" title=\"Genel i\u015f ba\u015fvurusu i\u00e7in\" class=\"button_  black big\"><span><span class=\"button-icon rt-elementor-icon icon-megaphone\"><\/span><span>Genel i\u015f ba\u015fvurusu i\u00e7in<\/span><\/span><\/a><\/div>\t\t<\/div>\n\t\t\t\t<\/div>\n\t\t\t\t<div class=\"elementor-element elementor-element-875586d elementor-widget elementor-widget-text-editor\" data-id=\"875586d\" data-element_type=\"widget\" data-widget_type=\"text-editor.default\">\n\t\t\t\t<div class=\"elementor-widget-container\">\n\t\t\t\t\t<div class=\"elementor-text-editor elementor-clearfix\"><p>Bu linke t\u0131klayarak <strong>Kariyer.net<\/strong> sitesine y\u00f6nlendirilmektesiniz. Devam etmeniz ve <strong>Kariyer.net<\/strong> \u00fczerinden ba\u015fvuruda bulunman\u0131z halinde ilgili bilgiler taraf\u0131m\u0131za <strong>Kariyer.net<\/strong> \u00fczerinden aktar\u0131lacakt\u0131r. <a href=\"https:\/\/www.garantikompozit.com\/kvkk\/\" target=\"_blank\" rel=\"noopener\">Ki\u015fisel Verilerin Korunmas\u0131 Kanunu Aday Ayd\u0131nlatma metni<\/a>mize <a href=\"https:\/\/www.garantikompozit.com\/kvkk\/\" target=\"_blank\" rel=\"noopener\">buradan<\/a> eri\u015febilirsiniz.<\/p><\/div>\n\t\t\t\t<\/div>\n\t\t\t\t<\/div>\n\t\t\t\t\t\t<\/div>\n\t\t\t\t\t<\/div>\n\t\t<\/div>\n\t\t\t\t\t\t\t\t<\/div>\n\t\t\t\t\t<\/div>\n\t\t<\/section>\n\t\t\t\t\t\t<\/div>\n\t\t\t\t\t\t<\/div>\n\t\t\t\t\t<\/div>\n\t\t","protected":false},"excerpt":{"rendered":"<p>Garanti Kompozit, insan kayna\u011f\u0131 ihtiya\u00e7lar\u0131n\u0131 www.kariyer.net \u00fczerinden temin etmektedir.Kariyer.net \u00fczerinden \u015firketler grubumuzdaki mevcut a\u00e7\u0131k pozisyonlar g\u00f6r\u00fcl\u00fcp de\u011ferlendirilebilir. \u0130stedi\u011finiz takdirde, ilgilendi\u011finiz \u015firketin Genel Ba\u015fvuru pozisyonuna CV b\u0131rakabilirsiniz. Size uygun bir pozisyon a\u00e7\u0131ld\u0131\u011f\u0131nda, \u0130nsan Kaynaklar\u0131 taraf\u0131ndan, g\u00f6r\u00fc\u015fmeye davet edileceksiniz. Genel i\u015f ba\u015fvurusu i\u00e7in Bu linke t\u0131klayarak Kariyer.net sitesine y\u00f6nlendirilmektesiniz. Devam etmeniz ve Kariyer.net \u00fczerinden ba\u015fvuruda bulunman\u0131z halinde [&hellip;]<\/p>\n","protected":false},"author":6,"featured_media":0,"parent":0,"menu_order":0,"comment_status":"closed","ping_status":"closed","template":"","meta":{"footnotes":""},"class_list":["post-4425","page","type-page","status-publish","hentry"],"_links":{"self":[{"href":"https:\/\/www.garantikompozit.com\/tr\/wp-json\/wp\/v2\/pages\/4425","targetHints":{"allow":["GET"]}}],"collection":[{"href":"https:\/\/www.garantikompozit.com\/tr\/wp-json\/wp\/v2\/pages"}],"about":[{"href":"https:\/\/www.garantikompozit.com\/tr\/wp-json\/wp\/v2\/types\/page"}],"author":[{"embeddable":true,"href":"https:\/\/www.garantikompozit.com\/tr\/wp-json\/wp\/v2\/users\/6"}],"replies":[{"embeddable":true,"href":"https:\/\/www.garantikompozit.com\/tr\/wp-json\/wp\/v2\/comments?post=4425"}],"version-history":[{"count":11,"href":"https:\/\/www.garantikompozit.com\/tr\/wp-json\/wp\/v2\/pages\/4425\/revisions"}],"predecessor-version":[{"id":18343,"href":"https:\/\/www.garantikompozit.com\/tr\/wp-json\/wp\/v2\/pages\/4425\/revisions\/18343"}],"wp:attachment":[{"href":"https:\/\/www.garantikompozit.com\/tr\/wp-json\/wp\/v2\/media?parent=4425"}],"curies":[{"name":"wp","href":"https:\/\/api.w.org\/{rel}","templated":true}]}}