{"id":4270,"date":"2017-07-28T11:10:53","date_gmt":"2017-07-28T11:10:53","guid":{"rendered":"http:\/\/businesslounge-demo.rtthemes.com\/?page_id=4270"},"modified":"2019-06-14T12:15:22","modified_gmt":"2019-06-14T09:15:22","slug":"uretim","status":"publish","type":"page","link":"https:\/\/www.garantikompozit.com\/tr\/uretim\/","title":{"rendered":"\u00dcretim"},"content":{"rendered":"\n<div  class=\"content_row row default-style fullwidth border-top rt-1325080\">\n\t\n\t<div class=\"content_row_wrapper  default\">\n\t<div class=\"col col-xs-12 col-sm-6  rt-column-container\">\n\t<div class=\"rt-column-inner\">\n\t\t<div class=\"rt-wrapper\">\n\t\t\t\n\t\t\t\t<article class=\"image-content-box content-box  box-style-2  valign-top  center\" style=\"background:url(https:\/\/www.garantikompozit.com\/wp-content\/uploads\/2019\/06\/konfeksiyon.jpg) no-repeat scroll center center \/ cover;padding-top:40px;padding-bottom:40px;padding-left:40px;padding-right:40px;\"> \t\t\t\t\n\t\t\t\t\t<div class=\"text-holder\" style=\"color:#ffffff;\">\n\t\t\t\t\t\t<h2 class=\"heading\" style=\"color:#ffffff;\">KONFEKS\u0130YON \u00dcRET\u0130M<\/h2>  \n\t\t\t\t\t<\/div>\n\t\t\t\t<\/article>\n\t\t[vc_empty_space height=&#8221;31px&#8221;]\n\t\t<article class=\"content-box content-box2\">\n\t\t<div class=\"rt-heading-wrapper style-2\">\n\t\t\t\t\t\t<span class=\"punchline\">KONFEKS\u0130YON \u00dcRET\u0130M SAHASINDA<\/span><h4 class=\"rt-heading style-2 with_punchline\"  style=\"margin-bottom:25px!important;\">KES\u0130M<\/h4>\n\t\t\t\t\t<\/div>\n\t\t<div class=\"content-holder\">\n\t\t\tGaranti Giyim Kompozit Teknolojileri Sanayi ve Ticaret A.\u015e. tam otomatik pastal haz\u0131rlama, otomatik serim ve kesim makinelerine sahiptir. 20 ve 30 metrelik iki adet vakumlu kesim masas\u0131nda ve otomatik kesim sisteminde g\u00fcnde yakla\u015f\u0131k olarak 10.000 metre dokuma yada 1500 kilo \u00f6rme kuma\u015f kesimi yap\u0131labilmektedir.\n\t\t\t\n\t\t<\/div>\n\t\t<\/article>\n\t\t[vc_empty_space height=&#8221;31px&#8221;]\n\t\t<article class=\"content-box content-box2\">\n\t\t<div class=\"rt-heading-wrapper style-2\">\n\t\t\t\t\t\t<span class=\"punchline\">KONFEKS\u0130YON \u00dcRET\u0130M SAHASINDA<\/span><h4 class=\"rt-heading style-2 with_punchline\"  style=\"margin-bottom:25px!important;\">D\u0130K\u0130M<\/h4>\n\t\t\t\t\t<\/div>\n\t\t<div class=\"content-holder\">\n\t\t\tBilgisayarl\u0131 diki\u015f makineleri yard\u0131m\u0131yla \u00fcr\u00fcn cinsine ba\u011fl\u0131 olarak ayda yakla\u015f\u0131k 80-100 bin par\u00e7a dokuma k\u0131yafet yada 80.000 par\u00e7a \u00f6rme k\u0131yafet dikilebilmektedir. \u00dcretim hatt\u0131nda yakla\u015f\u0131k 900 adet a\u015fa\u011f\u0131daki \u00f6zellik ve fonksiyonlarda makinam\u0131z mevcuttur.<\/p>\n<ul>\n<li>D\u00fcz Diki\u015f Makinas\u0131<\/li>\n<li>Kaynak Bant Makinas\u0131<\/li>\n<li>\u00c7e\u015fitli Boyutlarda Otomatik \u0130\u015fleme Makinas\u0131<\/li>\n<li>Kollu Diki\u015f Makinas\u0131<\/li>\n<li>\u00c7ift \u0130\u011fne Diki\u015f Makinas\u0131<\/li>\n<li>Transportlu D\u00fcz Diki\u015f Makinas\u0131<\/li>\n<li>G\u00f6zl\u00fc \u0130lik<\/li>\n<li>Ultrasonik Yap\u0131\u015ft\u0131rma Makinas\u0131<\/li>\n<li>B\u0131\u00e7akl\u0131 Diki\u015f Makinas\u0131<\/li>\n<li>3-4-5 \u0130plik \u00d6zelliklerinde Overlok Makinas\u0131<\/li>\n<li>D\u00fc\u011fme Makinas\u0131<\/li>\n<li>\u015eerit D\u00fc\u011fme Makinas\u0131<\/li>\n<li>Ponteriz Makinas\u0131<\/li>\n<li>Re\u00e7me Makinas\u0131<\/li>\n<li>\u00c7\u0131t \u00c7\u0131t Makinas\u0131<\/li>\n<li>B\u00fcy\u00fck Ebatl\u0131 Tela Presi<\/li>\n<li>\u00c7ift Kafa Oynar \u00d6zellikte Pres Makinas\u0131<\/li>\n<li>Biye Makinesi<\/li>\n<li>Dik Kafa \u00c7ift \u0130\u011fne Makinas\u0131<\/li>\n<li>Zincir Makinas\u0131<\/li>\n<li>Zik Zak Makinas\u0131<\/li>\n<li>Lastik Makinas\u0131<\/li>\n<li>D\u00fcz ilik<\/li>\n<li>Kevlar Kal\u0131n i\u015f Makinas\u0131<\/li>\n<li>Aksesuar Kesme Makinas\u0131<\/li>\n<li>Pantolon \u015ei\u015firme Makinas\u0131<\/li>\n<li>Mont \u015ei\u015firme makinas\u0131<\/li>\n<\/ul>\n\n\t\t\t\n\t\t<\/div>\n\t\t<\/article>\n\t\t[vc_empty_space height=&#8221;31px&#8221;]\n\t\t<article class=\"content-box content-box2\">\n\t\t<div class=\"rt-heading-wrapper style-2\">\n\t\t\t\t\t\t<span class=\"punchline\">KONFEKS\u0130YON \u00dcRET\u0130M SAHASINDA<\/span><h4 class=\"rt-heading style-2 with_punchline\"  style=\"margin-bottom:25px!important;\">KAL\u0130TE KONTROL VE PAKETLEME<\/h4>\n\t\t\t\t\t<\/div>\n\t\t<div class=\"content-holder\">\n\t\t\t\u00dcretime al\u0131nacak ham maddeler \u015firketimize teslim edildi\u011finde, verilen sipari\u015fe uygunlu\u011fu kalite kontrol laboratuvar\u0131m\u0131zda test edilir. Uygun bulunan ham maddeler \u00fcretime g\u00f6nderilir. \u00dcretim esnas\u0131nda numuneler al\u0131narak kalite kontrol\u00fc yap\u0131l\u0131r. Son olarak da paketlemeye girmeden \u00f6nce \u00fcr\u00fcnler y\u00fcz y\u00fcz kalite kontrolden ge\u00e7irilerek sevke haz\u0131r hale getirilir.\n\t\t\t\n\t\t<\/div>\n\t\t<\/article>\n\t\t\n\t\t<\/div>\n\t<\/div>\n\t<\/div>\n\n\t<div class=\"col col-xs-12 col-sm-6  rt-column-container\">\n\t<div class=\"rt-column-inner\">\n\t\t<div class=\"rt-wrapper\">\n\t\t\t\n\t\t\t\t<article class=\"image-content-box content-box  box-style-2  valign-top  center\" style=\"background:url(https:\/\/www.garantikompozit.com\/wp-content\/uploads\/2019\/06\/dardokuma.jpg) no-repeat scroll center center \/ cover;padding-top:40px;padding-bottom:40px;padding-left:40px;padding-right:40px;\"> \t\t\t\t\n\t\t\t\t\t<div class=\"text-holder\" style=\"color:#ffffff;\">\n\t\t\t\t\t\t<h2 class=\"heading\" style=\"color:#ffffff;\">DAR DOKUMA \u00dcRET\u0130M<\/h2>  \n\t\t\t\t\t<\/div>\n\t\t\t\t<\/article>\n\t\t[vc_empty_space height=&#8221;31px&#8221;]\n\t\t<article class=\"content-box content-box2\">\n\t\t<div class=\"rt-heading-wrapper style-2\">\n\t\t\t\t\t\t<h4 class=\"rt-heading style-2\"  style=\"margin-bottom:25px!important;\">DAR DOKUMA \u00dcRET\u0130M SAHASINDA<\/h4>\n\t\t\t\t\t<\/div>\n\t\t<div class=\"content-holder\">\n\t\t\tGaranti Giyim Kompozit Teknolojileri Sanayi ve Ticaret A.\u015e. farkl\u0131 malzeme cinsi, denye ve renklerde iplik kullanarak ve ayn\u0131 zamanda \u00e7e\u015fitli dokuma tekniklerinden de yararlanarak farkl\u0131 desen ve kombinasyonlarda, y\u00fcksek mukavemete sahip dar dokuma \u00fcr\u00fcnleri \u00fcretmektedir. \u00a0Fonksiyonel d\u0131\u015f giyim ve balistik koruyucu \u00fcr\u00fcnler ba\u015fta olmak \u00fczere tekstil, kompozit, otomotiv, havac\u0131l\u0131k sekt\u00f6r\u00fcnde kullan\u0131lmak \u00fczere m\u00fc\u015fterilerinin dar dokuma ihtiya\u00e7lar\u0131n\u0131 da kar\u015f\u0131lamaktad\u0131r.<\/p>\n<p>Genel olarak Lastik Dar Dokuma, D\u00fcz Dar Dokuma ve Jakarl\u0131 Dar Dokuma imalat\u0131m\u0131z ile kolon, kordon, lastik, ekstrafor, biye v.b. \u00fcr\u00fcnlerimizi a\u015fa\u011f\u0131daki \u00f6zellik ve fonksiyonlara sahip makinalar\u0131m\u0131z ile ger\u00e7ekle\u015ftirmekteyiz;<\/p>\n<ul>\n<li>Bilgisayar kontroll\u00fc Jakarl\u0131 Dar Dokuma Makinas\u0131<\/li>\n<li>Mekanik D\u00fcz Dar Dokuma Makinas\u0131<\/li>\n<li>Mekanik D\u00fcz Dar Dokuma Makinas\u0131<\/li>\n<li>E\u011firme Makinas\u0131<\/li>\n<li>Kolon Sarma Makinas\u0131<\/li>\n<li>6 Kafal\u0131 \u0130plik Aktarma Makinas\u0131<\/li>\n<li>Kolon Aktarma Makinas\u0131<\/li>\n<li>\u00c7\u00f6zg\u00fc Aktarma Makinas\u0131<\/li>\n<\/ul>\n\n\t\t\t\n\t\t<\/div>\n\t\t<\/article>\n\t\t\n\t\t<\/div>\n\t<\/div>\n\t<\/div>\n<\/div>\n<\/div>\n\n","protected":false},"excerpt":{"rendered":"","protected":false},"author":6,"featured_media":0,"parent":0,"menu_order":0,"comment_status":"closed","ping_status":"closed","template":"","meta":{"footnotes":""},"class_list":["post-4270","page","type-page","status-publish","hentry"],"_links":{"self":[{"href":"https:\/\/www.garantikompozit.com\/tr\/wp-json\/wp\/v2\/pages\/4270","targetHints":{"allow":["GET"]}}],"collection":[{"href":"https:\/\/www.garantikompozit.com\/tr\/wp-json\/wp\/v2\/pages"}],"about":[{"href":"https:\/\/www.garantikompozit.com\/tr\/wp-json\/wp\/v2\/types\/page"}],"author":[{"embeddable":true,"href":"https:\/\/www.garantikompozit.com\/tr\/wp-json\/wp\/v2\/users\/6"}],"replies":[{"embeddable":true,"href":"https:\/\/www.garantikompozit.com\/tr\/wp-json\/wp\/v2\/comments?post=4270"}],"version-history":[{"count":32,"href":"https:\/\/www.garantikompozit.com\/tr\/wp-json\/wp\/v2\/pages\/4270\/revisions"}],"predecessor-version":[{"id":6136,"href":"https:\/\/www.garantikompozit.com\/tr\/wp-json\/wp\/v2\/pages\/4270\/revisions\/6136"}],"wp:attachment":[{"href":"https:\/\/www.garantikompozit.com\/tr\/wp-json\/wp\/v2\/media?parent=4270"}],"curies":[{"name":"wp","href":"https:\/\/api.w.org\/{rel}","templated":true}]}}