{"id":4174,"date":"2017-07-02T05:27:28","date_gmt":"2017-07-02T05:27:28","guid":{"rendered":"http:\/\/businesslounge-elementor.rtthemes.com\/?page_id=4174"},"modified":"2020-07-02T12:14:15","modified_gmt":"2020-07-02T09:14:15","slug":"firma-bilgileri","status":"publish","type":"page","link":"https:\/\/www.garantikompozit.com\/tr\/firma-bilgileri\/","title":{"rendered":"Firma Bilgileri"},"content":{"rendered":"\t\t<div data-elementor-type=\"wp-post\" data-elementor-id=\"4174\" class=\"elementor elementor-4174\" data-elementor-settings=\"[]\">\n\t\t\t\t\t\t<div class=\"elementor-inner\">\n\t\t\t\t\t\t\t<div class=\"elementor-section-wrap\">\n\t\t\t\t\t\t\t<section class=\"elementor-section elementor-top-section elementor-element elementor-element-vlo1inj elementor-section-content-middle elementor-section-boxed elementor-section-height-default elementor-section-height-default default-style\" data-id=\"vlo1inj\" data-element_type=\"section\" data-settings=\"{&quot;rt_color_sets&quot;:&quot;default-style&quot;}\">\n\t\t\t\t\t\t<div class=\"elementor-container elementor-column-gap-default\">\n\t\t\t\t\t\t\t<div class=\"elementor-row\">\n\t\t\t\t\t<div class=\"elementor-column elementor-col-100 elementor-top-column elementor-element elementor-element-kfx1ur5\" data-id=\"kfx1ur5\" data-element_type=\"column\">\n\t\t\t<div class=\"elementor-column-wrap elementor-element-populated\">\n\t\t\t\t\t\t\t<div class=\"elementor-widget-wrap\">\n\t\t\t\t\t\t<div class=\"elementor-element elementor-element-t7j95x2 elementor-widget elementor-widget-rt-heading\" data-id=\"t7j95x2\" data-element_type=\"widget\" data-widget_type=\"rt-heading.default\">\n\t\t\t\t<div class=\"elementor-widget-container\">\n\t\t\t<div class=\"rt-heading-wrapper style-2\">\n\t\t\t\t\t\t<h4 class=\"rt-heading style-2\" >Firma Bilgileri<\/h4>\n\t\t\t\t\t<\/div>\t\t<\/div>\n\t\t\t\t<\/div>\n\t\t\t\t<div class=\"elementor-element elementor-element-817438b elementor-widget-divider--view-line elementor-widget elementor-widget-divider\" data-id=\"817438b\" data-element_type=\"widget\" data-widget_type=\"divider.default\">\n\t\t\t\t<div class=\"elementor-widget-container\">\n\t\t\t\t\t<div class=\"elementor-divider\">\n\t\t\t<span class=\"elementor-divider-separator\">\n\t\t\t\t\t\t<\/span>\n\t\t<\/div>\n\t\t\t\t<\/div>\n\t\t\t\t<\/div>\n\t\t\t\t<div class=\"elementor-element elementor-element-bf6t1kb elementor-widget elementor-widget-text-editor\" data-id=\"bf6t1kb\" data-element_type=\"widget\" data-widget_type=\"text-editor.default\">\n\t\t\t\t<div class=\"elementor-widget-container\">\n\t\t\t\t\t<div class=\"elementor-text-editor elementor-clearfix\"><h4>GARANT\u0130 G\u0130Y\u0130M KOMPOZ\u0130T TEKNOLOJ\u0130LER\u0130 SAN. VE T\u0130C.A.\u015e<\/h4><table width=\"90%\"><tbody><tr><td width=\"40%\"><strong>\u015eirket T\u00fcr\u00fc<\/strong><\/td><td>Anonim \u015eirketi<\/td><\/tr><tr><td width=\"40%\"><strong>Mersis<\/strong><\/td><td>0389021328300010<\/td><\/tr><tr><td width=\"40%\"><strong>Ticaret Sicil Memurlu\u011fu<\/strong><\/td><td>YOZGAT<\/td><\/tr><tr><td width=\"40%\"><strong>Ticaret Sicil Numaras\u0131<\/strong><\/td><td>2539<\/td><\/tr><tr><td width=\"40%\"><strong>Ticaret \u00dcnvan\u0131<\/strong><\/td><td>GARANT\u0130 G\u0130Y\u0130M KOMPOZ\u0130T TEKNOLOJ\u0130LER\u0130 SAN. VE T\u0130C.A.\u015e<\/td><\/tr><tr><td colspan=\"2\"><strong>\u0130leti\u015fim B\u0130lgileri<\/strong><\/td><\/tr><tr><td width=\"40%\"><strong>Adres<\/strong><\/td><td>MEDRESE MAH.\u015eEH\u0130T ARMA\u011eAN ALPER SOK. MEVLANA ESER APT 5\/31 MERKEZ \/YOZGAT<\/td><\/tr><tr><td width=\"40%\"><strong>Tel<\/strong><\/td><td>0354 558 1107 PBX<\/td><\/tr><tr><td width=\"40%\"><strong>Web<\/strong><\/td><td>www.garantikompozit.com<\/td><\/tr><tr><td width=\"40%\"><strong>Taahh\u00fct Edilen Sermaye Miktar\u0131<\/strong><\/td><td>50.000.000,- TL<\/td><\/tr><tr><td width=\"40%\"><strong>\u00d6denen Sermaye Miktar\u0131<\/strong><\/td><td>50.000.000,- TL<\/td><\/tr><tr><td width=\"40%\"><strong>Tescil Tarihi<\/strong><\/td><td>1998<\/td><\/tr><tr><td width=\"40%\"><strong>Vergi Dairesi<\/strong><\/td><td>YOZGAT<\/td><\/tr><tr><td width=\"40%\"><strong>Vergi Numaras\u0131<\/strong><\/td><td>389 021 3283<\/td><\/tr><tr><td width=\"40%\"><strong>Sekt\u00f6r<\/strong><\/td><td>SAVUNMA SANAY\u0130 KOMPOZ\u0130T<\/td><\/tr><tr><td colspan=\"2\"><strong>Y\u00f6netim Kurulu Ba\u015fkan\u0131<\/strong><\/td><\/tr><tr><td width=\"40%\"><strong>\u0130sim Soyisim<\/strong><\/td><td>H\u00fcseyin YAZAR<\/td><\/tr><tr><td width=\"40%\"><strong>G\u00f6rev S\u00fcresi<\/strong><\/td><td>3 Y\u0131l<\/td><\/tr><tr><td colspan=\"2\"><strong>Y\u00f6netim Kurulu Ba\u015fkan Yard\u0131mc\u0131s\u0131, Genel M\u00fcd\u00fcr<\/strong><\/td><\/tr><tr><td width=\"40%\"><strong>\u0130sim Soyisim<\/strong><\/td><td>Nursel KAYAR<\/td><\/tr><tr><td width=\"40%\"><strong>G\u00f6rev S\u00fcresi<\/strong><\/td><td>3 Y\u0131l<\/td><\/tr><tr><td colspan=\"2\"><strong>Denet\u00e7i<\/strong><\/td><\/tr><tr><td width=\"40%\"><strong>D\u00f6nem<\/strong><\/td><td>2019<\/td><\/tr><tr><td width=\"40%\"><strong>\u0130sim Soyisim \/ Ticaret \u00dcnvan\u0131<\/strong><\/td><td>HSY DANI\u015eMANLIK VE BA\u011eIMSIZ DENET\u0130M A.\u015e.<\/td><\/tr><tr><td width=\"40%\"><strong>Adres<\/strong><\/td><td>FULYA MH. MEVL\u00dcT PEHL\u0130VAN SK. NO:26 K:5 GAYRETTEPE \u015e\u0130\u015eL\u0130 \u0130STANBUL<\/td><\/tr><\/tbody><\/table><\/div>\n\t\t\t\t<\/div>\n\t\t\t\t<\/div>\n\t\t\t\t\t\t<\/div>\n\t\t\t\t\t<\/div>\n\t\t<\/div>\n\t\t\t\t\t\t\t\t<\/div>\n\t\t\t\t\t<\/div>\n\t\t<\/section>\n\t\t\t\t\t\t<\/div>\n\t\t\t\t\t\t<\/div>\n\t\t\t\t\t<\/div>\n\t\t","protected":false},"excerpt":{"rendered":"<p>Firma Bilgileri GARANT\u0130 G\u0130Y\u0130M KOMPOZ\u0130T TEKNOLOJ\u0130LER\u0130 SAN. VE T\u0130C.A.\u015e \u015eirket T\u00fcr\u00fc Anonim \u015eirketi Mersis 0389021328300010 Ticaret Sicil Memurlu\u011fu YOZGAT Ticaret Sicil Numaras\u0131 2539 Ticaret \u00dcnvan\u0131 GARANT\u0130 G\u0130Y\u0130M KOMPOZ\u0130T TEKNOLOJ\u0130LER\u0130 SAN. VE T\u0130C.A.\u015e \u0130leti\u015fim B\u0130lgileri Adres MEDRESE MAH.\u015eEH\u0130T ARMA\u011eAN ALPER SOK. MEVLANA ESER APT 5\/31 MERKEZ \/YOZGAT Tel 0354 558 1107 PBX Web www.garantikompozit.com Taahh\u00fct Edilen [&hellip;]<\/p>\n","protected":false},"author":6,"featured_media":0,"parent":0,"menu_order":0,"comment_status":"closed","ping_status":"closed","template":"","meta":{"footnotes":""},"class_list":["post-4174","page","type-page","status-publish","hentry"],"_links":{"self":[{"href":"https:\/\/www.garantikompozit.com\/tr\/wp-json\/wp\/v2\/pages\/4174","targetHints":{"allow":["GET"]}}],"collection":[{"href":"https:\/\/www.garantikompozit.com\/tr\/wp-json\/wp\/v2\/pages"}],"about":[{"href":"https:\/\/www.garantikompozit.com\/tr\/wp-json\/wp\/v2\/types\/page"}],"author":[{"embeddable":true,"href":"https:\/\/www.garantikompozit.com\/tr\/wp-json\/wp\/v2\/users\/6"}],"replies":[{"embeddable":true,"href":"https:\/\/www.garantikompozit.com\/tr\/wp-json\/wp\/v2\/comments?post=4174"}],"version-history":[{"count":5,"href":"https:\/\/www.garantikompozit.com\/tr\/wp-json\/wp\/v2\/pages\/4174\/revisions"}],"predecessor-version":[{"id":12667,"href":"https:\/\/www.garantikompozit.com\/tr\/wp-json\/wp\/v2\/pages\/4174\/revisions\/12667"}],"wp:attachment":[{"href":"https:\/\/www.garantikompozit.com\/tr\/wp-json\/wp\/v2\/media?parent=4174"}],"curies":[{"name":"wp","href":"https:\/\/api.w.org\/{rel}","templated":true}]}}