{"id":3884,"date":"2017-06-27T16:59:43","date_gmt":"2017-06-27T16:59:43","guid":{"rendered":"http:\/\/businesslounge-elementor.rtthemes.com\/?page_id=3884"},"modified":"2019-06-11T11:00:00","modified_gmt":"2019-06-11T08:00:00","slug":"haberler","status":"publish","type":"page","link":"https:\/\/www.garantikompozit.com\/tr\/haberler\/","title":{"rendered":"Haberler"},"content":{"rendered":"\t\t<div data-elementor-type=\"wp-post\" data-elementor-id=\"3884\" class=\"elementor elementor-3884\" data-elementor-settings=\"[]\">\n\t\t\t\t\t\t<div class=\"elementor-inner\">\n\t\t\t\t\t\t\t<div class=\"elementor-section-wrap\">\n\t\t\t\t\t\t\t<section class=\"elementor-section elementor-top-section elementor-element elementor-element-krelsrm elementor-section-boxed elementor-section-height-default elementor-section-height-default default-style\" data-id=\"krelsrm\" data-element_type=\"section\" data-settings=\"{&quot;background_background&quot;:&quot;classic&quot;,&quot;rt_color_sets&quot;:&quot;default-style&quot;}\">\n\t\t\t\t\t\t<div class=\"elementor-container elementor-column-gap-default\">\n\t\t\t\t\t\t\t<div class=\"elementor-row\">\n\t\t\t\t\t<div class=\"elementor-column elementor-col-100 elementor-top-column elementor-element elementor-element-spbadiu\" data-id=\"spbadiu\" data-element_type=\"column\">\n\t\t\t<div class=\"elementor-column-wrap elementor-element-populated\">\n\t\t\t\t\t\t\t<div class=\"elementor-widget-wrap\">\n\t\t\t\t\t\t<div class=\"elementor-element elementor-element-pkeqbns elementor-widget elementor-widget-rt-blog\" data-id=\"pkeqbns\" data-element_type=\"widget\" data-widget_type=\"rt-blog.default\">\n\t\t\t\t<div class=\"elementor-widget-container\">\n\t\t\t\n<div id=\"blog-dynamicID-561440\" class=\"blog_list clearfix fixed_heights\" data-column-width=\"3\">\n<div class=\"row clearfix\">\n<article id=\"17610\" class=\"col col-sm-4 post-17610 post type-post status-publish format-standard has-post-thumbnail hentry category-haberler\"><div class=\"post-content-wrapper boxed\">\n \n\n<!-- blog box-->\n\t\t\t\t<figure class=\"featured_image featured_media\">\n\t\t\t<a href=\"https:\/\/www.garantikompozit.com\/tr\/2023\/05\/23\/feindef\/\" title=\"FE\u0130NDEF\" class=\"imgeffect link featured_image\"><img loading=\"lazy\" decoding=\"async\" src=\"https:\/\/www.garantikompozit.com\/wp-content\/uploads\/Feindef-480x360.jpg\" alt=\"\" class=\"\" width=\"480\" height=\"360\" \/><\/a>\t\t\n\t\t<\/figure> \n\t\t\n\t<a href=\"https:\/\/www.garantikompozit.com\/tr\/2023\/05\/23\/feindef\/\" title=\"FE\u0130NDEF\" class=\"post-date\">23 May\u0131s 2023<\/a>\t\t\t\t\n\n\t<div class=\"entry-content text\">\n\n\t\t<!-- blog headline-->\n\t\t<h5 class=\"entry-title\"><a href=\"https:\/\/www.garantikompozit.com\/tr\/2023\/05\/23\/feindef\/\" rel=\"bookmark\">FE\u0130NDEF<\/a><\/h5> \n\n\t\t\n\t\t<!-- meta data -->\n\t\t<div class=\"post_data\">\n\n\t\t\t\n\t\t\t\t\t\t<!-- user -->                                     \n\t\t\t<span class=\"user\">\n\t\t\tby  <a href=\"https:\/\/www.garantikompozit.com\/tr\/author\/uyaradmin\/\" title=\"Uyar Holding Admin taraf\u0131ndan yaz\u0131lan yaz\u0131lar\" rel=\"author\">Uyar Holding Admin<\/a>\t\t\t\t\n\t\t\t<\/span>\n\n\t\t\t\t\t\t\t\n\t\t\t\n\t\t\t\n\t\t\t\t\t\t\n\t\t<\/div><!-- \/ end div  .post_data -->\n\t\n\t\t<p>17-19 May\u0131s 2023 tarihleri aras\u0131nda \u0130spanya\u2019 n\u0131n Madrid \u015fehrinde d\u00fczenlenen bu fuara ilk defa kat\u0131l\u0131m ger\u00e7ekle\u015ftirdik. \u0130spanya a\u011f\u0131rl\u0131kl\u0131 olmak \u00fczere bir\u00e7ok Latin Amerika \u00fclkesi ve baz\u0131 Afrika \u00fclkelerinden gelen sekt\u00f6r temsilcileri ile tan\u0131\u015fma ve \u00fcr\u00fcn...<\/p>\t<\/div> \n\n\t<div class=\"entry-footer\">\n\n\t\t<a href=\"https:\/\/www.garantikompozit.com\/tr\/2023\/05\/23\/feindef\/\" class=\"read_more\">Continue reading<\/a>\n\t<\/div>\n\n<!-- \/ blog box-->\n<\/div><\/article>\n<article id=\"17629\" class=\"col col-sm-4 post-17629 post type-post status-publish format-standard has-post-thumbnail hentry category-haberler\"><div class=\"post-content-wrapper boxed\">\n \n\n<!-- blog box-->\n\t\t\t\t<figure class=\"featured_image featured_media\">\n\t\t\t<a href=\"https:\/\/www.garantikompozit.com\/tr\/2023\/03\/02\/idex\/\" title=\"IDEX\" class=\"imgeffect link featured_image\"><img loading=\"lazy\" decoding=\"async\" src=\"https:\/\/www.garantikompozit.com\/wp-content\/uploads\/Idex-480x360.jpg\" alt=\"\" class=\"\" width=\"480\" height=\"360\" \/><\/a>\t\t\n\t\t<\/figure> \n\t\t\n\t<a href=\"https:\/\/www.garantikompozit.com\/tr\/2023\/03\/02\/idex\/\" title=\"IDEX\" class=\"post-date\">2 Mart 2023<\/a>\t\t\t\t\n\n\t<div class=\"entry-content text\">\n\n\t\t<!-- blog headline-->\n\t\t<h5 class=\"entry-title\"><a href=\"https:\/\/www.garantikompozit.com\/tr\/2023\/03\/02\/idex\/\" rel=\"bookmark\">IDEX<\/a><\/h5> \n\n\t\t\n\t\t<!-- meta data -->\n\t\t<div class=\"post_data\">\n\n\t\t\t\n\t\t\t\t\t\t<!-- user -->                                     \n\t\t\t<span class=\"user\">\n\t\t\tby  <a href=\"https:\/\/www.garantikompozit.com\/tr\/author\/uyaradmin\/\" title=\"Uyar Holding Admin taraf\u0131ndan yaz\u0131lan yaz\u0131lar\" rel=\"author\">Uyar Holding Admin<\/a>\t\t\t\t\n\t\t\t<\/span>\n\n\t\t\t\t\t\t\t\n\t\t\t\n\t\t\t\n\t\t\t\t\t\t\n\t\t<\/div><!-- \/ end div  .post_data -->\n\t\n\t\t<p>\u015eubat 2023 sonunda, Birle\u015fik Arap Emirlikleri\u2019 nin Abu Dhabi \u015fehrinde ger\u00e7ekle\u015fen Orta Do\u011fu ve Arap yar\u0131madas\u0131nda, sekt\u00f6r\u00fcm\u00fcz\u00fcn en b\u00fcy\u00fck Savunma Sanayi fuar\u0131nda, yeni \u00fcr\u00fcnlerimizi m\u00fc\u015fterilere tan\u0131tma f\u0131rsat\u0131n\u0131 bulduk. Kat\u0131l\u0131m\u0131n olduk\u00e7a fazla oldu\u011fu f...<\/p>\t<\/div> \n\n\t<div class=\"entry-footer\">\n\n\t\t<a href=\"https:\/\/www.garantikompozit.com\/tr\/2023\/03\/02\/idex\/\" class=\"read_more\">Continue reading<\/a>\n\t<\/div>\n\n<!-- \/ blog box-->\n<\/div><\/article>\n<article id=\"17636\" class=\"col col-sm-4 post-17636 post type-post status-publish format-standard has-post-thumbnail hentry category-haberler\"><div class=\"post-content-wrapper boxed\">\n \n\n<!-- blog box-->\n\t\t\t\t<figure class=\"featured_image featured_media\">\n\t\t\t<a href=\"https:\/\/www.garantikompozit.com\/tr\/2023\/02\/26\/enforce-tac\/\" title=\"ENFORCE TAC\" class=\"imgeffect link featured_image\"><img loading=\"lazy\" decoding=\"async\" src=\"https:\/\/www.garantikompozit.com\/wp-content\/uploads\/Enforce-Tac-480x360.jpg\" alt=\"\" class=\"\" width=\"480\" height=\"360\" \/><\/a>\t\t\n\t\t<\/figure> \n\t\t\n\t<a href=\"https:\/\/www.garantikompozit.com\/tr\/2023\/02\/26\/enforce-tac\/\" title=\"ENFORCE TAC\" class=\"post-date\">26 \u015eubat 2023<\/a>\t\t\t\t\n\n\t<div class=\"entry-content text\">\n\n\t\t<!-- blog headline-->\n\t\t<h5 class=\"entry-title\"><a href=\"https:\/\/www.garantikompozit.com\/tr\/2023\/02\/26\/enforce-tac\/\" rel=\"bookmark\">ENFORCE TAC<\/a><\/h5> \n\n\t\t\n\t\t<!-- meta data -->\n\t\t<div class=\"post_data\">\n\n\t\t\t\n\t\t\t\t\t\t<!-- user -->                                     \n\t\t\t<span class=\"user\">\n\t\t\tby  <a href=\"https:\/\/www.garantikompozit.com\/tr\/author\/uyaradmin\/\" title=\"Uyar Holding Admin taraf\u0131ndan yaz\u0131lan yaz\u0131lar\" rel=\"author\">Uyar Holding Admin<\/a>\t\t\t\t\n\t\t\t<\/span>\n\n\t\t\t\t\t\t\t\n\t\t\t\n\t\t\t\n\t\t\t\t\t\t\n\t\t<\/div><!-- \/ end div  .post_data -->\n\t\n\t\t<p>Almanya\u2019n\u0131n N\u00fcrnberg \u015fehrinde ger\u00e7ekle\u015ftirilmi\u015f olan ve \u201cPerfect 10\u201d slogan\u0131yla bu y\u0131l 10. su yap\u0131lan Enforce Tac 2023 Uluslararas\u0131 Kolluk Kuvvetleri, G\u00fcvenlik ve Taktiksel \u00c7\u00f6z\u00fcmler Fuar\u0131 d\u00fcnya \u00e7ap\u0131nda savunma sanayi ve g\u00fcvenlik alan\u0131ndaki uzmanlar\u0131...<\/p>\t<\/div> \n\n\t<div class=\"entry-footer\">\n\n\t\t<a href=\"https:\/\/www.garantikompozit.com\/tr\/2023\/02\/26\/enforce-tac\/\" class=\"read_more\">Continue reading<\/a>\n\t<\/div>\n\n<!-- \/ blog box-->\n<\/div><\/article>\n<\/div>\n<div class=\"row clearfix\">\n<article id=\"17622\" class=\"col col-sm-4 post-17622 post type-post status-publish format-standard has-post-thumbnail hentry category-haberler\"><div class=\"post-content-wrapper boxed\">\n \n\n<!-- blog box-->\n\t\t\t\t<figure class=\"featured_image featured_media\">\n\t\t\t<a href=\"https:\/\/www.garantikompozit.com\/tr\/2023\/02\/05\/shot-show\/\" title=\"SHOT SHOW\" class=\"imgeffect link featured_image\"><img loading=\"lazy\" decoding=\"async\" src=\"https:\/\/www.garantikompozit.com\/wp-content\/uploads\/Shot-Show-480x360.jpg\" alt=\"\" class=\"\" width=\"480\" height=\"360\" \/><\/a>\t\t\n\t\t<\/figure> \n\t\t\n\t<a href=\"https:\/\/www.garantikompozit.com\/tr\/2023\/02\/05\/shot-show\/\" title=\"SHOT SHOW\" class=\"post-date\">5 \u015eubat 2023<\/a>\t\t\t\t\n\n\t<div class=\"entry-content text\">\n\n\t\t<!-- blog headline-->\n\t\t<h5 class=\"entry-title\"><a href=\"https:\/\/www.garantikompozit.com\/tr\/2023\/02\/05\/shot-show\/\" rel=\"bookmark\">SHOT SHOW<\/a><\/h5> \n\n\t\t\n\t\t<!-- meta data -->\n\t\t<div class=\"post_data\">\n\n\t\t\t\n\t\t\t\t\t\t<!-- user -->                                     \n\t\t\t<span class=\"user\">\n\t\t\tby  <a href=\"https:\/\/www.garantikompozit.com\/tr\/author\/uyaradmin\/\" title=\"Uyar Holding Admin taraf\u0131ndan yaz\u0131lan yaz\u0131lar\" rel=\"author\">Uyar Holding Admin<\/a>\t\t\t\t\n\t\t\t<\/span>\n\n\t\t\t\t\t\t\t\n\t\t\t\n\t\t\t\n\t\t\t\t\t\t\n\t\t<\/div><!-- \/ end div  .post_data -->\n\t\n\t\t<p>17-20 Ocak 2023 tarihleri aras\u0131nda Amerika\u2019n\u0131n Las Vegas \u015fehrinde ger\u00e7ekle\u015fen at\u0131c\u0131l\u0131k, avc\u0131l\u0131k ve outdoor firmalar\u0131n\u0131n yer ald\u0131\u011f\u0131, konusunda \u00fclkenin en b\u00fcy\u00fck profesyonel etkinli\u011finde balistik koruyucu ekipmanlar\u0131m\u0131z\u0131 sergiledik. Bu alanda \u00f6nemli oyu...<\/p>\t<\/div> \n\n\t<div class=\"entry-footer\">\n\n\t\t<a href=\"https:\/\/www.garantikompozit.com\/tr\/2023\/02\/05\/shot-show\/\" class=\"read_more\">Continue reading<\/a>\n\t<\/div>\n\n<!-- \/ blog box-->\n<\/div><\/article>\n<article id=\"12311\" class=\"col col-sm-4 post-12311 post type-post status-publish format-standard has-post-thumbnail hentry category-haberler\"><div class=\"post-content-wrapper boxed\">\n \n\n<!-- blog box-->\n\t\t\t\t<figure class=\"featured_image featured_media\">\n\t\t\t<a href=\"https:\/\/www.garantikompozit.com\/tr\/2020\/02\/05\/garanti-kompozit-shot-show-2020de\/\" title=\"Garanti Kompozit Shot Show 2020&#8217;de Yerini Ald\u0131\" class=\"imgeffect link featured_image\"><img loading=\"lazy\" decoding=\"async\" src=\"https:\/\/www.garantikompozit.com\/wp-content\/uploads\/2020\/02\/ca2fd0af-9942-4904-9512-fc995735f5de-480x360.jpg\" alt=\"\" class=\"\" width=\"480\" height=\"360\" \/><\/a>\t\t\n\t\t<\/figure> \n\t\t\n\t<a href=\"https:\/\/www.garantikompozit.com\/tr\/2020\/02\/05\/garanti-kompozit-shot-show-2020de\/\" title=\"Garanti Kompozit Shot Show 2020&#8217;de Yerini Ald\u0131\" class=\"post-date\">5 \u015eubat 2020<\/a>\t\t\t\t\n\n\t<div class=\"entry-content text\">\n\n\t\t<!-- blog headline-->\n\t\t<h5 class=\"entry-title\"><a href=\"https:\/\/www.garantikompozit.com\/tr\/2020\/02\/05\/garanti-kompozit-shot-show-2020de\/\" rel=\"bookmark\">Garanti Kompozit Shot Show 2020&#8217;de Yerini Ald\u0131<\/a><\/h5> \n\n\t\t\n\t\t<!-- meta data -->\n\t\t<div class=\"post_data\">\n\n\t\t\t\n\t\t\t\t\t\t<!-- user -->                                     \n\t\t\t<span class=\"user\">\n\t\t\tby  <a href=\"https:\/\/www.garantikompozit.com\/tr\/author\/uyaradmin\/\" title=\"Uyar Holding Admin taraf\u0131ndan yaz\u0131lan yaz\u0131lar\" rel=\"author\">Uyar Holding Admin<\/a>\t\t\t\t\n\t\t\t<\/span>\n\n\t\t\t\t\t\t\t\n\t\t\t\n\t\t\t\n\t\t\t\t\t\t\n\t\t<\/div><!-- \/ end div  .post_data -->\n\t\n\t\t<p>D\u00fcnya \u00e7ap\u0131nda, alan\u0131nda \u00f6nemli fuarlardan biri olan Shot Show 2020, 21-24 Ocak tarihleri aras\u0131nda Las Vegas&#8217;ta d\u00fczenlendi. 42. kez d\u00fczenlenen Shot Show, 113 farkl\u0131 \u00fclkeden 60.000&#8217;den fazla profesyonel taraf\u0131ndan ziyaret edildi. 2400...<\/p>\t<\/div> \n\n\t<div class=\"entry-footer\">\n\n\t\t<a href=\"https:\/\/www.garantikompozit.com\/tr\/2020\/02\/05\/garanti-kompozit-shot-show-2020de\/\" class=\"read_more\">Continue reading<\/a>\n\t<\/div>\n\n<!-- \/ blog box-->\n<\/div><\/article>\n<article id=\"12278\" class=\"col col-sm-4 post-12278 post type-post status-publish format-standard has-post-thumbnail hentry category-haberler\"><div class=\"post-content-wrapper boxed\">\n \n\n<!-- blog box-->\n\t\t\t\t<figure class=\"featured_image featured_media\">\n\t\t\t<a href=\"https:\/\/www.garantikompozit.com\/tr\/2020\/01\/06\/garanti-kompozit-yeni-urunleri-ile-idef-2019da-yerini-aldi\/\" title=\"Garanti Kompozit yeni \u00fcr\u00fcnleri ile IDEF 2019\u2019da yerini ald\u0131.\" class=\"imgeffect link featured_image\"><img loading=\"lazy\" decoding=\"async\" src=\"https:\/\/www.garantikompozit.com\/wp-content\/uploads\/2020\/01\/\u0130def-\u00f6rnek-scaled-480x360.jpg\" alt=\"\" class=\"\" width=\"480\" height=\"360\" \/><\/a>\t\t\n\t\t<\/figure> \n\t\t\n\t<a href=\"https:\/\/www.garantikompozit.com\/tr\/2020\/01\/06\/garanti-kompozit-yeni-urunleri-ile-idef-2019da-yerini-aldi\/\" title=\"Garanti Kompozit yeni \u00fcr\u00fcnleri ile IDEF 2019\u2019da yerini ald\u0131.\" class=\"post-date\">6 Ocak 2020<\/a>\t\t\t\t\n\n\t<div class=\"entry-content text\">\n\n\t\t<!-- blog headline-->\n\t\t<h5 class=\"entry-title\"><a href=\"https:\/\/www.garantikompozit.com\/tr\/2020\/01\/06\/garanti-kompozit-yeni-urunleri-ile-idef-2019da-yerini-aldi\/\" rel=\"bookmark\">Garanti Kompozit yeni \u00fcr\u00fcnleri ile IDEF 2019\u2019da yerini ald\u0131.<\/a><\/h5> \n\n\t\t\n\t\t<!-- meta data -->\n\t\t<div class=\"post_data\">\n\n\t\t\t\n\t\t\t\t\t\t<!-- user -->                                     \n\t\t\t<span class=\"user\">\n\t\t\tby  <a href=\"https:\/\/www.garantikompozit.com\/tr\/author\/uyaradmin\/\" title=\"Uyar Holding Admin taraf\u0131ndan yaz\u0131lan yaz\u0131lar\" rel=\"author\">Uyar Holding Admin<\/a>\t\t\t\t\n\t\t\t<\/span>\n\n\t\t\t\t\t\t\t\n\t\t\t\n\t\t\t\n\t\t\t\t\t\t\n\t\t<\/div><!-- \/ end div  .post_data -->\n\t\n\t\t<p>30 Nisan \u2013 3 May\u0131s 2019 tarihleri aras\u0131nda T\u00fcrkiye\u2019nin ev sahipli\u011finde ger\u00e7ekle\u015ftirilen IDEF 2019 fuar\u0131na 53 \u00fclkeden 481\u2019i yerli, 580\u2019i yabanc\u0131, toplam 1.061 firma ile 96 \u00fclkeden 71.082\u2019si yerli, 4.928\u2019i yabanc\u0131, toplam 76.010 ziyaret\u00e7inin kat\u0131l\u0131m g\u00f6...<\/p>\t<\/div> \n\n\t<div class=\"entry-footer\">\n\n\t\t<a href=\"https:\/\/www.garantikompozit.com\/tr\/2020\/01\/06\/garanti-kompozit-yeni-urunleri-ile-idef-2019da-yerini-aldi\/\" class=\"read_more\">Continue reading<\/a>\n\t<\/div>\n\n<!-- \/ blog box-->\n<\/div><\/article>\n<\/div>\n<\/div>\n<div class=\"paging_wrapper margin-t30 margin-b30\"><ul class='page-numbers'>\n\t<li><span aria-current=\"page\" class=\"page-numbers current\">1<\/span><\/li>\n\t<li><a class=\"page-numbers\" href=\"https:\/\/www.garantikompozit.com\/tr\/wp-json\/wp\/v2\/pages\/3884\/page\/2\/\">2<\/a><\/li>\n\t<li><a class=\"page-numbers\" href=\"https:\/\/www.garantikompozit.com\/tr\/wp-json\/wp\/v2\/pages\/3884\/page\/3\/\">3<\/a><\/li>\n\t<li><span class=\"page-numbers dots\">&hellip;<\/span><\/li>\n\t<li><a class=\"page-numbers\" href=\"https:\/\/www.garantikompozit.com\/tr\/wp-json\/wp\/v2\/pages\/3884\/page\/6\/\">6<\/a><\/li>\n\t<li><a class=\"next page-numbers\" href=\"https:\/\/www.garantikompozit.com\/tr\/wp-json\/wp\/v2\/pages\/3884\/page\/2\/\"><span class=\"ui-icon-angle-right\"><\/span><\/a><\/li>\n<\/ul>\n<\/div>\t\t<\/div>\n\t\t\t\t<\/div>\n\t\t\t\t\t\t<\/div>\n\t\t\t\t\t<\/div>\n\t\t<\/div>\n\t\t\t\t\t\t\t\t<\/div>\n\t\t\t\t\t<\/div>\n\t\t<\/section>\n\t\t\t\t\t\t<\/div>\n\t\t\t\t\t\t<\/div>\n\t\t\t\t\t<\/div>\n\t\t","protected":false},"excerpt":{"rendered":"<p>2 Aral\u0131k 2018 Garanti Kompozit Teknolojileri, Aral\u0131k 2018 by levent %100 yerli sermaye ile kurulan kompozit teknolojileri \u00fcss\u00fc Garanti Kompozit TeknolojileriYozgat\u2019ta 88 bin metrekare a\u00e7\u0131k alan\u0131, 44 bin metrekare kapal\u0131 alan\u0131 ile faaliyet g\u00f6steren Garanti Kompozit Teknolojileri de\u011ferli Ar-Ge projeleri \u00fcretmekte, olu\u015f&#8230; Devam\u0131n\u0131 Oku 30 Kas\u0131m 2018 IDEAS Fuar\u2019\u0131nda Yerimizi Ald\u0131k, Kas\u0131m 2018 by levent [&hellip;]<\/p>\n","protected":false},"author":6,"featured_media":0,"parent":0,"menu_order":0,"comment_status":"closed","ping_status":"closed","template":"","meta":{"footnotes":""},"class_list":["post-3884","page","type-page","status-publish","hentry"],"_links":{"self":[{"href":"https:\/\/www.garantikompozit.com\/tr\/wp-json\/wp\/v2\/pages\/3884","targetHints":{"allow":["GET"]}}],"collection":[{"href":"https:\/\/www.garantikompozit.com\/tr\/wp-json\/wp\/v2\/pages"}],"about":[{"href":"https:\/\/www.garantikompozit.com\/tr\/wp-json\/wp\/v2\/types\/page"}],"author":[{"embeddable":true,"href":"https:\/\/www.garantikompozit.com\/tr\/wp-json\/wp\/v2\/users\/6"}],"replies":[{"embeddable":true,"href":"https:\/\/www.garantikompozit.com\/tr\/wp-json\/wp\/v2\/comments?post=3884"}],"version-history":[{"count":3,"href":"https:\/\/www.garantikompozit.com\/tr\/wp-json\/wp\/v2\/pages\/3884\/revisions"}],"predecessor-version":[{"id":5035,"href":"https:\/\/www.garantikompozit.com\/tr\/wp-json\/wp\/v2\/pages\/3884\/revisions\/5035"}],"wp:attachment":[{"href":"https:\/\/www.garantikompozit.com\/tr\/wp-json\/wp\/v2\/media?parent=3884"}],"curies":[{"name":"wp","href":"https:\/\/api.w.org\/{rel}","templated":true}]}}