{"id":18152,"date":"2025-01-21T21:54:08","date_gmt":"2025-01-21T18:54:08","guid":{"rendered":"https:\/\/www.garantikompozit.com\/?page_id=18152"},"modified":"2025-01-22T09:41:15","modified_gmt":"2025-01-22T06:41:15","slug":"polietilen","status":"publish","type":"page","link":"https:\/\/www.garantikompozit.com\/tr\/polietilen\/","title":{"rendered":"UD Polietilen Kuma\u015f \u00dcretimi"},"content":{"rendered":"\t\t<div data-elementor-type=\"wp-page\" data-elementor-id=\"18152\" class=\"elementor elementor-18152 elementor-18170\" data-elementor-settings=\"[]\">\n\t\t\t\t\t\t<div class=\"elementor-inner\">\n\t\t\t\t\t\t\t<div class=\"elementor-section-wrap\">\n\t\t\t\t\t\t\t<section class=\"elementor-section elementor-top-section elementor-element elementor-element-38bbd59a elementor-section-boxed elementor-section-height-default elementor-section-height-default default-style\" data-id=\"38bbd59a\" data-element_type=\"section\" data-settings=\"{&quot;rt_color_sets&quot;:&quot;default-style&quot;}\">\n\t\t\t\t\t\t<div class=\"elementor-container elementor-column-gap-default\">\n\t\t\t\t\t\t\t<div class=\"elementor-row\">\n\t\t\t\t\t<div class=\"elementor-column elementor-col-100 elementor-top-column elementor-element elementor-element-1d0e0d0\" data-id=\"1d0e0d0\" data-element_type=\"column\">\n\t\t\t<div class=\"elementor-column-wrap elementor-element-populated\">\n\t\t\t\t\t\t\t<div class=\"elementor-widget-wrap\">\n\t\t\t\t\t\t<div class=\"elementor-element elementor-element-7e679497 elementor-widget elementor-widget-shortcode\" data-id=\"7e679497\" data-element_type=\"widget\" data-widget_type=\"shortcode.default\">\n\t\t\t\t<div class=\"elementor-widget-container\">\n\t\t\t\t\t<div class=\"elementor-shortcode\">\n<div  class=\"content_row row default-style fullwidth border-top rt-1325080\">\n\t\n\t<div class=\"content_row_wrapper  default\">\n\t<div class=\"col col-xs-12 col-sm-6  rt-column-container\">\n\t<div class=\"rt-column-inner\">\n\t\t<div class=\"rt-wrapper\">\n\t\t\t\n\t\t\t\t<article class=\"image-content-box content-box  box-style-2  valign-top  center\" style=\"background:url(https:\/\/www.garantikompozit.com\/wp-content\/uploads\/2019\/06\/konfeksiyon.jpg) no-repeat scroll center center \/ cover;padding-top:40px;padding-bottom:40px;padding-left:40px;padding-right:40px;\"> \t\t\t\t\n\t\t\t\t\t<div class=\"text-holder\" style=\"color:#ffffff;\">\n\t\t\t\t\t\t<h2 class=\"heading\" style=\"color:#ffffff;\">UD POL\u0130ET\u0130LEN KUMA\u015e \u00dcRET\u0130M\u0130<\/h2>  \n\t\t\t\t\t<\/div>\n\t\t\t\t<\/article>\n\t\t\n\t\t<article class=\"content-box content-box2\">\n\t\t<div class=\"rt-heading-wrapper style-2\">\n\t\t\t\t\t\t<h4 class=\"rt-heading style-2\"  style=\"margin-bottom:25px!important;\"><\/h4>\n\t\t\t\t\t<\/div>\n\t\t<div class=\"content-holder\">\n\t\t\t\n<ul>\n        <li>Tam entegre \u00fcretim ortam\u0131nda y\u00fcksek kapasiteli \u00fcretim\n        <li>Koruyucu ekipmanlar i\u00e7in balistik kuma\u015f \u00fcretimi\n        <li>Koruyucu ekipmanlar i\u00e7in g\u00fc\u00e7l\u00fc elyaf \u00fcretimi\n        <li>110 gram\/m2 160 gram\/m2 aras\u0131nda de\u011fi\u015fen \u00e7e\u015fitli a\u011f\u0131rl\u0131klara sahip\nyumu\u015fak z\u0131rh ve sert z\u0131rh i\u00e7in kuma\u015f \u00fcretimi\n<\/ul>\n\t\t\t\n\t\t<\/div>\n\t\t<\/article>\n\t\t\n\t\t<article class=\"content-box content-box2\">\n\t\t<div class=\"rt-heading-wrapper style-2\">\n\t\t\t\t\t\t<span class=\"punchline\">UYGULAMA ALANLARI<\/span><h4 class=\"rt-heading style-2 with_punchline\"  style=\"margin-bottom:25px!important;\">V\u00dcCUT KORUMASI \u0130\u00c7\u0130N YUMU\u015eAK ZIRH \u00c7\u00d6Z\u00dcMLER\u0130<\/h4>\n\t\t\t\t\t<\/div>\n\t\t<div class=\"content-holder\">\n\t\t\t\n<ul>\n \t<li>G\u00f6\u011f\u00fcs Korumas\u0131<\/li>\n \t<li>S\u0131rt Korumas\u0131<\/li>\n \t<li>Omuz Korumas\u0131<\/li>\n        <li>Kas\u0131k Korumas\u0131<\/li>\n       <li>Kemer Korumas\u0131<\/li>\n       <li>Boyun Korumas\u0131<\/li>\n<\/ul>\n\n\n\t\t\t\n\t\t<\/div>\n\t\t<\/article>\n\t\t\n\t\t<\/div>\n\t<\/div>\n\t<\/div>\n\n\n\n\t<div class=\"col col-xs-12 col-sm-6  rt-column-container\">\n\t<div class=\"rt-column-inner\">\n\t\t<div class=\"rt-wrapper\">\n\t\t\t\n\t\t\t\t<article class=\"image-content-box content-box  box-style-2  valign-top  center\" style=\"background:url(https:\/\/www.garantikompozit.com\/wp-content\/uploads\/2019\/06\/dardokuma.jpg) no-repeat scroll center center \/ cover;padding-top:60px;padding-bottom:60px;padding-left:40px;padding-right:40px;\"> \t\t\t\t\n\t\t\t\t\t<div class=\"text-holder\" style=\"color:#ffffff;\">\n\t\t\t\t\t\t<h2 class=\"heading\" style=\"color:#ffffff;\">SERT ZIRH \u00c7\u00d6Z\u00dcMLER\u0130<\/h2>  \n\t\t\t\t\t<\/div>\n\t\t\t\t<\/article>\n\t\t\n\t\t<article class=\"content-box content-box2\">\n\t\t<div class=\"rt-heading-wrapper style-2\">\n\t\t\t\t\t\t<h4 class=\"rt-heading style-2\"  style=\"margin-bottom:25px!important;\">V\u00dcCUT KORUMASI<\/h4>\n\t\t\t\t\t<\/div>\n\t\t<div class=\"content-holder\">\n\t\t\t\n<ul>\n \t<li>\u00d6n Plaka<\/li>\n \t<li>Arka Plaka<\/li>\n \t<li>Yan Plaka<\/li>\n \n \t\n<\/ul>\n\n\t\t<article class=\"content-box content-box2\">\n\t\t<div class=\"rt-heading-wrapper style-2\">\n\t\t\t\t\t\t<h4 class=\"rt-heading style-2\"  style=\"margin-bottom:25px!important;\">BAL\u0130ST\u0130K KORUYUCU KALKANLAR<\/h4>\n\t\t\t\t\t<\/div>\n\t\t<div class=\"content-holder\">\n\t\t\t\n\t\t\t\n\t\t<\/div>\n\t\t<\/article>\n\t\t\n<ul>\n \t<li>\u00d6zel Kuvvetler \u0130\u00e7in Kalkanlar<\/li>\n \t<li>Polis Kalkanlar\u0131<\/li>\n<\/ul>\n\n\t\t<article class=\"content-box content-box2\">\n\t\t<div class=\"rt-heading-wrapper style-2\">\n\t\t\t\t\t\t<h4 class=\"rt-heading style-2\"  style=\"margin-bottom:25px!important;\">BAL\u0130ST\u0130K KORUYUCU KUTU VE \u00c7ANTALAR<\/h4>\n\t\t\t\t\t<\/div>\n\t\t<div class=\"content-holder\">\n\t\t\t\n\t\t\t\n\t\t<\/div>\n\t\t<\/article>\n\t\t\n<ul>\n \t<li>Patlamaya Kar\u015f\u0131 Koruyucu Kutular<\/li>\n \t<li>Kur\u015fun ge\u00e7irmez \u00e7anta<\/li>\n<\/ul>\n\n\t\t<article class=\"content-box content-box2\">\n\t\t<div class=\"rt-heading-wrapper style-2\">\n\t\t\t\t\t\t<h4 class=\"rt-heading style-2\"  style=\"margin-bottom:25px!important;\">ARA\u00c7 ZIRH \u00c7\u00d6Z\u00dcMLER\u0130<\/h4>\n\t\t\t\t\t<\/div>\n\t\t<div class=\"content-holder\">\n\t\t\t\n\t\t\t\n\t\t<\/div>\n\t\t<\/article>\n\t\t\n<ul>\n \t<li>Spall liner<\/li>\n \t<li>Add-on ek koruyucu z\u0131rhlama<\/li>\n<\/ul>\n\n\t\t<article class=\"content-box content-box2\">\n\t\t<div class=\"rt-heading-wrapper style-2\">\n\t\t\t\t\t\t<h4 class=\"rt-heading style-2\"  style=\"margin-bottom:25px!important;\">BAL\u0130ST\u0130K KORUYUCU KASK<\/h4>\n\t\t\t\t\t<\/div>\n\t\t<div class=\"content-holder\">\n\t\t\t\n\t\t\t\n\t\t<\/div>\n\t\t<\/article>\n\t\t\n<ul>\n \t<li>T\u00fcfek kask\u0131<\/li>\n \t<li>ACH kask, ECH kask<\/li>\n       <li>PASGT kask<\/li>\n<\/ul>\n\n\t\t<article class=\"content-box content-box2\">\n\t\t<div class=\"rt-heading-wrapper style-2\">\n\t\t\t\t\t\t<h4 class=\"rt-heading style-2\"  style=\"margin-bottom:25px!important;\">U\u00c7AK VE HEL\u0130KOPTER ZIRHI<\/h4>\n\t\t\t\t\t<\/div>\n\t\t<div class=\"content-holder\">\n\t\t\t\n\t\t\t\n\t\t<\/div>\n\t\t<\/article>\n\t\t\n<ul>\n \t<li>Zemin Koruma<\/li>\n \t<li>Koltuk Koruma<\/li>\n       <li>Yan Paneller<\/li>\n       <li>Kritik Ekipmanlar \u0130\u00e7in Balistik Koruma<\/li>\n \t<li>Kokpit Kap\u0131s\u0131 Korumas\u0131<\/li>\n     \n<\/ul>\n\n\t\t\t\n\t\t<\/div>\n\t\t<\/article>\n\t\t\n\t\t<\/div>\n\t<\/div>\n\t<\/div>\n<\/div>\n<\/div>\n\n\n\n\n\n<\/div>\n\t\t\t\t<\/div>\n\t\t\t\t<\/div>\n\t\t\t\t\t\t<\/div>\n\t\t\t\t\t<\/div>\n\t\t<\/div>\n\t\t\t\t\t\t\t\t<\/div>\n\t\t\t\t\t<\/div>\n\t\t<\/section>\n\t\t\t\t\t\t<\/div>\n\t\t\t\t\t\t<\/div>\n\t\t\t\t\t<\/div>\n\t\t","protected":false},"excerpt":{"rendered":"","protected":false},"author":3,"featured_media":0,"parent":0,"menu_order":0,"comment_status":"closed","ping_status":"closed","template":"","meta":{"footnotes":""},"class_list":["post-18152","page","type-page","status-publish","hentry"],"_links":{"self":[{"href":"https:\/\/www.garantikompozit.com\/tr\/wp-json\/wp\/v2\/pages\/18152","targetHints":{"allow":["GET"]}}],"collection":[{"href":"https:\/\/www.garantikompozit.com\/tr\/wp-json\/wp\/v2\/pages"}],"about":[{"href":"https:\/\/www.garantikompozit.com\/tr\/wp-json\/wp\/v2\/types\/page"}],"author":[{"embeddable":true,"href":"https:\/\/www.garantikompozit.com\/tr\/wp-json\/wp\/v2\/users\/3"}],"replies":[{"embeddable":true,"href":"https:\/\/www.garantikompozit.com\/tr\/wp-json\/wp\/v2\/comments?post=18152"}],"version-history":[{"count":8,"href":"https:\/\/www.garantikompozit.com\/tr\/wp-json\/wp\/v2\/pages\/18152\/revisions"}],"predecessor-version":[{"id":18207,"href":"https:\/\/www.garantikompozit.com\/tr\/wp-json\/wp\/v2\/pages\/18152\/revisions\/18207"}],"wp:attachment":[{"href":"https:\/\/www.garantikompozit.com\/tr\/wp-json\/wp\/v2\/media?parent=18152"}],"curies":[{"name":"wp","href":"https:\/\/api.w.org\/{rel}","templated":true}]}}