{"id":18128,"date":"2025-01-21T21:25:49","date_gmt":"2025-01-21T18:25:49","guid":{"rendered":"https:\/\/www.garantikompozit.com\/?page_id=18128"},"modified":"2025-01-22T09:40:08","modified_gmt":"2025-01-22T06:40:08","slug":"kompozit","status":"publish","type":"page","link":"https:\/\/www.garantikompozit.com\/tr\/kompozit\/","title":{"rendered":"Kompozit \u00dcretimi"},"content":{"rendered":"\t\t<div data-elementor-type=\"wp-page\" data-elementor-id=\"18128\" class=\"elementor elementor-18128 elementor-18160\" data-elementor-settings=\"[]\">\n\t\t\t\t\t\t<div class=\"elementor-inner\">\n\t\t\t\t\t\t\t<div class=\"elementor-section-wrap\">\n\t\t\t\t\t\t\t<section class=\"elementor-section elementor-top-section elementor-element elementor-element-38bbd59a elementor-section-boxed elementor-section-height-default elementor-section-height-default default-style\" data-id=\"38bbd59a\" data-element_type=\"section\" data-settings=\"{&quot;rt_color_sets&quot;:&quot;default-style&quot;}\">\n\t\t\t\t\t\t<div class=\"elementor-container elementor-column-gap-default\">\n\t\t\t\t\t\t\t<div class=\"elementor-row\">\n\t\t\t\t\t<div class=\"elementor-column elementor-col-100 elementor-top-column elementor-element elementor-element-1d0e0d0\" data-id=\"1d0e0d0\" data-element_type=\"column\">\n\t\t\t<div class=\"elementor-column-wrap elementor-element-populated\">\n\t\t\t\t\t\t\t<div class=\"elementor-widget-wrap\">\n\t\t\t\t\t\t<div class=\"elementor-element elementor-element-7e679497 elementor-widget elementor-widget-shortcode\" data-id=\"7e679497\" data-element_type=\"widget\" data-widget_type=\"shortcode.default\">\n\t\t\t\t<div class=\"elementor-widget-container\">\n\t\t\t\t\t<div class=\"elementor-shortcode\">\n<div  class=\"content_row row default-style fullwidth border-top rt-1325080\">\n\t\n\t<div class=\"content_row_wrapper  default\">\n\t<div class=\"col col-xs-12 col-sm-6  rt-column-container\">\n\t<div class=\"rt-column-inner\">\n\t\t<div class=\"rt-wrapper\">\n\t\t\t\n\t\t\t\t<article class=\"image-content-box content-box  box-style-2  valign-top  center\" style=\"background:url(https:\/\/www.garantikompozit.com\/wp-content\/uploads\/2019\/06\/konfeksiyon.jpg) no-repeat scroll center center \/ cover;padding-top:40px;padding-bottom:40px;padding-left:40px;padding-right:40px;\"> \t\t\t\t\n\t\t\t\t\t<div class=\"text-holder\" style=\"color:#ffffff;\">\n\t\t\t\t\t\t<h2 class=\"heading\" style=\"color:#ffffff;\">KOMPOZ\u0130T \u00dcRET\u0130M<\/h2>  \n\t\t\t\t\t<\/div>\n\t\t\t\t<\/article>\n\t\t\n\t\t<article class=\"content-box content-box2\">\n\t\t<div class=\"rt-heading-wrapper style-2\">\n\t\t\t\t\t\t<span class=\"punchline\">KOMPOZ\u0130T \u00dcRET\u0130M ALTYAPISI<\/span><h4 class=\"rt-heading style-2 with_punchline\"  style=\"margin-bottom:25px!important;\">KOMPOZ\u0130T \u00dcRET\u0130M\u0130<\/h4>\n\t\t\t\t\t<\/div>\n\t\t<div class=\"content-holder\">\n\t\t\t\n<ul>\n        <li>Dikey S\u0131cak Pres\n        <li>Otoklav\n        <li>Membran Kal\u0131plama\n        <li>Filament Sarg\u0131s\u0131\n<\/ul>\n\t\t\t\n\t\t<\/div>\n\t\t<\/article>\n\t\t\n\t\t<article class=\"content-box content-box2\">\n\t\t<div class=\"rt-heading-wrapper style-2\">\n\t\t\t\t\t\t<span class=\"punchline\">KOMPOZ\u0130T \u00dcRET\u0130M ALTYAPISI<\/span><h4 class=\"rt-heading style-2 with_punchline\"  style=\"margin-bottom:25px!important;\">B\u0130LG\u0130SAYAR KONTROLL\u00dc YARDIMCI EK\u0130PMANLAR<\/h4>\n\t\t\t\t\t<\/div>\n\t\t<div class=\"content-holder\">\n\t\t\t\n<ul>\n \t<li>Lazer Kesim<\/li>\n \t<li>Su Jeti Kesimi<\/li>\n \t<li>Otomatik Kuma\u015f Kesim<\/li>\n<\/ul>\n\n\t\t\t\n\t\t<\/div>\n\t\t<\/article>\n\t\t\n\t\t<article class=\"content-box content-box2\">\n\t\t<div class=\"rt-heading-wrapper style-2\">\n\t\t\t\t\t\t<span class=\"punchline\">KOMPOZ\u0130T \u00dcRET\u0130M ALTYAPISI<\/span><h4 class=\"rt-heading style-2 with_punchline\"  style=\"margin-bottom:25px!important;\">BOYA VE KAPLAMA HATLARI<\/h4>\n\t\t\t\t\t<\/div>\n\t\t<div class=\"content-holder\">\n\t\t\t<ul>\n \t<li>Kompozit Boyama<\/li>\n \t<li>Poli\u00fcrea Kaplama<\/li>\n \t\n<\/ul>\n\n\t\t\t\n\t\t<\/div>\n\t\t<\/article>\n\t\t\n\t\t<article class=\"content-box content-box2\">\n\t\t<div class=\"rt-heading-wrapper style-2\">\n\t\t\t\t\t\t<span class=\"punchline\">KOMPOZ\u0130T \u00dcRET\u0130M ALTYAPISI<\/span><h4 class=\"rt-heading style-2 with_punchline\"  style=\"margin-bottom:25px!important;\">TEM\u0130Z ODA\nSO\u011eUK HAVA DEPOSU, AKRED\u0130TE TEST LABORATUVARI<\/h4>\n\t\t\t\t\t<\/div>\n\t\t<div class=\"content-holder\">\n\t\t\t<ul>\n \t<li>Balistik Test Laboratuvar\u0131<\/li>\n \t<li>\u00c7evresel Test Laboratuvar\u0131<\/li>\n \t<li>Tekstil Test Laboratuvar\u0131<\/li>\n<\/ul>\n\n\t\t\t\n\t\t<\/div>\n\t\t<\/article>\n\t\t\n\t\t<\/div>\n\t<\/div>\n\t<\/div>\n\n\n\n\t<div class=\"col col-xs-12 col-sm-6  rt-column-container\">\n\t<div class=\"rt-column-inner\">\n\t\t<div class=\"rt-wrapper\">\n\t\t\t\n\t\t\t\t<article class=\"image-content-box content-box  box-style-2  valign-top  center\" style=\"background:url(https:\/\/www.garantikompozit.com\/wp-content\/uploads\/2019\/06\/dardokuma.jpg) no-repeat scroll center center \/ cover;padding-top:20px;padding-bottom:20px;padding-left:40px;padding-right:40px;\"> \t\t\t\t\n\t\t\t\t\t<div class=\"text-holder\" style=\"color:#ffffff;\">\n\t\t\t\t\t\t<h2 class=\"heading\" style=\"color:#ffffff;\">KOMPOZ\u0130T \u00dcR\u00dcN GRUPLARI<\/h2>  \n\t\t\t\t\t<\/div>\n\t\t\t\t<\/article>\n\t\t\n\t\t<article class=\"content-box content-box2\">\n\t\t<div class=\"rt-heading-wrapper style-2\">\n\t\t\t\t\t\t<h4 class=\"rt-heading style-2\"  style=\"margin-bottom:25px!important;\">\u0130NSANSIZ HAVA ARA\u00c7LARI\nVE KOMPOZ\u0130T YAPISAL PAR\u00c7ALAR<\/h4>\n\t\t\t\t\t<\/div>\n\t\t<div class=\"content-holder\">\n\t\t\t\n<ul>\n \t<li>\u0130nsans\u0131z Hava Ara\u00e7lar\u0131, Dronelar, Balonlar,<\/li>\n \t<li>Komuta Kontrol Ekipman\u0131<\/li>\n \t<li>Lan\u00e7er<\/li>\n \t<li>G\u00f6vde<\/li>\n \t<li>Yatay ve Dikey Stabilizat\u00f6r<\/li>\n \t<li>Kanat\/\/Rotor\/Mil\/G\u00f6bek\/Kanat kapak\u00e7\u0131\u011f\u0131<\/li>\n \t<li>\u0130ni\u015f Tak\u0131mlar\u0131<\/li>\n \t\n<\/ul>\n\n\t<div class=\"col col-xs-12 col-sm-6  rt-column-container\">\n\t<div class=\"rt-column-inner\">\n\t\t<div class=\"rt-wrapper\">\n\t\t\t\n\t\t<\/div>\n\t<\/div>\n\t<\/div>\n\n\t\t\t\t<article class=\"image-content-box content-box  box-style-2  valign-top  center\" style=\"background:url(https:\/\/www.garantikompozit.com\/wp-content\/uploads\/2019\/06\/dardokuma.jpg) no-repeat scroll center center \/ cover;padding-top:20px;padding-bottom:20px;padding-left:20px;padding-right:20px;\"> \t\t\t\t\n\t\t\t\t\t<div class=\"text-holder\" style=\"color:#ffffff;\">\n\t\t\t\t\t\t<h3 class=\"heading\" style=\"color:#ffffff;\">HARP BA\u015eLI\u011eI ve SERBEST D\u00dc\u015e\u00dc\u015e BOMBA G\u00d6VDES\u0130<\/h3>  \n\t\t\t\t\t<\/div>\n\t\t\t\t<\/article>\n\t\t\n\t\t<article class=\"content-box content-box2\">\n\t\t<div class=\"rt-heading-wrapper style-2\">\n\t\t\t\t\t\t<h4 class=\"rt-heading style-2\"  style=\"margin-bottom:25px!important;\">\nHAF\u0130F,G\u00dcVENL\u0130 TA\u015eIMA SANDI\u011eI\nKOMPOZ\u0130T D\u0130REK<\/h4>\n\t\t\t\t\t<\/div>\n\t\t<div class=\"content-holder\">\n\t\t\t\n\t\t\t\n\t\t<\/div>\n\t\t<\/article>\n\t\t\n\n\n\t\t\t\n\t\t<\/div>\n\t\t<\/article>\n\t\t\n\t\t<\/div>\n\t<\/div>\n\t<\/div>\n<\/div>\n<\/div>\n\n\n\n\n\n<\/div>\n\t\t\t\t<\/div>\n\t\t\t\t<\/div>\n\t\t\t\t\t\t<\/div>\n\t\t\t\t\t<\/div>\n\t\t<\/div>\n\t\t\t\t\t\t\t\t<\/div>\n\t\t\t\t\t<\/div>\n\t\t<\/section>\n\t\t\t\t\t\t<\/div>\n\t\t\t\t\t\t<\/div>\n\t\t\t\t\t<\/div>\n\t\t","protected":false},"excerpt":{"rendered":"","protected":false},"author":3,"featured_media":0,"parent":0,"menu_order":0,"comment_status":"closed","ping_status":"closed","template":"","meta":{"footnotes":""},"class_list":["post-18128","page","type-page","status-publish","hentry"],"_links":{"self":[{"href":"https:\/\/www.garantikompozit.com\/tr\/wp-json\/wp\/v2\/pages\/18128","targetHints":{"allow":["GET"]}}],"collection":[{"href":"https:\/\/www.garantikompozit.com\/tr\/wp-json\/wp\/v2\/pages"}],"about":[{"href":"https:\/\/www.garantikompozit.com\/tr\/wp-json\/wp\/v2\/types\/page"}],"author":[{"embeddable":true,"href":"https:\/\/www.garantikompozit.com\/tr\/wp-json\/wp\/v2\/users\/3"}],"replies":[{"embeddable":true,"href":"https:\/\/www.garantikompozit.com\/tr\/wp-json\/wp\/v2\/comments?post=18128"}],"version-history":[{"count":19,"href":"https:\/\/www.garantikompozit.com\/tr\/wp-json\/wp\/v2\/pages\/18128\/revisions"}],"predecessor-version":[{"id":18206,"href":"https:\/\/www.garantikompozit.com\/tr\/wp-json\/wp\/v2\/pages\/18128\/revisions\/18206"}],"wp:attachment":[{"href":"https:\/\/www.garantikompozit.com\/tr\/wp-json\/wp\/v2\/media?parent=18128"}],"curies":[{"name":"wp","href":"https:\/\/api.w.org\/{rel}","templated":true}]}}