{"id":17914,"date":"2024-01-04T23:45:15","date_gmt":"2024-01-04T20:45:15","guid":{"rendered":"https:\/\/www.garantikompozit.com\/?page_id=17914"},"modified":"2024-01-04T23:52:19","modified_gmt":"2024-01-04T20:52:19","slug":"memnuniyet-formu","status":"publish","type":"page","link":"https:\/\/www.garantikompozit.com\/tr\/memnuniyet-formu\/","title":{"rendered":"Memnuniyet \/ \u015eikayet \/ \u00d6neri \/ \u0130stek Formu"},"content":{"rendered":"\t\t<div data-elementor-type=\"wp-page\" data-elementor-id=\"17914\" class=\"elementor elementor-17914\" data-elementor-settings=\"[]\">\n\t\t\t\t\t\t<div class=\"elementor-inner\">\n\t\t\t\t\t\t\t<div class=\"elementor-section-wrap\">\n\t\t\t\t\t\t\t<section class=\"elementor-section elementor-top-section elementor-element elementor-element-b8089de elementor-section-boxed elementor-section-height-default elementor-section-height-default default-style\" data-id=\"b8089de\" data-element_type=\"section\" data-settings=\"{&quot;rt_color_sets&quot;:&quot;default-style&quot;}\">\n\t\t\t\t\t\t<div class=\"elementor-container elementor-column-gap-default\">\n\t\t\t\t\t\t\t<div class=\"elementor-row\">\n\t\t\t\t\t<div class=\"elementor-column elementor-col-100 elementor-top-column elementor-element elementor-element-c2e47f8\" data-id=\"c2e47f8\" data-element_type=\"column\">\n\t\t\t<div class=\"elementor-column-wrap elementor-element-populated\">\n\t\t\t\t\t\t\t<div class=\"elementor-widget-wrap\">\n\t\t\t\t\t\t<div class=\"elementor-element elementor-element-ff876d5 elementor-widget elementor-widget-spacer\" data-id=\"ff876d5\" data-element_type=\"widget\" data-widget_type=\"spacer.default\">\n\t\t\t\t<div class=\"elementor-widget-container\">\n\t\t\t\t\t<div class=\"elementor-spacer\">\n\t\t\t<div class=\"elementor-spacer-inner\"><\/div>\n\t\t<\/div>\n\t\t\t\t<\/div>\n\t\t\t\t<\/div>\n\t\t\t\t\t\t<\/div>\n\t\t\t\t\t<\/div>\n\t\t<\/div>\n\t\t\t\t\t\t\t\t<\/div>\n\t\t\t\t\t<\/div>\n\t\t<\/section>\n\t\t\t\t<section class=\"elementor-section elementor-top-section elementor-element elementor-element-69b07b7 elementor-section-boxed elementor-section-height-default elementor-section-height-default default-style\" data-id=\"69b07b7\" data-element_type=\"section\" data-settings=\"{&quot;rt_color_sets&quot;:&quot;default-style&quot;}\">\n\t\t\t\t\t\t<div class=\"elementor-container elementor-column-gap-default\">\n\t\t\t\t\t\t\t<div class=\"elementor-row\">\n\t\t\t\t\t<div class=\"elementor-column elementor-col-100 elementor-top-column elementor-element elementor-element-7c8a1b6\" data-id=\"7c8a1b6\" data-element_type=\"column\">\n\t\t\t<div class=\"elementor-column-wrap elementor-element-populated\">\n\t\t\t\t\t\t\t<div class=\"elementor-widget-wrap\">\n\t\t\t\t\t\t<div class=\"elementor-element elementor-element-b9440be elementor-widget elementor-widget-heading\" data-id=\"b9440be\" data-element_type=\"widget\" data-widget_type=\"heading.default\">\n\t\t\t\t<div class=\"elementor-widget-container\">\n\t\t\t<h5 class=\"elementor-heading-title elementor-size-default\">\nL\u00fctfen formdaki ilgili alanlar\u0131 doldurunuz. Size en k\u0131sa s\u00fcrede konu ile ilgili bilgi verece\u011fiz.<\/h5>\t\t<\/div>\n\t\t\t\t<\/div>\n\t\t\t\t\t\t<\/div>\n\t\t\t\t\t<\/div>\n\t\t<\/div>\n\t\t\t\t\t\t\t\t<\/div>\n\t\t\t\t\t<\/div>\n\t\t<\/section>\n\t\t\t\t<section class=\"elementor-section elementor-top-section elementor-element elementor-element-30e4040 elementor-section-boxed elementor-section-height-default elementor-section-height-default default-style\" data-id=\"30e4040\" data-element_type=\"section\" data-settings=\"{&quot;rt_color_sets&quot;:&quot;default-style&quot;}\">\n\t\t\t\t\t\t<div class=\"elementor-container elementor-column-gap-default\">\n\t\t\t\t\t\t\t<div class=\"elementor-row\">\n\t\t\t\t\t<div class=\"elementor-column elementor-col-100 elementor-top-column elementor-element elementor-element-e5aa19a\" data-id=\"e5aa19a\" data-element_type=\"column\">\n\t\t\t<div class=\"elementor-column-wrap elementor-element-populated\">\n\t\t\t\t\t\t\t<div class=\"elementor-widget-wrap\">\n\t\t\t\t\t\t<div class=\"elementor-element elementor-element-b50ce27 elementor-align-left elementor-widget elementor-widget-rt-contact-form-7\" data-id=\"b50ce27\" data-element_type=\"widget\" data-widget_type=\"rt-contact-form-7.default\">\n\t\t\t\t<div class=\"elementor-widget-container\">\n\t\t\t\n<div class=\"wpcf7 no-js\" id=\"wpcf7-f17913-o1\" lang=\"tr-TR\" dir=\"ltr\" data-wpcf7-id=\"17913\">\n<div class=\"screen-reader-response\"><p role=\"status\" aria-live=\"polite\" aria-atomic=\"true\"><\/p> <ul><\/ul><\/div>\n<form action=\"\/tr\/wp-json\/wp\/v2\/pages\/17914#wpcf7-f17913-o1\" method=\"post\" class=\"wpcf7-form init\" aria-label=\"\u0130leti\u015fim Formu\" novalidate=\"novalidate\" data-status=\"init\">\n<div style=\"display: none;\">\n<input type=\"hidden\" name=\"_wpcf7\" value=\"17913\" \/>\n<input type=\"hidden\" name=\"_wpcf7_version\" value=\"6.0.6\" \/>\n<input type=\"hidden\" name=\"_wpcf7_locale\" value=\"tr_TR\" \/>\n<input type=\"hidden\" name=\"_wpcf7_unit_tag\" value=\"wpcf7-f17913-o1\" \/>\n<input type=\"hidden\" name=\"_wpcf7_container_post\" value=\"0\" \/>\n<input type=\"hidden\" name=\"_wpcf7_posted_data_hash\" value=\"\" \/>\n<input type=\"hidden\" name=\"_wpcf7_recaptcha_response\" value=\"\" \/>\n<\/div>\n<p><span class=\"wpcf7-form-control-wrap\" data-name=\"radio-248\"><span class=\"wpcf7-form-control wpcf7-radio\"><span class=\"wpcf7-list-item first\"><input type=\"radio\" name=\"radio-248\" value=\"Ki\u015fisel bilgilerimi doldurmay\u0131 kabul ediyorum\" checked=\"checked\" \/><span class=\"wpcf7-list-item-label\">Ki\u015fisel bilgilerimi doldurmay\u0131 kabul ediyorum<\/span><\/span><span class=\"wpcf7-list-item last\"><input type=\"radio\" name=\"radio-248\" value=\"Ki\u015fisel bilgilerimi doldurmay\u0131 kabul etmiyorum\" \/><span class=\"wpcf7-list-item-label\">Ki\u015fisel bilgilerimi doldurmay\u0131 kabul etmiyorum<\/span><\/span><\/span><\/span>\n<\/p>\n<div class=\"formrow\">\n\t<div class=\"leftcell\">\n\t\t<p><label> Ad\u0131 (gerekli)<br \/>\n<span class=\"wpcf7-form-control-wrap\" data-name=\"your-name\"><input size=\"40\" maxlength=\"400\" class=\"wpcf7-form-control wpcf7-text wpcf7-validates-as-required\" aria-required=\"true\" aria-invalid=\"false\" value=\"\" type=\"text\" name=\"your-name\" \/><\/span> <\/label>\n\t\t<\/p>\n\t<\/div>\n\t<div class=\"rightcell\">\n\t\t<p><label> Soyad\u0131 (gerekli)<br \/>\n<span class=\"wpcf7-form-control-wrap\" data-name=\"your-family-name\"><input size=\"40\" maxlength=\"400\" class=\"wpcf7-form-control wpcf7-text wpcf7-validates-as-required\" aria-required=\"true\" aria-invalid=\"false\" value=\"\" type=\"text\" name=\"your-family-name\" \/><\/span> <\/label>\n\t\t<\/p>\n\t<\/div>\n<\/div>\n<div class=\"formrow\">\n\t<div class=\"leftcell\">\n\t\t<p><label> G\u00f6revi<br \/>\n<span class=\"wpcf7-form-control-wrap\" data-name=\"your-job\"><input size=\"40\" maxlength=\"400\" class=\"wpcf7-form-control wpcf7-text\" aria-invalid=\"false\" value=\"\" type=\"text\" name=\"your-job\" \/><\/span> <\/label>\n\t\t<\/p>\n\t<\/div>\n\t<div class=\"rightcell\">\n\t\t<p><label> E-posta adresi (gerekli)<br \/>\n<span class=\"wpcf7-form-control-wrap\" data-name=\"your-email\"><input size=\"40\" maxlength=\"400\" class=\"wpcf7-form-control wpcf7-email wpcf7-validates-as-required wpcf7-text wpcf7-validates-as-email\" aria-required=\"true\" aria-invalid=\"false\" value=\"\" type=\"email\" name=\"your-email\" \/><\/span> <\/label>\n\t\t<\/p>\n\t<\/div>\n<\/div>\n<div class=\"formrow\">\n\t<div class=\"onecell\">\n\t\t<p><label> \u00c7al\u0131\u015ft\u0131\u011f\u0131 kurum<br \/>\n<span class=\"wpcf7-form-control-wrap\" data-name=\"your-job\"><input size=\"40\" maxlength=\"400\" class=\"wpcf7-form-control wpcf7-text\" aria-invalid=\"false\" value=\"\" type=\"text\" name=\"your-job\" \/><\/span> <\/label>\n\t\t<\/p>\n\t<\/div>\n<\/div>\n<div class=\"formrow\">\n\t<div class=\"onecell\">\n\t\t<p><label> Adresi<br \/>\n<span class=\"wpcf7-form-control-wrap\" data-name=\"your-job\"><input size=\"40\" maxlength=\"400\" class=\"wpcf7-form-control wpcf7-text\" aria-invalid=\"false\" value=\"\" type=\"text\" name=\"your-job\" \/><\/span> <\/label>\n\t\t<\/p>\n\t<\/div>\n<\/div>\n<div class=\"formrow\">\n\t<div class=\"onecell\">\n\t\t<p><label>Size geri d\u00f6n\u00fc\u015f\u00fcm\u00fcz\u00fc nas\u0131l yapmam\u0131z\u0131 istersiniz? <\/label><br \/>\n<span class=\"wpcf7-form-control-wrap\" data-name=\"contact-method\"><span class=\"wpcf7-form-control wpcf7-checkbox wpcf7-validates-as-required\"><span class=\"wpcf7-list-item first\"><input type=\"checkbox\" name=\"contact-method[]\" value=\"E-posta\" \/><span class=\"wpcf7-list-item-label\">E-posta<\/span><\/span><span class=\"wpcf7-list-item\"><input type=\"checkbox\" name=\"contact-method[]\" value=\"Telefon\" \/><span class=\"wpcf7-list-item-label\">Telefon<\/span><\/span><span class=\"wpcf7-list-item last\"><input type=\"checkbox\" name=\"contact-method[]\" value=\"Mektup\" \/><span class=\"wpcf7-list-item-label\">Mektup<\/span><\/span><\/span><\/span>\n\t\t<\/p>\n\t<\/div>\n<\/div>\n<div class=\"formrow\">\n\t<div class=\"onethird\">\n\t\t<p><label> Geri d\u00f6n\u00fc\u015f e-posta adresi (e\u011fer e-posta ile d\u00f6nmemizi istediyseniz doldurunuz)<br \/>\n<span class=\"wpcf7-form-control-wrap\" data-name=\"your-email\"><input size=\"40\" maxlength=\"400\" class=\"wpcf7-form-control wpcf7-email wpcf7-text wpcf7-validates-as-email\" aria-invalid=\"false\" value=\"\" type=\"email\" name=\"your-email\" \/><\/span> <\/label>\n\t\t<\/p>\n\t<\/div>\n\t<div class=\"onethird\">\n\t\t<p><label> Geri d\u00f6n\u00fc\u015f telefonu (e\u011fer telefon ile d\u00f6nmemizi istediyseniz doldurunuz)<br \/>\n<span class=\"wpcf7-form-control-wrap\" data-name=\"reply-phone\"><input size=\"40\" maxlength=\"400\" class=\"wpcf7-form-control wpcf7-tel wpcf7-text wpcf7-validates-as-tel\" aria-invalid=\"false\" value=\"\" type=\"tel\" name=\"reply-phone\" \/><\/span> <\/label>\n\t\t<\/p>\n\t<\/div>\n\t<div class=\"onethird\">\n\t\t<p><label> Geri d\u00f6n\u00fc\u015f mektup adresi (e\u011fer mektup ile d\u00f6nmemizi istediyseniz doldurunuz)<br \/>\n<span class=\"wpcf7-form-control-wrap\" data-name=\"your-message\"><textarea cols=\"40\" rows=\"10\" maxlength=\"2000\" class=\"wpcf7-form-control wpcf7-textarea\" aria-invalid=\"false\" name=\"your-message\"><\/textarea><\/span> <\/label>\n\t\t<\/p>\n\t<\/div>\n<\/div>\n<div class=\"formrow\">\n\t<div class=\"onecell\">\n\t\t<p><label>Form doldurma sebebi<\/label><br \/>\n<span class=\"wpcf7-form-control-wrap\" data-name=\"reason\"><span class=\"wpcf7-form-control wpcf7-radio\"><span class=\"wpcf7-list-item first\"><input type=\"radio\" name=\"reason\" value=\"Memnuniyet\" checked=\"checked\" \/><span class=\"wpcf7-list-item-label\">Memnuniyet<\/span><\/span><span class=\"wpcf7-list-item\"><input type=\"radio\" name=\"reason\" value=\"\u015eikayet\" \/><span class=\"wpcf7-list-item-label\">\u015eikayet<\/span><\/span><span class=\"wpcf7-list-item last\"><input type=\"radio\" name=\"reason\" value=\"\u00d6neri \/ istek (Raporda revizyon talebi)\" \/><span class=\"wpcf7-list-item-label\">\u00d6neri \/ istek (Raporda revizyon talebi)<\/span><\/span><\/span><\/span>\n\t\t<\/p>\n\t<\/div>\n<\/div>\n<div class=\"formrow\">\n\t<div class=\"onecell\">\n\t\t<p><label> Form doldurma sebebi hakk\u0131nda a\u00e7\u0131klama<br \/>\n<span class=\"wpcf7-form-control-wrap\" data-name=\"your-message\"><textarea cols=\"40\" rows=\"10\" maxlength=\"2000\" class=\"wpcf7-form-control wpcf7-textarea\" aria-invalid=\"false\" name=\"your-message\"><\/textarea><\/span> <\/label>\n\t\t<\/p>\n\t\t<p>Raporda Revizyon Talebiniz Varsa L\u00fctfen Ki\u015fisel Bilgilerinizi Ve Bu B\u00f6l\u00fcm\u00fc Mutlaka Doldurunuz.<br \/>\nRevizyon Talebi \u0130nceleme Sonucu Laboratuvar M\u00fcd\u00fcr\u00fcm\u00fcz Taraf\u0131ndan Yap\u0131larak Size Geri D\u00f6n\u00fc\u015f Sa\u011flanacakt\u0131r.\n\t\t<\/p>\n\t<\/div>\n<\/div>\n<div class=\"formrow\">\n\t<div class=\"leftcell\">\n\t\t<p><label>Hangi laboratuvar\u0131m\u0131zda test yapt\u0131rd\u0131n\u0131z?<\/label><br \/>\n<span class=\"wpcf7-form-control-wrap\" data-name=\"reason\"><span class=\"wpcf7-form-control wpcf7-radio\"><span class=\"wpcf7-list-item first\"><input type=\"radio\" name=\"reason\" value=\"Balistik Test Laboratuvar\u0131\" checked=\"checked\" \/><span class=\"wpcf7-list-item-label\">Balistik Test Laboratuvar\u0131<\/span><\/span><span class=\"wpcf7-list-item\"><input type=\"radio\" name=\"reason\" value=\"Tekstil Test Laboratuvar\u0131\" \/><span class=\"wpcf7-list-item-label\">Tekstil Test Laboratuvar\u0131<\/span><\/span><span class=\"wpcf7-list-item last\"><input type=\"radio\" name=\"reason\" value=\"\u00c7evre Ko\u015fullar\u0131 Test Laboratuvar\u0131\" \/><span class=\"wpcf7-list-item-label\">\u00c7evre Ko\u015fullar\u0131 Test Laboratuvar\u0131<\/span><\/span><\/span><\/span>\n\t\t<\/p>\n\t<\/div>\n\t<div class=\"rightcell\">\n\t\t<p><label> Rapor Protokol No<br \/>\n<span class=\"wpcf7-form-control-wrap\" data-name=\"protokol-no\"><input size=\"40\" maxlength=\"400\" class=\"wpcf7-form-control wpcf7-text\" aria-invalid=\"false\" value=\"\" type=\"text\" name=\"protokol-no\" \/><\/span> <\/label>\n\t\t<\/p>\n\t<\/div>\n<\/div>\n<div class=\"formrow\">\n\t<div class=\"onecell\">\n\t\t<p><label> Raporda revizyon talebi nedeninizi l\u00fctfen a\u00e7\u0131klar m\u0131s\u0131n\u0131z?<br \/>\n<span class=\"wpcf7-form-control-wrap\" data-name=\"your-message\"><textarea cols=\"40\" rows=\"10\" maxlength=\"2000\" class=\"wpcf7-form-control wpcf7-textarea\" aria-invalid=\"false\" name=\"your-message\"><\/textarea><\/span> <\/label>\n\t\t<\/p>\n\t<\/div>\n<\/div>\n<p><input class=\"wpcf7-form-control wpcf7-submit has-spinner\" type=\"submit\" value=\"G\u00f6nder\" \/>\n<\/p><input type='hidden' class='wpcf7-pum' value='{\"closepopup\":false,\"closedelay\":0,\"openpopup\":false,\"openpopup_id\":0}' \/><div class=\"wpcf7-response-output\" aria-hidden=\"true\"><\/div>\n<\/form>\n<\/div>\n\t\t<\/div>\n\t\t\t\t<\/div>\n\t\t\t\t\t\t<\/div>\n\t\t\t\t\t<\/div>\n\t\t<\/div>\n\t\t\t\t\t\t\t\t<\/div>\n\t\t\t\t\t<\/div>\n\t\t<\/section>\n\t\t\t\t\t\t<\/div>\n\t\t\t\t\t\t<\/div>\n\t\t\t\t\t<\/div>\n\t\t","protected":false},"excerpt":{"rendered":"<p>L\u00fctfen formdaki ilgili alanlar\u0131 doldurunuz. Size en k\u0131sa s\u00fcrede konu ile ilgili bilgi verece\u011fiz. Ki\u015fisel bilgilerimi doldurmay\u0131 kabul ediyorumKi\u015fisel bilgilerimi doldurmay\u0131 kabul etmiyorum Ad\u0131 (gerekli) Soyad\u0131 (gerekli) G\u00f6revi E-posta adresi (gerekli) \u00c7al\u0131\u015ft\u0131\u011f\u0131 kurum Adresi Size geri d\u00f6n\u00fc\u015f\u00fcm\u00fcz\u00fc nas\u0131l yapmam\u0131z\u0131 istersiniz? E-postaTelefonMektup Geri d\u00f6n\u00fc\u015f e-posta adresi (e\u011fer e-posta ile d\u00f6nmemizi istedi iseniz doldurunuz) Geri d\u00f6n\u00fc\u015f telefonu [&hellip;]<\/p>\n","protected":false},"author":3,"featured_media":0,"parent":0,"menu_order":0,"comment_status":"closed","ping_status":"closed","template":"","meta":{"footnotes":""},"class_list":["post-17914","page","type-page","status-publish","hentry"],"_links":{"self":[{"href":"https:\/\/www.garantikompozit.com\/tr\/wp-json\/wp\/v2\/pages\/17914","targetHints":{"allow":["GET"]}}],"collection":[{"href":"https:\/\/www.garantikompozit.com\/tr\/wp-json\/wp\/v2\/pages"}],"about":[{"href":"https:\/\/www.garantikompozit.com\/tr\/wp-json\/wp\/v2\/types\/page"}],"author":[{"embeddable":true,"href":"https:\/\/www.garantikompozit.com\/tr\/wp-json\/wp\/v2\/users\/3"}],"replies":[{"embeddable":true,"href":"https:\/\/www.garantikompozit.com\/tr\/wp-json\/wp\/v2\/comments?post=17914"}],"version-history":[{"count":22,"href":"https:\/\/www.garantikompozit.com\/tr\/wp-json\/wp\/v2\/pages\/17914\/revisions"}],"predecessor-version":[{"id":17937,"href":"https:\/\/www.garantikompozit.com\/tr\/wp-json\/wp\/v2\/pages\/17914\/revisions\/17937"}],"wp:attachment":[{"href":"https:\/\/www.garantikompozit.com\/tr\/wp-json\/wp\/v2\/media?parent=17914"}],"curies":[{"name":"wp","href":"https:\/\/api.w.org\/{rel}","templated":true}]}}