{"id":12896,"date":"2021-01-09T14:12:54","date_gmt":"2021-01-09T11:12:54","guid":{"rendered":"https:\/\/www.garantikompozit.com\/?page_id=12896"},"modified":"2021-01-12T17:25:58","modified_gmt":"2021-01-12T14:25:58","slug":"laboratuar-dokumanlari","status":"publish","type":"page","link":"https:\/\/www.garantikompozit.com\/tr\/laboratuar-dokumanlari\/","title":{"rendered":"Laboratuar D\u00f6k\u00fcmanlar\u0131"},"content":{"rendered":"<p><a href=\"https:\/\/www.garantikompozit.com\/wp-content\/uploads\/2021\/01\/sikayet-akis-plani.pdf\" rel=\"noopener noreferrer\" target=\"_blank\">\u015eikayet ak\u0131\u015f plan\u0131 i\u00e7in t\u0131klay\u0131n\u0131z. <\/a><\/p>\n<p><strong>Laboratuar Memnuniyet Anketimizi A\u015fa\u011f\u0131da Doldurabilirsiniz<\/strong><\/p>\n\n<div class=\"wpcf7 no-js\" id=\"wpcf7-f12895-o1\" lang=\"tr-TR\" dir=\"ltr\" data-wpcf7-id=\"12895\">\n<div class=\"screen-reader-response\"><p role=\"status\" aria-live=\"polite\" aria-atomic=\"true\"><\/p> <ul><\/ul><\/div>\n<form action=\"\/tr\/wp-json\/wp\/v2\/pages\/12896#wpcf7-f12895-o1\" method=\"post\" class=\"wpcf7-form init\" aria-label=\"\u0130leti\u015fim Formu\" novalidate=\"novalidate\" data-status=\"init\">\n<div style=\"display: none;\">\n<input type=\"hidden\" name=\"_wpcf7\" value=\"12895\" \/>\n<input type=\"hidden\" name=\"_wpcf7_version\" value=\"6.0.6\" \/>\n<input type=\"hidden\" name=\"_wpcf7_locale\" value=\"tr_TR\" \/>\n<input type=\"hidden\" name=\"_wpcf7_unit_tag\" value=\"wpcf7-f12895-o1\" \/>\n<input type=\"hidden\" name=\"_wpcf7_container_post\" value=\"0\" \/>\n<input type=\"hidden\" name=\"_wpcf7_posted_data_hash\" value=\"\" \/>\n<input type=\"hidden\" name=\"_wpcf7_recaptcha_response\" value=\"\" \/>\n<\/div>\n<p><label> Ad\u0131n\u0131z Soyad\u0131n\u0131z<\/label><br \/>\n<span class=\"wpcf7-form-control-wrap\" data-name=\"your-name\"><input size=\"40\" maxlength=\"400\" class=\"wpcf7-form-control wpcf7-text\" aria-invalid=\"false\" value=\"\" type=\"text\" name=\"your-name\" \/><\/span>\n<\/p>\n<p><label> \u00c7al\u0131\u015ft\u0131\u011f\u0131n\u0131z Kurum<\/label><br \/>\n<span class=\"wpcf7-form-control-wrap\" data-name=\"Kurum\"><input size=\"40\" maxlength=\"400\" class=\"wpcf7-form-control wpcf7-text\" aria-invalid=\"false\" value=\"\" type=\"text\" name=\"Kurum\" \/><\/span>\n<\/p>\n<p><label> G\u00f6reviniz<\/label><br \/>\n<span class=\"wpcf7-form-control-wrap\" data-name=\"Gorev\"><input size=\"40\" maxlength=\"400\" class=\"wpcf7-form-control wpcf7-text\" aria-invalid=\"false\" value=\"\" type=\"text\" name=\"Gorev\" \/><\/span>\n<\/p>\n<p><label> E-posta adresiniz (gerekli)<\/label><br \/>\n<span class=\"wpcf7-form-control-wrap\" data-name=\"your-email\"><input size=\"40\" maxlength=\"400\" class=\"wpcf7-form-control wpcf7-email wpcf7-validates-as-required wpcf7-text wpcf7-validates-as-email\" aria-required=\"true\" aria-invalid=\"false\" value=\"\" type=\"email\" name=\"your-email\" \/><\/span>\n<\/p>\n<p><label> Telefonunuz <\/label><br \/>\n<span class=\"wpcf7-form-control-wrap\" data-name=\"Telefon\"><input size=\"40\" maxlength=\"400\" class=\"wpcf7-form-control wpcf7-tel wpcf7-text wpcf7-validates-as-tel\" aria-invalid=\"false\" value=\"\" type=\"tel\" name=\"Telefon\" \/><\/span>\n<\/p>\n<p><label> Laboratuar\u0131m\u0131z\u0131 Nas\u0131l Duydunuz Ya Da \u00d6\u011frendiniz? <\/label><br \/>\n<span class=\"wpcf7-form-control-wrap\" data-name=\"NasilOgrendiniz\"><select class=\"wpcf7-form-control wpcf7-select\" aria-invalid=\"false\" name=\"NasilOgrendiniz\"><option value=\"Internet\">Internet<\/option><option value=\"G.Kompozit Sat\u0131\u015f Pazarlama Birimi\">G.Kompozit Sat\u0131\u015f Pazarlama Birimi<\/option><option value=\"Fuarlardan\">Fuarlardan<\/option><option value=\"Gazete \/ Dergi \/ TV vs\">Gazete \/ Dergi \/ TV vs<\/option><option value=\"Tavsiye\">Tavsiye<\/option><option value=\"Daha \u00d6nce \u00c7al\u0131\u015ft\u0131m\">Daha \u00d6nce \u00c7al\u0131\u015ft\u0131m<\/option><\/select><\/span>\n<\/p>\n<p><label> Laboratuar\u0131m\u0131zda Almak \u0130stedi\u011finiz Hizmetler Konusunda \u00d6nceli\u011finiz \/ \u00d6ncelikleriniz Nelerdir? <\/label><br \/>\n<span class=\"wpcf7-form-control-wrap\" data-name=\"Hizmetler\"><span class=\"wpcf7-form-control wpcf7-checkbox\"><span class=\"wpcf7-list-item first\"><label><input type=\"checkbox\" name=\"Hizmetler[]\" value=\"Akreditasyon uygunlu\u011fu\" \/><span class=\"wpcf7-list-item-label\">Akreditasyon uygunlu\u011fu<\/span><\/label><\/span><span class=\"wpcf7-list-item\"><label><input type=\"checkbox\" name=\"Hizmetler[]\" value=\"Talep etti\u011finiz testlerin akreditasyon kapsam\u0131m\u0131zda yer almas\u0131\" \/><span class=\"wpcf7-list-item-label\">Talep etti\u011finiz testlerin akreditasyon kapsam\u0131m\u0131zda yer almas\u0131<\/span><\/label><\/span><span class=\"wpcf7-list-item\"><label><input type=\"checkbox\" name=\"Hizmetler[]\" value=\"Kalite\" \/><span class=\"wpcf7-list-item-label\">Kalite<\/span><\/label><\/span><span class=\"wpcf7-list-item\"><label><input type=\"checkbox\" name=\"Hizmetler[]\" value=\"Fiyat uygunlu\u011fu\" \/><span class=\"wpcf7-list-item-label\">Fiyat uygunlu\u011fu<\/span><\/label><\/span><span class=\"wpcf7-list-item\"><label><input type=\"checkbox\" name=\"Hizmetler[]\" value=\"Ayn\u0131 \u015fehirde olmak\" \/><span class=\"wpcf7-list-item-label\">Ayn\u0131 \u015fehirde olmak<\/span><\/label><\/span><span class=\"wpcf7-list-item\"><label><input type=\"checkbox\" name=\"Hizmetler[]\" value=\"Tarafs\u0131z ve g\u00fcvenilir olman\u0131z\" \/><span class=\"wpcf7-list-item-label\">Tarafs\u0131z ve g\u00fcvenilir olman\u0131z<\/span><\/label><\/span><span class=\"wpcf7-list-item\"><label><input type=\"checkbox\" name=\"Hizmetler[]\" value=\"Alan\u0131nda uzman personel ve yeterli donan\u0131ma sahip olman\u0131z\" \/><span class=\"wpcf7-list-item-label\">Alan\u0131nda uzman personel ve yeterli donan\u0131ma sahip olman\u0131z<\/span><\/label><\/span><span class=\"wpcf7-list-item\"><label><input type=\"checkbox\" name=\"Hizmetler[]\" value=\"\u00d6l\u00e7\u00fcm belirsizli\u011fi uygunlu\u011fu\" \/><span class=\"wpcf7-list-item-label\">\u00d6l\u00e7\u00fcm belirsizli\u011fi uygunlu\u011fu<\/span><\/label><\/span><span class=\"wpcf7-list-item\"><label><input type=\"checkbox\" name=\"Hizmetler[]\" value=\"Sonu\u00e7lar\u0131n zaman\u0131nda teslimi\" \/><span class=\"wpcf7-list-item-label\">Sonu\u00e7lar\u0131n zaman\u0131nda teslimi<\/span><\/label><\/span><span class=\"wpcf7-list-item last\"><label><input type=\"checkbox\" name=\"Hizmetler[]\" value=\"Di\u011fer nedenler\" \/><span class=\"wpcf7-list-item-label\">Di\u011fer nedenler<\/span><\/label><\/span><\/span><\/span>\n<\/p>\n<p><label>L\u00fctfen a\u015fa\u011f\u0131da belirtilen memnuniyet derecelerine g\u00f6re laboratuar\u0131m\u0131z hakk\u0131nda g\u00f6r\u00fc\u015flerinizi de\u011ferlendirebilir misiniz? <\/label>\n<\/p>\n<p><label> Deney hizmetlerimizi genel olarak de\u011ferlendirir misiniz? <\/label><br \/>\n<span class=\"wpcf7-form-control-wrap\" data-name=\"Hizmet-1\"><span class=\"wpcf7-form-control wpcf7-radio\"><span class=\"wpcf7-list-item first\"><label><input type=\"radio\" name=\"Hizmet-1\" value=\"5-\u00c7ok \u0130yi\" checked=\"checked\" \/><span class=\"wpcf7-list-item-label\">5-\u00c7ok \u0130yi<\/span><\/label><\/span><span class=\"wpcf7-list-item\"><label><input type=\"radio\" name=\"Hizmet-1\" value=\"4-\u0130yi\" \/><span class=\"wpcf7-list-item-label\">4-\u0130yi<\/span><\/label><\/span><span class=\"wpcf7-list-item\"><label><input type=\"radio\" name=\"Hizmet-1\" value=\"3-Orta\" \/><span class=\"wpcf7-list-item-label\">3-Orta<\/span><\/label><\/span><span class=\"wpcf7-list-item\"><label><input type=\"radio\" name=\"Hizmet-1\" value=\"2-\u0130yi De\u011fil\" \/><span class=\"wpcf7-list-item-label\">2-\u0130yi De\u011fil<\/span><\/label><\/span><span class=\"wpcf7-list-item last\"><label><input type=\"radio\" name=\"Hizmet-1\" value=\"1-Hi\u00e7 \u0130yi De\u011fil\" \/><span class=\"wpcf7-list-item-label\">1-Hi\u00e7 \u0130yi De\u011fil<\/span><\/label><\/span><\/span><\/span>\n<\/p>\n<p><label> Laboratuvar\u0131m\u0131z\u0131 teknik a\u00e7\u0131dan yeterli buluyor musunuz?<\/label><br \/>\n<span class=\"wpcf7-form-control-wrap\" data-name=\"Hizmet-2\"><span class=\"wpcf7-form-control wpcf7-radio\"><span class=\"wpcf7-list-item first\"><label><input type=\"radio\" name=\"Hizmet-2\" value=\"5-\u00c7ok \u0130yi\" checked=\"checked\" \/><span class=\"wpcf7-list-item-label\">5-\u00c7ok \u0130yi<\/span><\/label><\/span><span class=\"wpcf7-list-item\"><label><input type=\"radio\" name=\"Hizmet-2\" value=\"4-\u0130yi\" \/><span class=\"wpcf7-list-item-label\">4-\u0130yi<\/span><\/label><\/span><span class=\"wpcf7-list-item\"><label><input type=\"radio\" name=\"Hizmet-2\" value=\"3-Orta\" \/><span class=\"wpcf7-list-item-label\">3-Orta<\/span><\/label><\/span><span class=\"wpcf7-list-item\"><label><input type=\"radio\" name=\"Hizmet-2\" value=\"2-\u0130yi De\u011fil\" \/><span class=\"wpcf7-list-item-label\">2-\u0130yi De\u011fil<\/span><\/label><\/span><span class=\"wpcf7-list-item last\"><label><input type=\"radio\" name=\"Hizmet-2\" value=\"1-Hi\u00e7 \u0130yi De\u011fil\" \/><span class=\"wpcf7-list-item-label\">1-Hi\u00e7 \u0130yi De\u011fil<\/span><\/label><\/span><\/span><\/span>\n<\/p>\n<p><label> Sizlere hizmet veren personelimizin telefondaki ve g\u00f6r\u00fc\u015fmelerdeki vb. sizlere kar\u015f\u0131 olan davran\u0131\u015flar\u0131n\u0131 de\u011ferlendirir misiniz?<\/label><br \/>\n<span class=\"wpcf7-form-control-wrap\" data-name=\"Hizmet-3\"><span class=\"wpcf7-form-control wpcf7-radio\"><span class=\"wpcf7-list-item first\"><label><input type=\"radio\" name=\"Hizmet-3\" value=\"5-\u00c7ok \u0130yi\" checked=\"checked\" \/><span class=\"wpcf7-list-item-label\">5-\u00c7ok \u0130yi<\/span><\/label><\/span><span class=\"wpcf7-list-item\"><label><input type=\"radio\" name=\"Hizmet-3\" value=\"4-\u0130yi\" \/><span class=\"wpcf7-list-item-label\">4-\u0130yi<\/span><\/label><\/span><span class=\"wpcf7-list-item\"><label><input type=\"radio\" name=\"Hizmet-3\" value=\"3-Orta\" \/><span class=\"wpcf7-list-item-label\">3-Orta<\/span><\/label><\/span><span class=\"wpcf7-list-item\"><label><input type=\"radio\" name=\"Hizmet-3\" value=\"2-\u0130yi De\u011fil\" \/><span class=\"wpcf7-list-item-label\">2-\u0130yi De\u011fil<\/span><\/label><\/span><span class=\"wpcf7-list-item last\"><label><input type=\"radio\" name=\"Hizmet-3\" value=\"1-Hi\u00e7 \u0130yi De\u011fil\" \/><span class=\"wpcf7-list-item-label\">1-Hi\u00e7 \u0130yi De\u011fil<\/span><\/label><\/span><\/span><\/span>\n<\/p>\n<p><label> Laboratuvar\u0131m\u0131z\u0131n verdi\u011fi sonu\u00e7lar\u0131 g\u00fcvenilir buluyor musunuz?<\/label><br \/>\n<span class=\"wpcf7-form-control-wrap\" data-name=\"Hizmet-4\"><span class=\"wpcf7-form-control wpcf7-radio\"><span class=\"wpcf7-list-item first\"><label><input type=\"radio\" name=\"Hizmet-4\" value=\"5-\u00c7ok \u0130yi\" checked=\"checked\" \/><span class=\"wpcf7-list-item-label\">5-\u00c7ok \u0130yi<\/span><\/label><\/span><span class=\"wpcf7-list-item\"><label><input type=\"radio\" name=\"Hizmet-4\" value=\"4-\u0130yi\" \/><span class=\"wpcf7-list-item-label\">4-\u0130yi<\/span><\/label><\/span><span class=\"wpcf7-list-item\"><label><input type=\"radio\" name=\"Hizmet-4\" value=\"3-Orta\" \/><span class=\"wpcf7-list-item-label\">3-Orta<\/span><\/label><\/span><span class=\"wpcf7-list-item\"><label><input type=\"radio\" name=\"Hizmet-4\" value=\"2-\u0130yi De\u011fil\" \/><span class=\"wpcf7-list-item-label\">2-\u0130yi De\u011fil<\/span><\/label><\/span><span class=\"wpcf7-list-item last\"><label><input type=\"radio\" name=\"Hizmet-4\" value=\"1-Hi\u00e7 \u0130yi De\u011fil\" \/><span class=\"wpcf7-list-item-label\">1-Hi\u00e7 \u0130yi De\u011fil<\/span><\/label><\/span><\/span><\/span>\n<\/p>\n<p><label> Raporlar\u0131m\u0131z\u0131n i\u00e7eri\u011fini yeterli ve anla\u015f\u0131l\u0131r buluyor musunuz?<\/label><br \/>\n<span class=\"wpcf7-form-control-wrap\" data-name=\"Hizmet-5\"><span class=\"wpcf7-form-control wpcf7-radio\"><span class=\"wpcf7-list-item first\"><label><input type=\"radio\" name=\"Hizmet-5\" value=\"5-\u00c7ok \u0130yi\" checked=\"checked\" \/><span class=\"wpcf7-list-item-label\">5-\u00c7ok \u0130yi<\/span><\/label><\/span><span class=\"wpcf7-list-item\"><label><input type=\"radio\" name=\"Hizmet-5\" value=\"4-\u0130yi\" \/><span class=\"wpcf7-list-item-label\">4-\u0130yi<\/span><\/label><\/span><span class=\"wpcf7-list-item\"><label><input type=\"radio\" name=\"Hizmet-5\" value=\"3-Orta\" \/><span class=\"wpcf7-list-item-label\">3-Orta<\/span><\/label><\/span><span class=\"wpcf7-list-item\"><label><input type=\"radio\" name=\"Hizmet-5\" value=\"2-\u0130yi De\u011fil\" \/><span class=\"wpcf7-list-item-label\">2-\u0130yi De\u011fil<\/span><\/label><\/span><span class=\"wpcf7-list-item last\"><label><input type=\"radio\" name=\"Hizmet-5\" value=\"1-Hi\u00e7 \u0130yi De\u011fil\" \/><span class=\"wpcf7-list-item-label\">1-Hi\u00e7 \u0130yi De\u011fil<\/span><\/label><\/span><\/span><\/span>\n<\/p>\n<p><label> Arad\u0131\u011f\u0131n\u0131z ki\u015fiye kolayl\u0131kla ula\u015fabiliyor musunuz?<\/label><br \/>\n<span class=\"wpcf7-form-control-wrap\" data-name=\"Hizmet-6\"><span class=\"wpcf7-form-control wpcf7-radio\"><span class=\"wpcf7-list-item first\"><label><input type=\"radio\" name=\"Hizmet-6\" value=\"5-\u00c7ok \u0130yi\" checked=\"checked\" \/><span class=\"wpcf7-list-item-label\">5-\u00c7ok \u0130yi<\/span><\/label><\/span><span class=\"wpcf7-list-item\"><label><input type=\"radio\" name=\"Hizmet-6\" value=\"4-\u0130yi\" \/><span class=\"wpcf7-list-item-label\">4-\u0130yi<\/span><\/label><\/span><span class=\"wpcf7-list-item\"><label><input type=\"radio\" name=\"Hizmet-6\" value=\"3-Orta\" \/><span class=\"wpcf7-list-item-label\">3-Orta<\/span><\/label><\/span><span class=\"wpcf7-list-item\"><label><input type=\"radio\" name=\"Hizmet-6\" value=\"2-\u0130yi De\u011fil\" \/><span class=\"wpcf7-list-item-label\">2-\u0130yi De\u011fil<\/span><\/label><\/span><span class=\"wpcf7-list-item last\"><label><input type=\"radio\" name=\"Hizmet-6\" value=\"1-Hi\u00e7 \u0130yi De\u011fil\" \/><span class=\"wpcf7-list-item-label\">1-Hi\u00e7 \u0130yi De\u011fil<\/span><\/label><\/span><\/span><\/span>\n<\/p>\n<p><label> Test iste\u011finizle ilgili bilgilendirme zaman\u0131nda yap\u0131l\u0131yor mu?<\/label><br \/>\n<span class=\"wpcf7-form-control-wrap\" data-name=\"Hizmet-7\"><span class=\"wpcf7-form-control wpcf7-radio\"><span class=\"wpcf7-list-item first\"><label><input type=\"radio\" name=\"Hizmet-7\" value=\"5-\u00c7ok \u0130yi\" checked=\"checked\" \/><span class=\"wpcf7-list-item-label\">5-\u00c7ok \u0130yi<\/span><\/label><\/span><span class=\"wpcf7-list-item\"><label><input type=\"radio\" name=\"Hizmet-7\" value=\"4-\u0130yi\" \/><span class=\"wpcf7-list-item-label\">4-\u0130yi<\/span><\/label><\/span><span class=\"wpcf7-list-item\"><label><input type=\"radio\" name=\"Hizmet-7\" value=\"3-Orta\" \/><span class=\"wpcf7-list-item-label\">3-Orta<\/span><\/label><\/span><span class=\"wpcf7-list-item\"><label><input type=\"radio\" name=\"Hizmet-7\" value=\"2-\u0130yi De\u011fil\" \/><span class=\"wpcf7-list-item-label\">2-\u0130yi De\u011fil<\/span><\/label><\/span><span class=\"wpcf7-list-item last\"><label><input type=\"radio\" name=\"Hizmet-7\" value=\"1-Hi\u00e7 \u0130yi De\u011fil\" \/><span class=\"wpcf7-list-item-label\">1-Hi\u00e7 \u0130yi De\u011fil<\/span><\/label><\/span><\/span><\/span>\n<\/p>\n<p><label> Test raporlar\u0131n\u0131z zaman\u0131nda elinize ula\u015f\u0131yor mu?<\/label><br \/>\n<span class=\"wpcf7-form-control-wrap\" data-name=\"Hizmet-8\"><span class=\"wpcf7-form-control wpcf7-radio\"><span class=\"wpcf7-list-item first\"><label><input type=\"radio\" name=\"Hizmet-8\" value=\"5-\u00c7ok \u0130yi\" checked=\"checked\" \/><span class=\"wpcf7-list-item-label\">5-\u00c7ok \u0130yi<\/span><\/label><\/span><span class=\"wpcf7-list-item\"><label><input type=\"radio\" name=\"Hizmet-8\" value=\"4-\u0130yi\" \/><span class=\"wpcf7-list-item-label\">4-\u0130yi<\/span><\/label><\/span><span class=\"wpcf7-list-item\"><label><input type=\"radio\" name=\"Hizmet-8\" value=\"3-Orta\" \/><span class=\"wpcf7-list-item-label\">3-Orta<\/span><\/label><\/span><span class=\"wpcf7-list-item\"><label><input type=\"radio\" name=\"Hizmet-8\" value=\"2-\u0130yi De\u011fil\" \/><span class=\"wpcf7-list-item-label\">2-\u0130yi De\u011fil<\/span><\/label><\/span><span class=\"wpcf7-list-item last\"><label><input type=\"radio\" name=\"Hizmet-8\" value=\"1-Hi\u00e7 \u0130yi De\u011fil\" \/><span class=\"wpcf7-list-item-label\">1-Hi\u00e7 \u0130yi De\u011fil<\/span><\/label><\/span><\/span><\/span>\n<\/p>\n<p><label> \u0130htiya\u00e7 duydu\u011funuzda yeterli deste\u011fi alabiliyor musunuz?<\/label><br \/>\n<span class=\"wpcf7-form-control-wrap\" data-name=\"Hizmet-9\"><span class=\"wpcf7-form-control wpcf7-radio\"><span class=\"wpcf7-list-item first\"><label><input type=\"radio\" name=\"Hizmet-9\" value=\"5-\u00c7ok \u0130yi\" checked=\"checked\" \/><span class=\"wpcf7-list-item-label\">5-\u00c7ok \u0130yi<\/span><\/label><\/span><span class=\"wpcf7-list-item\"><label><input type=\"radio\" name=\"Hizmet-9\" value=\"4-\u0130yi\" \/><span class=\"wpcf7-list-item-label\">4-\u0130yi<\/span><\/label><\/span><span class=\"wpcf7-list-item\"><label><input type=\"radio\" name=\"Hizmet-9\" value=\"3-Orta\" \/><span class=\"wpcf7-list-item-label\">3-Orta<\/span><\/label><\/span><span class=\"wpcf7-list-item\"><label><input type=\"radio\" name=\"Hizmet-9\" value=\"2-\u0130yi De\u011fil\" \/><span class=\"wpcf7-list-item-label\">2-\u0130yi De\u011fil<\/span><\/label><\/span><span class=\"wpcf7-list-item last\"><label><input type=\"radio\" name=\"Hizmet-9\" value=\"1-Hi\u00e7 \u0130yi De\u011fil\" \/><span class=\"wpcf7-list-item-label\">1-Hi\u00e7 \u0130yi De\u011fil<\/span><\/label><\/span><\/span><\/span>\n<\/p>\n<p><label> Ba\u015fka firmalara laboratuvar\u0131m\u0131z\u0131 \u00f6nerir misiniz? <\/label><br \/>\n<span class=\"wpcf7-form-control-wrap\" data-name=\"Hizmet-10\"><span class=\"wpcf7-form-control wpcf7-radio\"><span class=\"wpcf7-list-item first\"><label><input type=\"radio\" name=\"Hizmet-10\" value=\"5-\u00c7ok \u0130yi\" checked=\"checked\" \/><span class=\"wpcf7-list-item-label\">5-\u00c7ok \u0130yi<\/span><\/label><\/span><span class=\"wpcf7-list-item\"><label><input type=\"radio\" name=\"Hizmet-10\" value=\"4-\u0130yi\" \/><span class=\"wpcf7-list-item-label\">4-\u0130yi<\/span><\/label><\/span><span class=\"wpcf7-list-item\"><label><input type=\"radio\" name=\"Hizmet-10\" value=\"3-Orta\" \/><span class=\"wpcf7-list-item-label\">3-Orta<\/span><\/label><\/span><span class=\"wpcf7-list-item\"><label><input type=\"radio\" name=\"Hizmet-10\" value=\"2-\u0130yi De\u011fil\" \/><span class=\"wpcf7-list-item-label\">2-\u0130yi De\u011fil<\/span><\/label><\/span><span class=\"wpcf7-list-item last\"><label><input type=\"radio\" name=\"Hizmet-10\" value=\"1-Hi\u00e7 \u0130yi De\u011fil\" \/><span class=\"wpcf7-list-item-label\">1-Hi\u00e7 \u0130yi De\u011fil<\/span><\/label><\/span><\/span><\/span>\n<\/p>\n<p><label> Test \u00fccretleri hakk\u0131ndaki g\u00f6r\u00fc\u015fleriniz nelerdir?<\/label><br \/>\n<span class=\"wpcf7-form-control-wrap\" data-name=\"Hizmet-11\"><span class=\"wpcf7-form-control wpcf7-radio\"><span class=\"wpcf7-list-item first\"><label><input type=\"radio\" name=\"Hizmet-11\" value=\"5-\u00c7ok \u0130yi\" checked=\"checked\" \/><span class=\"wpcf7-list-item-label\">5-\u00c7ok \u0130yi<\/span><\/label><\/span><span class=\"wpcf7-list-item\"><label><input type=\"radio\" name=\"Hizmet-11\" value=\"4-\u0130yi\" \/><span class=\"wpcf7-list-item-label\">4-\u0130yi<\/span><\/label><\/span><span class=\"wpcf7-list-item\"><label><input type=\"radio\" name=\"Hizmet-11\" value=\"3-Orta\" \/><span class=\"wpcf7-list-item-label\">3-Orta<\/span><\/label><\/span><span class=\"wpcf7-list-item\"><label><input type=\"radio\" name=\"Hizmet-11\" value=\"2-\u0130yi De\u011fil\" \/><span class=\"wpcf7-list-item-label\">2-\u0130yi De\u011fil<\/span><\/label><\/span><span class=\"wpcf7-list-item last\"><label><input type=\"radio\" name=\"Hizmet-11\" value=\"1-Hi\u00e7 \u0130yi De\u011fil\" \/><span class=\"wpcf7-list-item-label\">1-Hi\u00e7 \u0130yi De\u011fil<\/span><\/label><\/span><\/span><\/span>\n<\/p>\n<p><label> \u015eikayetlerinize kar\u015f\u0131 laboratuvar\u0131m\u0131z\u0131n ilgisinden ve \u00e7\u00f6z\u00fcm bulma yetene\u011finden memnun musunuz?<\/label><br \/>\n<span class=\"wpcf7-form-control-wrap\" data-name=\"Hizmet-12\"><span class=\"wpcf7-form-control wpcf7-radio\"><span class=\"wpcf7-list-item first\"><label><input type=\"radio\" name=\"Hizmet-12\" value=\"5-\u00c7ok \u0130yi\" checked=\"checked\" \/><span class=\"wpcf7-list-item-label\">5-\u00c7ok \u0130yi<\/span><\/label><\/span><span class=\"wpcf7-list-item\"><label><input type=\"radio\" name=\"Hizmet-12\" value=\"4-\u0130yi\" \/><span class=\"wpcf7-list-item-label\">4-\u0130yi<\/span><\/label><\/span><span class=\"wpcf7-list-item\"><label><input type=\"radio\" name=\"Hizmet-12\" value=\"3-Orta\" \/><span class=\"wpcf7-list-item-label\">3-Orta<\/span><\/label><\/span><span class=\"wpcf7-list-item\"><label><input type=\"radio\" name=\"Hizmet-12\" value=\"2-\u0130yi De\u011fil\" \/><span class=\"wpcf7-list-item-label\">2-\u0130yi De\u011fil<\/span><\/label><\/span><span class=\"wpcf7-list-item last\"><label><input type=\"radio\" name=\"Hizmet-12\" value=\"1-Hi\u00e7 \u0130yi De\u011fil\" \/><span class=\"wpcf7-list-item-label\">1-Hi\u00e7 \u0130yi De\u011fil<\/span><\/label><\/span><\/span><\/span>\n<\/p>\n<p><label> Laboratuvar\u0131m\u0131z\u0131 di\u011fer laboratuvarlar ile kar\u015f\u0131la\u015ft\u0131rd\u0131\u011f\u0131n\u0131zda nas\u0131l buluyorsunuz?<\/label><br \/>\n<span class=\"wpcf7-form-control-wrap\" data-name=\"Hizmet-13\"><span class=\"wpcf7-form-control wpcf7-radio\"><span class=\"wpcf7-list-item first\"><label><input type=\"radio\" name=\"Hizmet-13\" value=\"5-\u00c7ok \u0130yi\" checked=\"checked\" \/><span class=\"wpcf7-list-item-label\">5-\u00c7ok \u0130yi<\/span><\/label><\/span><span class=\"wpcf7-list-item\"><label><input type=\"radio\" name=\"Hizmet-13\" value=\"4-\u0130yi\" \/><span class=\"wpcf7-list-item-label\">4-\u0130yi<\/span><\/label><\/span><span class=\"wpcf7-list-item\"><label><input type=\"radio\" name=\"Hizmet-13\" value=\"3-Orta\" \/><span class=\"wpcf7-list-item-label\">3-Orta<\/span><\/label><\/span><span class=\"wpcf7-list-item\"><label><input type=\"radio\" name=\"Hizmet-13\" value=\"2-\u0130yi De\u011fil\" \/><span class=\"wpcf7-list-item-label\">2-\u0130yi De\u011fil<\/span><\/label><\/span><span class=\"wpcf7-list-item last\"><label><input type=\"radio\" name=\"Hizmet-13\" value=\"1-Hi\u00e7 \u0130yi De\u011fil\" \/><span class=\"wpcf7-list-item-label\">1-Hi\u00e7 \u0130yi De\u011fil<\/span><\/label><\/span><\/span><\/span>\n<\/p>\n<p><label> De\u011ferlendirmeleriniz sonucunda size ki\u015fisel bilgilerinizde belirtti\u011finiz e-mail adresinizden d\u00f6n\u00fc\u015f yapmam\u0131z\u0131 ister misiniz?<\/label><br \/>\n<span class=\"wpcf7-form-control-wrap\" data-name=\"Geri-Donus\"><span class=\"wpcf7-form-control wpcf7-radio\"><span class=\"wpcf7-list-item first\"><label><input type=\"radio\" name=\"Geri-Donus\" value=\"Evet\" checked=\"checked\" \/><span class=\"wpcf7-list-item-label\">Evet<\/span><\/label><\/span><span class=\"wpcf7-list-item last\"><label><input type=\"radio\" name=\"Geri-Donus\" value=\"Hay\u0131r\" \/><span class=\"wpcf7-list-item-label\">Hay\u0131r<\/span><\/label><\/span><\/span><\/span>\n<\/p>\n<p><input class=\"wpcf7-form-control wpcf7-submit has-spinner\" type=\"submit\" value=\"G\u00f6nder\" \/>\n<\/p><input type='hidden' class='wpcf7-pum' value='{\"closepopup\":false,\"closedelay\":0,\"openpopup\":false,\"openpopup_id\":0}' \/><div class=\"wpcf7-response-output\" aria-hidden=\"true\"><\/div>\n<\/form>\n<\/div>\n\n","protected":false},"excerpt":{"rendered":"<p>\u015eikayet ak\u0131\u015f plan\u0131 i\u00e7in t\u0131klay\u0131n\u0131z. Laboratuar Memnuniyet Anketimizi A\u015fa\u011f\u0131da Doldurabilirsiniz<\/p>\n","protected":false},"author":3,"featured_media":0,"parent":0,"menu_order":0,"comment_status":"closed","ping_status":"closed","template":"","meta":{"footnotes":""},"class_list":["post-12896","page","type-page","status-publish","hentry"],"_links":{"self":[{"href":"https:\/\/www.garantikompozit.com\/tr\/wp-json\/wp\/v2\/pages\/12896","targetHints":{"allow":["GET"]}}],"collection":[{"href":"https:\/\/www.garantikompozit.com\/tr\/wp-json\/wp\/v2\/pages"}],"about":[{"href":"https:\/\/www.garantikompozit.com\/tr\/wp-json\/wp\/v2\/types\/page"}],"author":[{"embeddable":true,"href":"https:\/\/www.garantikompozit.com\/tr\/wp-json\/wp\/v2\/users\/3"}],"replies":[{"embeddable":true,"href":"https:\/\/www.garantikompozit.com\/tr\/wp-json\/wp\/v2\/comments?post=12896"}],"version-history":[{"count":2,"href":"https:\/\/www.garantikompozit.com\/tr\/wp-json\/wp\/v2\/pages\/12896\/revisions"}],"predecessor-version":[{"id":12903,"href":"https:\/\/www.garantikompozit.com\/tr\/wp-json\/wp\/v2\/pages\/12896\/revisions\/12903"}],"wp:attachment":[{"href":"https:\/\/www.garantikompozit.com\/tr\/wp-json\/wp\/v2\/media?parent=12896"}],"curies":[{"name":"wp","href":"https:\/\/api.w.org\/{rel}","templated":true}]}}