{"id":11983,"date":"2019-10-05T10:38:36","date_gmt":"2019-10-05T07:38:36","guid":{"rendered":"https:\/\/www.garantikompozit.com\/?page_id=11983"},"modified":"2024-02-12T23:16:08","modified_gmt":"2024-02-12T20:16:08","slug":"cerez-politikasi","status":"publish","type":"page","link":"https:\/\/www.garantikompozit.com\/tr\/cerez-politikasi\/","title":{"rendered":"\u00c7erez Politikas\u0131"},"content":{"rendered":"\t\t<div data-elementor-type=\"wp-post\" data-elementor-id=\"11983\" class=\"elementor elementor-11983\" data-elementor-settings=\"[]\">\n\t\t\t\t\t\t<div class=\"elementor-inner\">\n\t\t\t\t\t\t\t<div class=\"elementor-section-wrap\">\n\t\t\t\t\t\t\t<section class=\"elementor-section elementor-top-section elementor-element elementor-element-27fecb1 elementor-section-boxed elementor-section-height-default elementor-section-height-default default-style\" data-id=\"27fecb1\" data-element_type=\"section\" data-settings=\"{&quot;rt_color_sets&quot;:&quot;default-style&quot;}\">\n\t\t\t\t\t\t<div class=\"elementor-container elementor-column-gap-default\">\n\t\t\t\t\t\t\t<div class=\"elementor-row\">\n\t\t\t\t\t<div class=\"elementor-column elementor-col-100 elementor-top-column elementor-element elementor-element-c81beb6\" data-id=\"c81beb6\" data-element_type=\"column\">\n\t\t\t<div class=\"elementor-column-wrap elementor-element-populated\">\n\t\t\t\t\t\t\t<div class=\"elementor-widget-wrap\">\n\t\t\t\t\t\t<div class=\"elementor-element elementor-element-2489731 elementor-widget elementor-widget-text-editor\" data-id=\"2489731\" data-element_type=\"widget\" data-widget_type=\"text-editor.default\">\n\t\t\t\t<div class=\"elementor-widget-container\">\n\t\t\t\t\t<div class=\"elementor-text-editor elementor-clearfix\"><p><b>GARANT\u0130 G\u0130Y\u0130M KOMPOZ\u0130T TEKNOLOJ\u0130LER\u0130 SAN. VE T\u0130C.A.\u015e \u00c7EREZ POL\u0130T\u0130KASI<\/b><\/p><p>Bu politika kapsam\u0131nda \u201c\u00c7erez\u201d kavram\u0131, \u00e7erez ve benzer amaca hizmet eden \u00fcr\u00fcnleri ifade etmektedir. .<\/p><p><b>\u00c7erez Nedir?<\/b><\/p><p>\u00c7erez, bir siteyi ziyaret etti\u011finizde sitenin bilgisayar\u0131n\u0131za veya mobil cihaz\u0131n\u0131za kaydetti\u011fi k\u00fc\u00e7\u00fck boyutlu bir metin dosyas\u0131d\u0131r. \u00c7erezler bir web sitesinin \u00e7al\u0131\u015fmas\u0131, daha verimli \u00e7al\u0131\u015fmas\u0131 veya web sitesinin sahiplerine bilgi sa\u011flamak i\u00e7in yayg\u0131n olarak kullan\u0131lmaktad\u0131r.<\/p><p>\u00c7erezler hakk\u0131nda daha detayl\u0131 bilgi i\u00e7in <a href=\"http:\/\/www.aboutcookies.org\">http:\/\/www.aboutcookies.org<\/a>\u00a0 ve <a href=\"http:\/\/www.allaboutcookies.org\">http:\/\/www.allaboutcookies.org<\/a>\u00a0 adreslerini ziyaret edebilirsiniz.<\/p><p><b>Ne i\u00e7in kullan\u0131l\u0131r?<\/b><\/p><p>\u00c7erezler bilgisayarlarda, telefonlarda ve di\u011fer cihazlarda sizi tan\u0131mlayan bilgileri ve siteyi kullan\u0131rken yapt\u0131\u011f\u0131n\u0131z hareketleri, kullan\u0131m al\u0131\u015fkanl\u0131klar\u0131n\u0131z\u0131 toplamak, tutmak ve devam\u0131nda internet sitemizi iyile\u015ftirmek ve size \u00f6zel ki\u015fiselle\u015ftirmek i\u00e7in kullan\u0131l\u0131r.<span class=\"Apple-converted-space\">\u00a0<\/span><\/p><p>Biz de GARANT\u0130 KOMPOZ\u0130T olarak\u00a0 <a href=\"https:\/\/www.garantikompozit.com\">https:\/\/www.garantikompozit.com<\/a> internet sayfas\u0131nda, site i\u00e7eri\u011fi ile nas\u0131l etkile\u015fime ge\u00e7ti\u011finizi tespit etmek ve kullan\u0131c\u0131 deneyiminizi geli\u015ftirebilmek i\u00e7in \u00e7e\u015fitli \u00e7erezler kullanmaktay\u0131z.<span class=\"Apple-converted-space\">\u00a0<\/span><\/p><p><b>Birinci Taraf ve \u00dc\u00e7\u00fcnc\u00fc Taraf \u00c7erezler<\/b><\/p><p>GARANT\u0130 G\u0130Y\u0130M KOMPOZ\u0130T TEKNOLOJ\u0130LER\u0130 SAN. VE T\u0130C.A.\u015e ait\u00a0<a href=\"https:\/\/www.garantikompozit.com\">https:\/\/www.garantikompozit.com<\/a><span class=\"Apple-converted-space\">\u00a0 <\/span>internet sayfas\u0131nda hem birinci taraf hem de \u00fc\u00e7\u00fcnc\u00fc taraf \u00e7erezler kullan\u0131lmaktad\u0131r.<\/p><p>Birinci taraf \u00e7erezler, \u015firketimiz taraf\u0131ndan <a href=\"https:\/\/www.garantikompozit.com\">https:\/\/www.garantikompozit.com<\/a> domainine yerle\u015ftirilmi\u015f ve sadece GARANT\u0130 G\u0130Y\u0130M KOMPOZ\u0130T TEKNOLOJ\u0130LER\u0130 SAN. VE T\u0130C.A.\u015e taraf\u0131ndan okunabilen; kullan\u0131c\u0131n\u0131n dil, lokasyon tercihi gibi temel site fonksiyonlar\u0131n\u0131n yerine getirilmesi s\u00fcrecinde kullan\u0131c\u0131 deneyiminizi geli\u015ftirebilmek amac\u0131yla kullan\u0131lan \u00e7erezlerdir. <span class=\"Apple-converted-space\">\u00a0<\/span><\/p><p>\u00dc\u00e7\u00fcnc\u00fc taraf \u00e7erezler, GARANT\u0130 G\u0130Y\u0130M KOMPOZ\u0130T TEKNOLOJ\u0130LER\u0130 SAN. VE T\u0130C.A.\u015e. i\u015f ortaklar\u0131 veya servis sa\u011flay\u0131c\u0131lar gibi \u00fc\u00e7\u00fcnc\u00fc ki\u015filere ait ve \u00fc\u00e7\u00fcnc\u00fc ki\u015filer taraf\u0131ndan y\u00fcr\u00fct\u00fclen \u00e7erezlerdir.<span class=\"Apple-converted-space\">\u00a0<\/span><\/p><p><b>Websitemizde Kullan\u0131lan \u00c7erezler<\/b><\/p><p><b>Analitik \u00c7erezler:<\/b> \u00dcyelerimizin\/ziyaret\u00e7ilerimizin kullan\u0131m al\u0131\u015fkanl\u0131klar\u0131n\u0131 analiz etmek ve uygulama istatistiklerini belirlemek i\u00e7in kullan\u0131lan \u00e7erezlerdir. (\u00d6rne\u011fin: Sitemizin ka\u00e7 kere a\u00e7\u0131ld\u0131\u011f\u0131, sitemizin hangi saatlerde kullan\u0131ld\u0131\u011f\u0131, sitemiz i\u00e7erisinde en \u00e7ok kullan\u0131lan b\u00f6l\u00fcmlerin neler oldu\u011fu)<\/p><p><b>Teknik \u00c7erezler:<\/b><b> <\/b>\u0130nternet sitesinin d\u00fczg\u00fcn \u00e7al\u0131\u015fmas\u0131n\u0131n takibi amac\u0131yla kullan\u0131lan \u00e7erezlerdir.<\/p><p><b>Ki\u015fiselle\u015ftirme \u00c7erezleri:<\/b><b> <\/b>Kullan\u0131c\u0131 davran\u0131\u015f ve tercihlerine g\u00f6re ki\u015fiselle\u015ftirilmi\u015f i\u00e7erik ve deneyim sunmak amac\u0131yla kullan\u0131lan \u00e7erezlerdir.<span class=\"Apple-converted-space\">\u00a0<\/span><\/p><p><b>\u00c7erezleri Nas\u0131l Silebilirim veya Reddedebilirim?<\/b><\/p><p><a href=\"https:\/\/www.garantikompozit.com\">https:\/\/www.garantikompozit.com<\/a> internet sayfas\u0131nda, sitemizin aktif ve verimli bir \u015fekilde \u00e7al\u0131\u015fmas\u0131 i\u00e7in birtak\u0131m zorunlu \u00e7erezler kullan\u0131lmaktad\u0131r. Gizlilik Tercih Paneli \u00fczerinden bu \u00e7erezler devre d\u0131\u015f\u0131 b\u0131rak\u0131lamamaktad\u0131r. Sitemizde kullan\u0131lan zorunlu \u00e7erezler i\u00e7in \u201cGizlilik Tercih Paneli\u201dni kullanabilirsiniz.<\/p><p>Di\u011fer taraftan, zorunlu \u00e7erezlerin d\u0131\u015f\u0131nda kalan t\u00fcm \u00e7erez gruplar\u0131 kendili\u011finden \u201cDevre D\u0131\u015f\u0131 B\u0131rak\u0131lm\u0131\u015f\u201d bir \u015fekilde gelmektedir. Kullan\u0131c\u0131lar\u0131m\u0131z, istekleri do\u011frultusunda bu \u00e7erezleri tekrar aktif hale getirebilir veya aktifle\u015ftirmi\u015f oldu\u011fu \u00e7erezleri daha sonra tekrar devre d\u0131\u015f\u0131 b\u0131rakabilir. Ancak \u00f6nemle belirtmek gerekir ki kulland\u0131\u011f\u0131m\u0131z \u00e7erezlerin devre d\u0131\u015f\u0131 b\u0131rak\u0131lmas\u0131\/kalmas\u0131,\u00a0<a href=\"https:\/\/www.garantikompozit.com\">https:\/\/www.garantikompozit.com<\/a> internet sayfas\u0131ndaki kullan\u0131c\u0131 deneyiminizi etkileyebilir. Zorunlu olmayan \u00e7erezlerin aktif hale getirilmemesi durumunda, uygulamay\u0131 ve\/veya internet sitesini kullanmaya devam edebilirsiniz fakat uygulaman\u0131n ve\/veya internet sitesinin t\u00fcm i\u015flevlerine eri\u015femeyebilirsiniz veya s\u0131n\u0131rl\u0131 bir eri\u015fim imk\u00e2n\u0131 ile kar\u015f\u0131la\u015fabilirsiniz. Uygulamadan ve\/veya internet sitesinden tam anlam\u0131yla faydalanmak i\u00e7in \u00e7erezlere izin vermenizi tavsiye ediyoruz.<\/p><p><b>\u00c7erezlerin \u201cGizlilik Tercihi Paneli\u201d D\u0131\u015f\u0131nda Y\u00f6netilmesi:<\/b><\/p><p>Sitemizde kullan\u0131lan \u00e7erezleri en verimli \u015fekilde y\u00f6netimi \u201cGizlilik Tercih Paneli\u201d \u00fczerinden sa\u011flanmaktad\u0131r. Ancak siz de\u011ferleri kullan\u0131c\u0131lar\u0131m\u0131z, \u00e7erezleri y\u00f6netmek i\u00e7in taray\u0131c\u0131n\u0131za ba\u011fl\u0131 olarak a\u015fa\u011f\u0131daki y\u00f6ntemleri de tercih edebilirsiniz:<\/p><p><b>Safari:<\/b> Telefonunuzun &#8220;Ayarlar&#8221; b\u00f6l\u00fcm\u00fcnden &#8220;safari&#8221; sekmesini se\u00e7ip, &#8220;Gizlilik ve G\u00fcvenlik&#8221; B\u00f6l\u00fcm\u00fcnden t\u00fcm \u00e7erez y\u00f6netiminizi sa\u011flayabilirsiniz.<\/p><p><b>Di\u011fer taray\u0131c\u0131lar:<\/b> \u0130lgili taray\u0131c\u0131n\u0131n yard\u0131m veya destek sayfalar\u0131n\u0131 inceleyebilir veya<span class=\"Apple-converted-space\">\u00a0<\/span><\/p><p><a href=\"http:\/\/www.youronlinechoices.eu\/tr\/\">www.youronlinechoices.eu\/tr\/<\/a>\u00a0\u00a0 adresini ziyaret ederek detayl\u0131 bilgi alabilirsiniz.<span class=\"Apple-converted-space\">\u00a0<\/span><\/p><p>Anl\u0131k olarak ka\u00e7 say\u0131da \u00e7erez ile takip edildi\u011finizi g\u00f6r\u00fcnt\u00fclemek i\u00e7in Ghostery uygulamas\u0131n\u0131 veya do\u011frudan taray\u0131c\u0131y\u0131 olarak Brave kullanabilirsiniz.<\/p><table border=\"1\" width=\"100%\" cellspacing=\"0\" cellpadding=\"0\"><tbody><tr><td valign=\"top\" width=\"139\"><p><strong>\u00c7EREZ T\u00dcR\u00dc<\/strong><\/p><\/td><td valign=\"top\" width=\"93\"><p><strong>\u00c7EREZ \u0130SM\u0130<\/strong><\/p><\/td><td valign=\"top\" width=\"308\"><p><strong>\u00c7EREZ\u0130N KULLANIM AMACI<\/strong><\/p><\/td><td valign=\"top\" width=\"137\"><p align=\"center\"><strong>B\u0130R\u0130NC\u0130 TARAF\/\u00dc\u00c7\u00dcNC\u00dc<br \/>TARAF<\/strong><\/p><\/td><\/tr><tr style=\"background-color: #eeeeee;\"><td rowspan=\"2\" valign=\"top\" width=\"139\"><p align=\"center\"><strong>\u00a0<\/strong><\/p><p align=\"center\"><strong>Analitik \u00c7erezler<\/strong><\/p><\/td><td valign=\"top\" width=\"93\"><p align=\"center\">_ga<\/p><\/td><td rowspan=\"2\" valign=\"top\" width=\"308\"><p align=\"center\">\u00dcyelerimizin\/ziyaret\u00e7ilerimizin kullan\u0131m al\u0131\u015fkanl\u0131klar\u0131n\u0131 analiz etmek ve uygulama istatistiklerini belirlemek i\u00e7in kullan\u0131lan \u00e7erezlerdir.(\u00d6rne\u011fin: Sitemizin ka\u00e7 kere a\u00e7\u0131ld\u0131\u011f\u0131, sitemizin hangi saatlerde kullan\u0131ld\u0131\u011f\u0131, sitemiz i\u00e7erisinde en \u00e7ok kullan\u0131lan b\u00f6l\u00fcmlerin neler oldu\u011fu)<\/p><\/td><td rowspan=\"2\" valign=\"top\" width=\"137\"><p align=\"center\">3<\/p><\/td><\/tr><tr style=\"background-color: #eeeeee;\"><td valign=\"top\" width=\"93\"><p align=\"center\">_gid<\/p><\/td><\/tr><tr><td rowspan=\"5\" valign=\"top\" width=\"139\"><p align=\"center\">\u00a0<\/p><p align=\"center\"><strong>Teknik \u00c7erezler<\/strong><\/p><\/td><td valign=\"top\" width=\"93\"><p align=\"center\">__dla_cc<\/p><\/td><td rowspan=\"5\" valign=\"top\" width=\"308\"><p>\u0130nternet sitesinin d\u00fczg\u00fcn \u00e7al\u0131\u015fmas\u0131n\u0131n takibi amac\u0131yla kullan\u0131lan \u00e7erezlerdir.<\/p><\/td><td rowspan=\"5\" valign=\"top\" width=\"137\"><p align=\"center\">1<\/p><\/td><\/tr><tr><td valign=\"top\" width=\"93\"><p align=\"center\">_wp-settings-*<\/p><\/td><\/tr><tr><td valign=\"top\" width=\"93\"><p align=\"center\">_wp-settings-time-*<\/p><\/td><\/tr><tr><td valign=\"top\" width=\"93\"><p align=\"center\">wpml_browser_redirect_test<\/p><\/td><\/tr><tr><td valign=\"top\" width=\"93\"><p align=\"center\">_wp-settings-time-*<\/p><\/td><\/tr><tr style=\"background-color: #eeeeee;\"><td rowspan=\"2\" valign=\"top\" width=\"139\"><p align=\"center\"><strong>\u00a0<\/strong><\/p><p align=\"center\"><strong>Ki\u015fiselle\u015ftirme \u00c7erezleri<\/strong><\/p><\/td><td valign=\"top\" width=\"93\"><p align=\"center\">pum-*<\/p><\/td><td rowspan=\"2\" valign=\"top\" width=\"308\"><p align=\"center\">Kullan\u0131c\u0131 davran\u0131\u015f ve tercihlerine g\u00f6re ki\u015fiselle\u015ftirilmi\u015f i\u00e7erik ve deneyim sunmak amac\u0131yla kullan\u0131lan \u00e7erezlerdir.<\/p><\/td><td rowspan=\"2\" valign=\"top\" width=\"137\"><p align=\"center\">1<\/p><\/td><\/tr><tr style=\"background-color: #eeeeee;\"><td valign=\"top\" width=\"93\"><p align=\"center\">_icl_visitor_lang_js<\/p><\/td><\/tr><\/tbody><\/table><\/div>\n\t\t\t\t<\/div>\n\t\t\t\t<\/div>\n\t\t\t\t\t\t<\/div>\n\t\t\t\t\t<\/div>\n\t\t<\/div>\n\t\t\t\t\t\t\t\t<\/div>\n\t\t\t\t\t<\/div>\n\t\t<\/section>\n\t\t\t\t\t\t<\/div>\n\t\t\t\t\t\t<\/div>\n\t\t\t\t\t<\/div>\n\t\t","protected":false},"excerpt":{"rendered":"<p>GARANT\u0130 G\u0130Y\u0130M KOMPOZ\u0130T TEKNOLOJ\u0130LER\u0130 SAN. VE T\u0130C.A.\u015e \u00c7EREZ POL\u0130T\u0130KASI Bu politika kapsam\u0131nda \u201c\u00c7erez\u201d kavram\u0131, \u00e7erez ve benzer amaca hizmet eden \u00fcr\u00fcnleri ifade etmektedir. . \u00c7erez Nedir? \u00c7erez, bir siteyi ziyaret etti\u011finizde sitenin bilgisayar\u0131n\u0131za veya mobil cihaz\u0131n\u0131za kaydetti\u011fi k\u00fc\u00e7\u00fck boyutlu bir metin dosyas\u0131d\u0131r. \u00c7erezler bir web sitesinin \u00e7al\u0131\u015fmas\u0131, daha verimli \u00e7al\u0131\u015fmas\u0131 veya web sitesinin sahiplerine bilgi [&hellip;]<\/p>\n","protected":false},"author":3,"featured_media":0,"parent":0,"menu_order":0,"comment_status":"closed","ping_status":"closed","template":"","meta":{"footnotes":""},"class_list":["post-11983","page","type-page","status-publish","hentry"],"_links":{"self":[{"href":"https:\/\/www.garantikompozit.com\/tr\/wp-json\/wp\/v2\/pages\/11983","targetHints":{"allow":["GET"]}}],"collection":[{"href":"https:\/\/www.garantikompozit.com\/tr\/wp-json\/wp\/v2\/pages"}],"about":[{"href":"https:\/\/www.garantikompozit.com\/tr\/wp-json\/wp\/v2\/types\/page"}],"author":[{"embeddable":true,"href":"https:\/\/www.garantikompozit.com\/tr\/wp-json\/wp\/v2\/users\/3"}],"replies":[{"embeddable":true,"href":"https:\/\/www.garantikompozit.com\/tr\/wp-json\/wp\/v2\/comments?post=11983"}],"version-history":[{"count":13,"href":"https:\/\/www.garantikompozit.com\/tr\/wp-json\/wp\/v2\/pages\/11983\/revisions"}],"predecessor-version":[{"id":18004,"href":"https:\/\/www.garantikompozit.com\/tr\/wp-json\/wp\/v2\/pages\/11983\/revisions\/18004"}],"wp:attachment":[{"href":"https:\/\/www.garantikompozit.com\/tr\/wp-json\/wp\/v2\/media?parent=11983"}],"curies":[{"name":"wp","href":"https:\/\/api.w.org\/{rel}","templated":true}]}}