{"id":5626,"date":"2019-05-20T14:01:49","date_gmt":"2019-05-20T11:01:49","guid":{"rendered":"http:\/\/test.garantikompozit.com\/?post_type=product&#038;p=5626"},"modified":"2019-08-20T11:03:49","modified_gmt":"2019-08-20T08:03:49","slug":"muhimmat-yelegi","status":"publish","type":"product","link":"http:\/\/www.garantikompozit.com\/tr\/urun\/muhimmat-yelegi\/","title":{"rendered":"M\u00fchimmat Yele\u011fi"},"content":{"rendered":"<div class=\"fl w87 ml30 argePageTitle fl mt20\">\u00dcr\u00fcn \u00d6zellikleri<\/div>\n<div class=\"fl w100 productKeyFeatures\">\n<div class=\"fl w87 productKeyFeatureWrapper\">\n<ul>\n<li>D\u0131\u015f kuma\u015f, tekst\u00fcrize poliamid 6.6, 1000 denye iplikten mam\u00fcl kaplamal\u0131 olup su ge\u00e7irmez \u00f6zelliktedir<\/li>\n<\/ul>\n<\/div>\n<\/div>\n","protected":false},"excerpt":{"rendered":"<p>M\u00fchimmat yele\u011fi; G-3 Piyade T\u00fcfe\u011fi, Kale\u015fnikof T\u00fcfek, 5,56 vb. \u015farj\u00f6rleri, silah k\u0131l\u0131f\u0131, s\u0131rt \u00e7antas\u0131, matara k\u0131l\u0131f\u0131 ta\u015f\u0131mak i\u00e7in kullan\u0131lmaktad\u0131r. D\u0131\u015f kuma\u015f, astar, \u015ferit kolon, ayar tokas\u0131 ve s\u00fcngerden imal edilmi\u015f olup m\u00fc\u015fteri talebine g\u00f6re de\u011fi\u015fik \u015farj\u00f6r ve aksesuarlar ilave edilebilir.<\/p>\n","protected":false},"featured_media":5637,"template":"","meta":[],"class_list":["post-5626","product","type-product","status-publish","has-post-thumbnail","hentry","product_cat-fonksiyonel-ic-ve-dis-giyim","product_cat-tasiyici-yelek","product_cat-tasiyici-yelekler-ve-sirt-cantalari"],"_links":{"self":[{"href":"http:\/\/www.garantikompozit.com\/tr\/wp-json\/wp\/v2\/product\/5626","targetHints":{"allow":["GET"]}}],"collection":[{"href":"http:\/\/www.garantikompozit.com\/tr\/wp-json\/wp\/v2\/product"}],"about":[{"href":"http:\/\/www.garantikompozit.com\/tr\/wp-json\/wp\/v2\/types\/product"}],"wp:featuredmedia":[{"embeddable":true,"href":"http:\/\/www.garantikompozit.com\/tr\/wp-json\/wp\/v2\/media\/5637"}],"wp:attachment":[{"href":"http:\/\/www.garantikompozit.com\/tr\/wp-json\/wp\/v2\/media?parent=5626"}],"curies":[{"name":"wp","href":"https:\/\/api.w.org\/{rel}","templated":true}]}}