{"id":15456,"date":"2021-10-13T01:04:23","date_gmt":"2021-10-12T20:08:10","guid":{"rendered":"https:\/\/www.garantikompozit.com\/?post_type=product&#038;p=15456"},"modified":"2021-10-15T14:50:50","modified_gmt":"2021-10-15T11:50:50","slug":"balistik-koruyucu-plaka-11","status":"publish","type":"product","link":"http:\/\/www.garantikompozit.com\/tr\/urun\/balistik-koruyucu-plaka-11\/","title":{"rendered":"GRBP-1001-XL"},"content":{"rendered":"<div class=\"fl w87 ml30 argePageTitle fl mt20\">\u00dcr\u00fcn \u00d6zellikleri<\/div>\n<div class=\"fl w100 productKeyFeatures\">\n<div class=\"fl w87 productKeyFeatureWrapper\">\n<table style=\"height: 127px;\" border=\"0\" width=\"485\" cellspacing=\"0\" cellpadding=\"0\">\n<colgroup>\n<col \/>\n<col \/><\/colgroup>\n<tbody>\n<tr>\n<td height=\"20\"><strong>\u00a0\u00d6l\u00e7\u00fcler<\/strong><\/td>\n<td><span style=\"font-weight: 400;\">270 x 320 mm<\/span><\/td>\n<\/tr>\n<tr>\n<td height=\"20\"><strong>Koruma Seviyesi<\/strong><\/td>\n<td><span style=\"font-weight: 400;\">NIJ0101.06 Seviye IV<\/span><\/td>\n<\/tr>\n<tr>\n<td height=\"20\"><strong>At\u0131\u015f Say\u0131s\u0131<\/strong><\/td>\n<td><span style=\"font-weight: 400;\">3<\/span><\/td>\n<\/tr>\n<tr>\n<td height=\"20\"><b>ICW \/ SA<\/b><\/td>\n<td><span style=\"font-weight: 400;\">SA<\/span><\/td>\n<\/tr>\n<tr>\n<td height=\"20\"><b>A\u011f\u0131rl\u0131k<\/b><\/td>\n<td><span style=\"font-weight: 400;\">3150+\/-50 gr<\/span><\/td>\n<\/tr>\n<tr>\n<td height=\"20\"><b>E\u011fim<\/b><\/td>\n<td><span style=\"font-weight: 400;\">\u00c7ift<\/span><\/td>\n<\/tr>\n<\/tbody>\n<\/table>\n<\/div>\n<\/div>\n","protected":false},"excerpt":{"rendered":"<p><span style=\"font-weight: 400;\">* <\/span><b>ICW: <\/b>NIJO101.06 Seviye IIIA yumu\u015fak yelek ile birlikte koruma sa\u011flar.<\/p>\n<p><b>* SA:<\/b> Tek ba\u015f\u0131na koruma sa\u011flar.<\/p>\n","protected":false},"featured_media":15970,"template":"","meta":[],"class_list":["post-15456","product","type-product","status-publish","has-post-thumbnail","hentry","product_cat-balistik-koruyucu-sistemler","product_cat-balistik-koruyucu-plakalar"],"_links":{"self":[{"href":"http:\/\/www.garantikompozit.com\/tr\/wp-json\/wp\/v2\/product\/15456","targetHints":{"allow":["GET"]}}],"collection":[{"href":"http:\/\/www.garantikompozit.com\/tr\/wp-json\/wp\/v2\/product"}],"about":[{"href":"http:\/\/www.garantikompozit.com\/tr\/wp-json\/wp\/v2\/types\/product"}],"wp:featuredmedia":[{"embeddable":true,"href":"http:\/\/www.garantikompozit.com\/tr\/wp-json\/wp\/v2\/media\/15970"}],"wp:attachment":[{"href":"http:\/\/www.garantikompozit.com\/tr\/wp-json\/wp\/v2\/media?parent=15456"}],"curies":[{"name":"wp","href":"https:\/\/api.w.org\/{rel}","templated":true}]}}