{"id":14113,"date":"2021-04-08T22:20:19","date_gmt":"2021-04-08T19:20:19","guid":{"rendered":"https:\/\/www.garantikompozit.com\/urun\/ballistic-vest-4\/"},"modified":"2021-04-08T22:20:46","modified_gmt":"2021-04-08T19:20:46","slug":"ballistic-vest-4","status":"publish","type":"product","link":"http:\/\/www.garantikompozit.com\/tr\/urun\/ballistic-vest-4\/","title":{"rendered":"BALLISTIC VEST"},"content":{"rendered":"<ul>\n<li>Model No \u2013 GG-NIJ6-IIIA-PT1016<\/li>\n<li>D\u0131\u015f balistik yelek<\/li>\n<li>Omuzlardan ve belden hassas ayarlanabilir<\/li>\n<li>Beden : S\/M\/L\/XL\/XXL<\/li>\n<li>Koruma seviyesi : NIJ Level IIIA<\/li>\n<li>Ta\u015f\u0131y\u0131c\u0131 bo\u015f a\u011f\u0131rl\u0131\u011f\u0131 :750 gram<\/li>\n<li>Yelek a\u011f\u0131rl\u0131\u011f\u0131 (L beden) : 2500 gram<\/li>\n<li>Yelek koruma alan\u0131 (L beden ) : 33 dm\u00b2<\/li>\n<li>D\u0131\u015f kuma\u015f : Polyamid 6.6 300D<\/li>\n<li>Aksesuarlar: Yok<\/li>\n<li>Plaka cepleri : \u00d6n, arka<\/li>\n<\/ul>\n","protected":false},"excerpt":{"rendered":"<p>Model No \u2013 GG-NIJ6-IIIA-PT1016 D\u0131\u015f balistik yelek Omuzlardan ve belden hassas ayarlanabilir Beden : S\/M\/L\/XL\/XXL Koruma seviyesi : NIJ Level IIIA Ta\u015f\u0131y\u0131c\u0131 bo\u015f a\u011f\u0131rl\u0131\u011f\u0131 :750 gram Yelek a\u011f\u0131rl\u0131\u011f\u0131 (L beden) : 2500 gram Yelek koruma alan\u0131 (L beden ) : 33 dm\u00b2 D\u0131\u015f kuma\u015f : Polyamid 6.6 300D Aksesuarlar: Yok Plaka cepleri : \u00d6n, arka<\/p>\n","protected":false},"featured_media":0,"template":"","meta":[],"class_list":["post-14113","product","type-product","status-publish","hentry","product_cat-balistik-koruyucu-sistemler"],"_links":{"self":[{"href":"http:\/\/www.garantikompozit.com\/tr\/wp-json\/wp\/v2\/product\/14113","targetHints":{"allow":["GET"]}}],"collection":[{"href":"http:\/\/www.garantikompozit.com\/tr\/wp-json\/wp\/v2\/product"}],"about":[{"href":"http:\/\/www.garantikompozit.com\/tr\/wp-json\/wp\/v2\/types\/product"}],"wp:attachment":[{"href":"http:\/\/www.garantikompozit.com\/tr\/wp-json\/wp\/v2\/media?parent=14113"}],"curies":[{"name":"wp","href":"https:\/\/api.w.org\/{rel}","templated":true}]}}